{"id":44341,"date":"2025-06-15T18:30:00","date_gmt":"2025-06-15T18:30:00","guid":{"rendered":"https:\/\/www.vzngrup.com.tr\/?post_type=product&#038;p=44341"},"modified":"2025-06-15T18:32:10","modified_gmt":"2025-06-15T18:32:10","slug":"tekirdag-istanbul-ozel-minibus-transferi","status":"publish","type":"product","link":"https:\/\/www.vzngrup.com.tr\/fa\/product\/tekirdag-istanbul-ozel-minibus-transferi\/","title":{"rendered":"\u062a\u0631\u0627\u0646\u0633\u0641\u0631 \u0645\u06cc\u0646\u06cc \u0628\u0648\u0633 \u062e\u0635\u0648\u0635\u06cc \u062a\u06a9\u06cc\u0631\u062f\u0627\u063a - \u0627\u0633\u062a\u0627\u0646\u0628\u0648\u0644"},"content":{"rendered":"<p data-sourcepos=\"4:1-4:429\">Tekirda\u011f\u00a0\u00a0 &#8211; \u0130stanbul \u00d6zel Minib\u00fcs Transferi \u00a0Merkez&#8217;den \u0130stanbul Merkez&#8217;e veya tersi istikamette, size \u00f6zel tasarlanm\u0131\u015f <strong>\u0645\u06cc\u0646\u06cc\u200c\u0628\u0648\u0633 \u0644\u0648\u06a9\u0633 \u06f1\u06f6 \u0646\u0641\u0631\u0647<\/strong> \u0628\u0627 \u062e\u062f\u0645\u0627\u062a \u062a\u0631\u0627\u0646\u0633\u0641\u0631 \u0645\u0627\u060c \u0633\u0641\u0631\u06cc \u0631\u0627\u062d\u062a \u0648 \u0627\u06cc\u0645\u0646 \u0631\u0627 \u062a\u062c\u0631\u0628\u0647 \u06a9\u0646\u06cc\u062f. \u0628\u0631\u0627\u06cc \u0633\u0641\u0631\u0647\u0627\u06cc \u0628\u06cc\u0646 \u0634\u0647\u0631\u06cc \u0634\u0645\u0627 <strong>\u062a\u0644\u0648\u06cc\u0632\u06cc\u0648\u0646 LCD\u060c \u06cc\u062e\u0686\u0627\u0644 \u0648 \u0633\u06cc\u0633\u062a\u0645 \u0686\u0646\u062f\u0631\u0633\u0627\u0646\u0647\u200c\u0627\u06cc<\/strong> \u0627\u0632 \u0627\u0645\u06a9\u0627\u0646\u0627\u062a\u0634 \u0644\u0630\u062a \u0628\u0628\u0631\u060c <strong>\u0646\u0648\u0631\u067e\u0631\u062f\u0627\u0632\u06cc LED \u0642\u0627\u0628\u0644 \u062a\u0646\u0638\u06cc\u0645<\/strong> \u0628\u0627 \u0641\u0636\u0627\u06cc \u062f\u0627\u062e\u0644\u06cc \u062c\u0627\u062f\u0627\u0631 \u0648 \u0634\u06cc\u06a9\u060c \u0641\u0636\u0627\u06cc\u06cc \u0631\u0627 \u06a9\u0647 \u0645\u06cc\u200c\u062e\u0648\u0627\u0647\u06cc\u062f \u0627\u06cc\u062c\u0627\u062f \u06a9\u0646\u06cc\u062f <strong>\u0638\u0631\u0641\u06cc\u062a \u0628\u0627\u0631 \u06f1\u06f6<\/strong> \u0634\u0645\u0627 \u0628\u0647 \u0631\u0627\u062d\u062a\u06cc \u0645\u06cc\u200c\u062a\u0648\u0627\u0646\u06cc\u062f \u062a\u0645\u0627\u0645 \u0648\u0633\u0627\u06cc\u0644 \u062e\u0648\u062f \u0631\u0627 \u062d\u0645\u0644 \u06a9\u0646\u06cc\u062f.<\/p>\n<p data-sourcepos=\"6:1-6:296\"><strong>\u06f2\u06f4 \u0633\u0627\u0639\u062a\u0647 \u0648 \u0647\u0631 \u0632\u0645\u0627\u0646 \u06a9\u0647 \u0628\u062e\u0648\u0627\u0647\u06cc\u062f<\/strong> \u0648\u0633\u06cc\u0644\u0647 \u0646\u0642\u0644\u06cc\u0647 \u0634\u0645\u0627 \u0628\u0631\u0627\u06cc \u0634\u0645\u0627 \u0622\u0645\u0627\u062f\u0647 \u062e\u0648\u0627\u0647\u062f \u0628\u0648\u062f. <strong>\u0627\u0646\u062a\u0642\u0627\u0644 \u0627\u0632 \u0622\u062f\u0631\u0633\u06cc \u0628\u0647 \u0622\u062f\u0631\u0633 \u062f\u06cc\u06af\u0631<\/strong> \u0634\u0645\u0627 \u0627\u0632 \u062f\u0631\u0628 \u0645\u0646\u0632\u0644\u062a\u0627\u0646 \u0633\u0648\u0627\u0631 \u0634\u062f\u0647 \u0648 \u0628\u062f\u0648\u0646 \u067e\u0631\u062f\u0627\u062e\u062a \u0647\u06cc\u0686 \u0647\u0632\u06cc\u0646\u0647 \u0627\u0636\u0627\u0641\u06cc \u062f\u0631 \u0645\u0642\u0635\u062f \u067e\u06cc\u0627\u062f\u0647 \u062e\u0648\u0627\u0647\u06cc\u062f \u0634\u062f. \u062f\u0631 \u0637\u0648\u0644 \u0633\u0641\u0631 <strong>\u0647\u0631 \u0648\u0642\u062a \u062e\u0648\u0627\u0633\u062a\u06cc \u0627\u0633\u062a\u0631\u0627\u062d\u062a \u06a9\u0646<\/strong> \u0634\u0645\u0627 \u0645\u06cc\u200c\u062a\u0648\u0627\u0646\u06cc\u062f \u0628\u0627 \u062e\u06cc\u0627\u0644 \u0631\u0627\u062d\u062a \u0627\u0632 \u0633\u0641\u0631 \u062e\u0648\u062f \u0644\u0630\u062a \u0628\u0628\u0631\u06cc\u062f.<\/p>\n<p data-sourcepos=\"8:1-8:21\"><strong>\u062c\u0632\u0626\u06cc\u0627\u062a \u062e\u062f\u0645\u0627\u062a:<\/strong><\/p>\n<ul data-sourcepos=\"9:1-14:0\">\n<li data-sourcepos=\"9:1-9:39\"><strong>\u0638\u0631\u0641\u06cc\u062a:<\/strong> \u0645\u06cc\u0646\u06cc\u200c\u0628\u0648\u0633 \u0644\u0648\u06a9\u0633 \u06f1\u06f6 \u0646\u0641\u0631\u0647<\/li>\n<li data-sourcepos=\"10:1-10:31\"><strong>\u0638\u0631\u0641\u06cc\u062a \u0686\u0645\u062f\u0627\u0646:<\/strong> \u06f1\u06f6 \u0642\u0637\u0639\u0647<\/li>\n<li data-sourcepos=\"11:1-11:104\"><strong>\u0648\u06cc\u0698\u06af\u06cc\u200c\u0647\u0627:<\/strong> \u062a\u0644\u0648\u06cc\u0632\u06cc\u0648\u0646 LCD\u060c \u06cc\u062e\u0686\u0627\u0644\u060c \u0633\u06cc\u0633\u062a\u0645 \u0686\u0646\u062f\u0631\u0633\u0627\u0646\u0647\u200c\u0627\u06cc\u060c \u0631\u0648\u0634\u0646\u0627\u06cc\u06cc LED \u0642\u0627\u0628\u0644 \u062a\u0646\u0638\u06cc\u0645\u060c \u0641\u0636\u0627\u06cc \u0628\u0632\u0631\u06af \u0628\u0631\u0627\u06cc \u0686\u0645\u062f\u0627\u0646<\/li>\n<li data-sourcepos=\"12:1-12:67\"><strong>\u0627\u0646\u0639\u0637\u0627\u0641\u200c\u067e\u0630\u06cc\u0631\u06cc:<\/strong> \u0627\u0645\u06a9\u0627\u0646 \u0627\u0633\u062a\u0631\u0627\u062d\u062a \u062f\u0631 \u0647\u0631 \u0632\u0645\u0627\u0646 \u0648 \u0645\u06a9\u0627\u0646\u06cc \u06a9\u0647 \u0628\u062e\u0648\u0627\u0647\u06cc\u062f<\/li>\n<li data-sourcepos=\"13:1-14:0\"><strong>\u0628\u062f\u0648\u0646 \u0647\u0632\u06cc\u0646\u0647 \u0627\u0636\u0627\u0641\u06cc:<\/strong> \u0628\u0631\u0627\u06cc \u0633\u0631\u0648\u06cc\u0633 \u0627\u0646\u062a\u0642\u0627\u0644 \u0622\u062f\u0631\u0633 \u0628\u0647 \u0622\u062f\u0631\u0633\u060c \u0647\u06cc\u0686 \u0647\u0632\u06cc\u0646\u0647 \u0627\u0636\u0627\u0641\u06cc \u0644\u0627\u0632\u0645 \u0646\u06cc\u0633\u062a.<\/li>\n<\/ul>\n<p data-sourcepos=\"15:1-15:129\">\u0634\u0645\u0627 \u0645\u06cc\u200c\u062a\u0648\u0627\u0646\u06cc\u062f \u0627\u0632 \u0641\u0631\u0645 \u0642\u06cc\u0645\u062a\u200c\u06af\u0630\u0627\u0631\u06cc \u0628\u0631\u0627\u06cc \u06af\u0632\u06cc\u0646\u0647\u200c\u0647\u0627\u06cc \u0645\u062e\u062a\u0644\u0641 \u062e\u0648\u062f\u0631\u0648 \u0648 \u0642\u06cc\u0645\u062a\u200c\u06af\u0630\u0627\u0631\u06cc \u062f\u0642\u06cc\u0642 \u0627\u0633\u062a\u0641\u0627\u062f\u0647 \u06a9\u0646\u06cc\u062f. ( <a href=\"https:\/\/www.vzngrup.com.tr\/sehirler-arasi-transfer\/\">\u0631\u0641\u062a\u0646 \u0628\u0647 \u0635\u0641\u062d\u0647<\/a> )<\/p>\n<p data-sourcepos=\"15:1-15:129\">\u0634\u0645\u0627 \u0645\u06cc\u200c\u062a\u0648\u0627\u0646\u06cc\u062f \u0628\u0631\u0627\u06cc \u062e\u0631\u06cc\u062f \u0648\u0646 \u0644\u0648\u06a9\u0633 VIP (\u0645\u0631\u0633\u062f\u0633 \u0628\u0646\u0632 \u0648\u06cc\u062a\u0648) \u0628\u0647 \u0641\u0631\u0648\u0634\u06af\u0627\u0647 \u0645\u0631\u0627\u062c\u0639\u0647 \u06a9\u0646\u06cc\u062f. ( <a href=\"https:\/\/www.vzngrup.com.tr\/product-category\/sehirler-arasi-transfer\/luks-vip-van-sehirler-arasi-transfer\/\">\u0631\u0641\u062a\u0646 \u0628\u0647 \u0635\u0641\u062d\u0647<\/a> )<\/p>\n<p data-sourcepos=\"15:1-15:129\">\u0628\u0631\u0627\u06cc \u0646\u06cc\u0627\u0632\u0647\u0627\u06cc \u062d\u0645\u0644 \u0648 \u0646\u0642\u0644 \u062e\u0648\u062f \u0628\u0647 \u0634\u0647\u0631\u0647\u0627\u06cc \u062f\u06cc\u06af\u0631\u060c \u0627\u0632 \u0641\u0631\u0648\u0634\u06af\u0627\u0647 \u0645\u0627 \u062f\u06cc\u062f\u0646 \u06a9\u0646\u06cc\u062f ( <a href=\"https:\/\/www.vzngrup.com.tr\/product-category\/sehirler-arasi-transfer\/\">\u0631\u0641\u062a\u0646 \u0628\u0647 \u0635\u0641\u062d\u0647<\/a> )<\/p>\n<p data-sourcepos=\"15:1-15:129\"><span style=\"vertical-align: inherit\"><span style=\"vertical-align: inherit\">\u0648\u0627\u062a\u0633\u200c\u0627\u067e: +\u06f9\u06f0 \u06f8\u06f5\u06f0 \u06f2\u06f5\u06f5 \u06f0 \u06f7\u06f8\u06f9<\/span><\/span><\/p>\n<p data-sourcepos=\"15:1-15:129\"><span style=\"vertical-align: inherit\"><span style=\"vertical-align: inherit\">\u0627\u06cc\u0645\u06cc\u0644: reservation@vzngrup.com<\/span><\/span><\/p>","protected":false},"excerpt":{"rendered":"<h5 data-sourcepos=\"2:1-2:56\">Tekirda\u011f\u00a0\u00a0 &#8211; \u0130stanbul \u00d6zel Minib\u00fcs Transferi (16 Ki\u015filik)<\/h5>","protected":false},"featured_media":43975,"comment_status":"open","ping_status":"closed","template":"","meta":{"_monsterinsights_skip_tracking":false,"_monsterinsights_sitenote_active":false,"_monsterinsights_sitenote_note":"","_monsterinsights_sitenote_category":0,"_uf_show_specific_survey":0,"_uf_disable_surveys":false},"product_brand":[],"product_cat":[7534,561,1184],"product_tag":[1126,7540,1396,7541,7537,7539,7542,7536,1399,1760,7691,1356,7544],"class_list":{"0":"post-44341","1":"product","2":"type-product","3":"status-publish","4":"has-post-thumbnail","6":"product_cat-16-kisilik-minibus-2","7":"product_cat-genel","8":"product_cat-sehirler-arasi-transfer","9":"product_tag-16-kisilik-minibus","10":"product_tag-genis-bagaj-kapasiteli-minibus","11":"product_tag-istanbul-transfer-hizmeti","12":"product_tag-konforlu-yolculuk","13":"product_tag-luks-minibus-kiralama","14":"product_tag-minibus-kiralama-soforlu","15":"product_tag-ozel-arac-transfer","16":"product_tag-ozel-minibus-transfer","17":"product_tag-sehirler-arasi-transfer","18":"product_tag-tekirdag-istanbul-transferi","19":"product_tag-tekirdag-minibus-transfer","20":"product_tag-transfer-hizmetleri","21":"product_tag-vip-minibus-transfer","24":"first","25":"instock","26":"sale","27":"taxable","28":"shipping-taxable","29":"purchasable","30":"product-type-simple"},"yoast_head":"<!-- This site is optimized with the Yoast SEO plugin v27.4 - https:\/\/yoast.com\/product\/yoast-seo-wordpress\/ -->\n<title>Tekirda\u011f - \u0130stanbul \u00d6zel Minib\u00fcs Transferi - VZN GRUP<\/title>\n<meta name=\"description\" content=\"Tekirda\u011f - \u0130stanbul aras\u0131 16 ki\u015filik \u00f6zel minib\u00fcs transferi. L\u00fcks ara\u00e7lar\u0131m\u0131zla, LCD TV, buzdolab\u0131 ve geni\u015f bagaj alan\u0131yla konforlu adresten adrese seyahat edin.\" \/>\n<meta name=\"robots\" content=\"index, follow, max-snippet:-1, max-image-preview:large, max-video-preview:-1\" \/>\n<link rel=\"canonical\" href=\"https:\/\/www.vzngrup.com.tr\/fa\/product\/tekirdag-istanbul-ozel-minibus-transferi\/\" \/>\n<meta property=\"og:locale\" content=\"fa_IR\" \/>\n<meta property=\"og:type\" content=\"article\" \/>\n<meta property=\"og:title\" content=\"Tekirda\u011f - \u0130stanbul \u00d6zel Minib\u00fcs Transferi - VZN GRUP\" \/>\n<meta property=\"og:description\" content=\"Tekirda\u011f - \u0130stanbul aras\u0131 16 ki\u015filik \u00f6zel minib\u00fcs transferi. L\u00fcks ara\u00e7lar\u0131m\u0131zla, LCD TV, buzdolab\u0131 ve geni\u015f bagaj alan\u0131yla konforlu adresten adrese seyahat edin.\" \/>\n<meta property=\"og:url\" content=\"https:\/\/www.vzngrup.com.tr\/fa\/product\/tekirdag-istanbul-ozel-minibus-transferi\/\" \/>\n<meta property=\"og:site_name\" content=\"VZN GRUP\" \/>\n<meta property=\"article:publisher\" content=\"https:\/\/www.facebook.com\/vzngrup\/\" \/>\n<meta property=\"article:modified_time\" content=\"2025-06-15T18:32:10+00:00\" \/>\n<meta property=\"og:image\" content=\"https:\/\/www.vzngrup.com.tr\/wp-content\/uploads\/2025\/06\/Gemini_Generated_Image_sayupasayupasayu-1024x1024.png\" \/>\n\t<meta property=\"og:image:width\" content=\"1024\" \/>\n\t<meta property=\"og:image:height\" content=\"1024\" \/>\n\t<meta property=\"og:image:type\" content=\"image\/png\" \/>\n<meta name=\"twitter:card\" content=\"summary_large_image\" \/>\n<meta name=\"twitter:site\" content=\"@VznVito\" \/>\n<meta name=\"twitter:label1\" content=\"\u0632\u0645\u0627\u0646 \u062a\u0642\u0631\u06cc\u0628\u06cc \u0628\u0631\u0627\u06cc \u062e\u0648\u0627\u0646\u062f\u0646\" \/>\n\t<meta name=\"twitter:data1\" content=\"2 \u062f\u0642\u06cc\u0642\u0647\" \/>\n<script type=\"application\/ld+json\" class=\"yoast-schema-graph\">{\"@context\":\"https:\\\/\\\/schema.org\",\"@graph\":[{\"@type\":\"WebPage\",\"@id\":\"https:\\\/\\\/www.vzngrup.com.tr\\\/urun\\\/tekirdag-istanbul-ozel-minibus-transferi\\\/\",\"url\":\"https:\\\/\\\/www.vzngrup.com.tr\\\/urun\\\/tekirdag-istanbul-ozel-minibus-transferi\\\/\",\"name\":\"Tekirda\u011f - \u0130stanbul \u00d6zel Minib\u00fcs Transferi - VZN GRUP\",\"isPartOf\":{\"@id\":\"https:\\\/\\\/www.vzngrup.com.tr\\\/#website\"},\"primaryImageOfPage\":{\"@id\":\"https:\\\/\\\/www.vzngrup.com.tr\\\/urun\\\/tekirdag-istanbul-ozel-minibus-transferi\\\/#primaryimage\"},\"image\":{\"@id\":\"https:\\\/\\\/www.vzngrup.com.tr\\\/urun\\\/tekirdag-istanbul-ozel-minibus-transferi\\\/#primaryimage\"},\"thumbnailUrl\":\"https:\\\/\\\/www.vzngrup.com.tr\\\/wp-content\\\/uploads\\\/2025\\\/06\\\/Gemini_Generated_Image_sayupasayupasayu.png\",\"datePublished\":\"2025-06-15T18:30:00+00:00\",\"dateModified\":\"2025-06-15T18:32:10+00:00\",\"description\":\"Tekirda\u011f - \u0130stanbul aras\u0131 16 ki\u015filik \u00f6zel minib\u00fcs transferi. L\u00fcks ara\u00e7lar\u0131m\u0131zla, LCD TV, buzdolab\u0131 ve geni\u015f bagaj alan\u0131yla konforlu adresten adrese seyahat edin.\",\"breadcrumb\":{\"@id\":\"https:\\\/\\\/www.vzngrup.com.tr\\\/urun\\\/tekirdag-istanbul-ozel-minibus-transferi\\\/#breadcrumb\"},\"inLanguage\":\"fa-IR\",\"potentialAction\":[{\"@type\":\"ReadAction\",\"target\":[\"https:\\\/\\\/www.vzngrup.com.tr\\\/urun\\\/tekirdag-istanbul-ozel-minibus-transferi\\\/\"]}]},{\"@type\":\"ImageObject\",\"inLanguage\":\"fa-IR\",\"@id\":\"https:\\\/\\\/www.vzngrup.com.tr\\\/urun\\\/tekirdag-istanbul-ozel-minibus-transferi\\\/#primaryimage\",\"url\":\"https:\\\/\\\/www.vzngrup.com.tr\\\/wp-content\\\/uploads\\\/2025\\\/06\\\/Gemini_Generated_Image_sayupasayupasayu.png\",\"contentUrl\":\"https:\\\/\\\/www.vzngrup.com.tr\\\/wp-content\\\/uploads\\\/2025\\\/06\\\/Gemini_Generated_Image_sayupasayupasayu.png\",\"width\":2048,\"height\":2048},{\"@type\":\"BreadcrumbList\",\"@id\":\"https:\\\/\\\/www.vzngrup.com.tr\\\/urun\\\/tekirdag-istanbul-ozel-minibus-transferi\\\/#breadcrumb\",\"itemListElement\":[{\"@type\":\"ListItem\",\"position\":1,\"name\":\"Anasayfa\",\"item\":\"https:\\\/\\\/www.vzngrup.com.tr\\\/\"},{\"@type\":\"ListItem\",\"position\":2,\"name\":\"Shop\",\"item\":\"https:\\\/\\\/www.vzngrup.com.tr\\\/it\\\/shop\\\/\"},{\"@type\":\"ListItem\",\"position\":3,\"name\":\"Tekirda\u011f &#8211; \u0130stanbul \u00d6zel Minib\u00fcs Transferi\"}]},{\"@type\":\"WebSite\",\"@id\":\"https:\\\/\\\/www.vzngrup.com.tr\\\/#website\",\"url\":\"https:\\\/\\\/www.vzngrup.com.tr\\\/\",\"name\":\"VZN GRUP\",\"description\":\"Her An\u0131 \u00f6zel K\u0131l\u0131n.!\",\"publisher\":{\"@id\":\"https:\\\/\\\/www.vzngrup.com.tr\\\/#organization\"},\"potentialAction\":[{\"@type\":\"SearchAction\",\"target\":{\"@type\":\"EntryPoint\",\"urlTemplate\":\"https:\\\/\\\/www.vzngrup.com.tr\\\/?s={search_term_string}\"},\"query-input\":{\"@type\":\"PropertyValueSpecification\",\"valueRequired\":true,\"valueName\":\"search_term_string\"}}],\"inLanguage\":\"fa-IR\"},{\"@type\":\"Organization\",\"@id\":\"https:\\\/\\\/www.vzngrup.com.tr\\\/#organization\",\"name\":\"VZN GRUP\",\"url\":\"https:\\\/\\\/www.vzngrup.com.tr\\\/\",\"logo\":{\"@type\":\"ImageObject\",\"inLanguage\":\"fa-IR\",\"@id\":\"https:\\\/\\\/www.vzngrup.com.tr\\\/#\\\/schema\\\/logo\\\/image\\\/\",\"url\":\"https:\\\/\\\/www.vzngrup.com.tr\\\/wp-content\\\/uploads\\\/2019\\\/06\\\/cropped-512x512-altin-logo.png\",\"contentUrl\":\"https:\\\/\\\/www.vzngrup.com.tr\\\/wp-content\\\/uploads\\\/2019\\\/06\\\/cropped-512x512-altin-logo.png\",\"width\":512,\"height\":512,\"caption\":\"VZN GRUP\"},\"image\":{\"@id\":\"https:\\\/\\\/www.vzngrup.com.tr\\\/#\\\/schema\\\/logo\\\/image\\\/\"},\"sameAs\":[\"https:\\\/\\\/www.facebook.com\\\/vzngrup\\\/\",\"https:\\\/\\\/x.com\\\/VznVito\",\"https:\\\/\\\/vk.com\\\/id842151981\",\"https:\\\/\\\/www.tripadvisor.com.tr\\\/Attraction_Review-g293974-d27724358-Reviews-VZN_GROUP-Istanbul.html\",\"https:\\\/\\\/www.linkedin.com\\\/search\\\/results\\\/all\\\/?heroEntityKey=urnliorganization88964084&keywords=VZNGRUPTURZMYATIRIMA..&origin=ENTITY_SEARCH_HOME_HISTORY&sid=9ei\",\"https:\\\/\\\/www.youtube.com\\\/@vzngrupturizmyatirima.s\",\"https:\\\/\\\/www.instagram.com\\\/vzngrup\\\/\"]}]}<\/script>\n<!-- \/ Yoast SEO plugin. -->","yoast_head_json":{"title":"Tekirda\u011f - \u0130stanbul \u00d6zel Minib\u00fcs Transferi - VZN GRUP","description":"Tekirda\u011f - \u0130stanbul aras\u0131 16 ki\u015filik \u00f6zel minib\u00fcs transferi. L\u00fcks ara\u00e7lar\u0131m\u0131zla, LCD TV, buzdolab\u0131 ve geni\u015f bagaj alan\u0131yla konforlu adresten adrese seyahat edin.","robots":{"index":"index","follow":"follow","max-snippet":"max-snippet:-1","max-image-preview":"max-image-preview:large","max-video-preview":"max-video-preview:-1"},"canonical":"https:\/\/www.vzngrup.com.tr\/fa\/product\/tekirdag-istanbul-ozel-minibus-transferi\/","og_locale":"fa_IR","og_type":"article","og_title":"Tekirda\u011f - \u0130stanbul \u00d6zel Minib\u00fcs Transferi - VZN GRUP","og_description":"Tekirda\u011f - \u0130stanbul aras\u0131 16 ki\u015filik \u00f6zel minib\u00fcs transferi. L\u00fcks ara\u00e7lar\u0131m\u0131zla, LCD TV, buzdolab\u0131 ve geni\u015f bagaj alan\u0131yla konforlu adresten adrese seyahat edin.","og_url":"https:\/\/www.vzngrup.com.tr\/fa\/product\/tekirdag-istanbul-ozel-minibus-transferi\/","og_site_name":"VZN GRUP","article_publisher":"https:\/\/www.facebook.com\/vzngrup\/","article_modified_time":"2025-06-15T18:32:10+00:00","og_image":[{"width":1024,"height":1024,"url":"https:\/\/www.vzngrup.com.tr\/wp-content\/uploads\/2025\/06\/Gemini_Generated_Image_sayupasayupasayu-1024x1024.png","type":"image\/png"}],"twitter_card":"summary_large_image","twitter_site":"@VznVito","twitter_misc":{"\u0632\u0645\u0627\u0646 \u062a\u0642\u0631\u06cc\u0628\u06cc \u0628\u0631\u0627\u06cc \u062e\u0648\u0627\u0646\u062f\u0646":"2 \u062f\u0642\u06cc\u0642\u0647"},"schema":{"@context":"https:\/\/schema.org","@graph":[{"@type":"WebPage","@id":"https:\/\/www.vzngrup.com.tr\/urun\/tekirdag-istanbul-ozel-minibus-transferi\/","url":"https:\/\/www.vzngrup.com.tr\/urun\/tekirdag-istanbul-ozel-minibus-transferi\/","name":"Tekirda\u011f - \u0130stanbul \u00d6zel Minib\u00fcs Transferi - VZN GRUP","isPartOf":{"@id":"https:\/\/www.vzngrup.com.tr\/#website"},"primaryImageOfPage":{"@id":"https:\/\/www.vzngrup.com.tr\/urun\/tekirdag-istanbul-ozel-minibus-transferi\/#primaryimage"},"image":{"@id":"https:\/\/www.vzngrup.com.tr\/urun\/tekirdag-istanbul-ozel-minibus-transferi\/#primaryimage"},"thumbnailUrl":"https:\/\/www.vzngrup.com.tr\/wp-content\/uploads\/2025\/06\/Gemini_Generated_Image_sayupasayupasayu.png","datePublished":"2025-06-15T18:30:00+00:00","dateModified":"2025-06-15T18:32:10+00:00","description":"Tekirda\u011f - \u0130stanbul aras\u0131 16 ki\u015filik \u00f6zel minib\u00fcs transferi. L\u00fcks ara\u00e7lar\u0131m\u0131zla, LCD TV, buzdolab\u0131 ve geni\u015f bagaj alan\u0131yla konforlu adresten adrese seyahat edin.","breadcrumb":{"@id":"https:\/\/www.vzngrup.com.tr\/urun\/tekirdag-istanbul-ozel-minibus-transferi\/#breadcrumb"},"inLanguage":"fa-IR","potentialAction":[{"@type":"ReadAction","target":["https:\/\/www.vzngrup.com.tr\/urun\/tekirdag-istanbul-ozel-minibus-transferi\/"]}]},{"@type":"ImageObject","inLanguage":"fa-IR","@id":"https:\/\/www.vzngrup.com.tr\/urun\/tekirdag-istanbul-ozel-minibus-transferi\/#primaryimage","url":"https:\/\/www.vzngrup.com.tr\/wp-content\/uploads\/2025\/06\/Gemini_Generated_Image_sayupasayupasayu.png","contentUrl":"https:\/\/www.vzngrup.com.tr\/wp-content\/uploads\/2025\/06\/Gemini_Generated_Image_sayupasayupasayu.png","width":2048,"height":2048},{"@type":"BreadcrumbList","@id":"https:\/\/www.vzngrup.com.tr\/urun\/tekirdag-istanbul-ozel-minibus-transferi\/#breadcrumb","itemListElement":[{"@type":"ListItem","position":1,"name":"Anasayfa","item":"https:\/\/www.vzngrup.com.tr\/"},{"@type":"ListItem","position":2,"name":"Shop","item":"https:\/\/www.vzngrup.com.tr\/it\/shop\/"},{"@type":"ListItem","position":3,"name":"Tekirda\u011f &#8211; \u0130stanbul \u00d6zel Minib\u00fcs Transferi"}]},{"@type":"WebSite","@id":"https:\/\/www.vzngrup.com.tr\/#website","url":"https:\/\/www.vzngrup.com.tr\/","name":"\u06af\u0631\u0648\u0647 \u0648\u06cc \u0632\u062f \u0627\u0646","description":"\u0647\u0631 \u0644\u062d\u0638\u0647 \u0631\u0627 \u062e\u0627\u0635 \u06a9\u0646\u06cc\u062f!","publisher":{"@id":"https:\/\/www.vzngrup.com.tr\/#organization"},"potentialAction":[{"@type":"SearchAction","target":{"@type":"EntryPoint","urlTemplate":"https:\/\/www.vzngrup.com.tr\/?s={search_term_string}"},"query-input":{"@type":"PropertyValueSpecification","valueRequired":true,"valueName":"search_term_string"}}],"inLanguage":"fa-IR"},{"@type":"Organization","@id":"https:\/\/www.vzngrup.com.tr\/#organization","name":"\u06af\u0631\u0648\u0647 \u0648\u06cc \u0632\u062f \u0627\u0646","url":"https:\/\/www.vzngrup.com.tr\/","logo":{"@type":"ImageObject","inLanguage":"fa-IR","@id":"https:\/\/www.vzngrup.com.tr\/#\/schema\/logo\/image\/","url":"https:\/\/www.vzngrup.com.tr\/wp-content\/uploads\/2019\/06\/cropped-512x512-altin-logo.png","contentUrl":"https:\/\/www.vzngrup.com.tr\/wp-content\/uploads\/2019\/06\/cropped-512x512-altin-logo.png","width":512,"height":512,"caption":"VZN GRUP"},"image":{"@id":"https:\/\/www.vzngrup.com.tr\/#\/schema\/logo\/image\/"},"sameAs":["https:\/\/www.facebook.com\/vzngrup\/","https:\/\/x.com\/VznVito","https:\/\/vk.com\/id842151981","https:\/\/www.tripadvisor.com.tr\/Attraction_Review-g293974-d27724358-Reviews-VZN_GROUP-Istanbul.html","https:\/\/www.linkedin.com\/search\/results\/all\/?heroEntityKey=urnliorganization88964084&keywords=VZNGRUPTURZMYATIRIMA..&origin=ENTITY_SEARCH_HOME_HISTORY&sid=9ei","https:\/\/www.youtube.com\/@vzngrupturizmyatirima.s","https:\/\/www.instagram.com\/vzngrup\/"]}]}},"_links":{"self":[{"href":"https:\/\/www.vzngrup.com.tr\/fa\/wp-json\/wp\/v2\/product\/44341","targetHints":{"allow":["GET"]}}],"collection":[{"href":"https:\/\/www.vzngrup.com.tr\/fa\/wp-json\/wp\/v2\/product"}],"about":[{"href":"https:\/\/www.vzngrup.com.tr\/fa\/wp-json\/wp\/v2\/types\/product"}],"replies":[{"embeddable":true,"href":"https:\/\/www.vzngrup.com.tr\/fa\/wp-json\/wp\/v2\/comments?post=44341"}],"wp:featuredmedia":[{"embeddable":true,"href":"https:\/\/www.vzngrup.com.tr\/fa\/wp-json\/wp\/v2\/media\/43975"}],"wp:attachment":[{"href":"https:\/\/www.vzngrup.com.tr\/fa\/wp-json\/wp\/v2\/media?parent=44341"}],"wp:term":[{"taxonomy":"product_brand","embeddable":true,"href":"https:\/\/www.vzngrup.com.tr\/fa\/wp-json\/wp\/v2\/product_brand?post=44341"},{"taxonomy":"product_cat","embeddable":true,"href":"https:\/\/www.vzngrup.com.tr\/fa\/wp-json\/wp\/v2\/product_cat?post=44341"},{"taxonomy":"product_tag","embeddable":true,"href":"https:\/\/www.vzngrup.com.tr\/fa\/wp-json\/wp\/v2\/product_tag?post=44341"}],"curies":[{"name":"wp","href":"https:\/\/api.w.org\/{rel}","templated":true}]}}