{"id":42220,"date":"2025-06-05T00:16:29","date_gmt":"2025-06-05T00:16:29","guid":{"rendered":"https:\/\/www.vzngrup.online\/?post_type=product&#038;p=42220"},"modified":"2025-06-05T00:16:34","modified_gmt":"2025-06-05T00:16:34","slug":"ultra-luks-van-5-gun-kiralama","status":"publish","type":"product","link":"https:\/\/www.vzngrup.com.tr\/fa\/product\/ultra-luks-van-5-gun-kiralama\/","title":{"rendered":"\u0648\u0646 \u0641\u0648\u0642 \u0644\u0648\u06a9\u0633 (\u0627\u062c\u0627\u0631\u0647 \u06f5 \u0631\u0648\u0632\u0647)"},"content":{"rendered":"<p class=\"relative mb-2 whitespace-pre-wrap\"><strong>\u0622\u06cc\u0627 \u0628\u0631\u0627\u06cc \u06cc\u06a9 \u0633\u0641\u0631 \u0631\u0627\u062d\u062a \u0628\u0627 \u0648\u0646\u200c\u0647\u0627\u06cc VIP \u0641\u0648\u0642 \u0644\u0648\u06a9\u0633 \u0645\u0627 \u0622\u0645\u0627\u062f\u0647\u200c\u0627\u06cc\u062f\u061f<\/strong><\/p>\n<p class=\"relative mb-2 whitespace-pre-wrap\">\u0628\u0627 \u062c\u062f\u06cc\u062f\u062a\u0631\u06cc\u0646 \u0645\u062f\u0644\u200c\u0647\u0627\u06cc \u062e\u0648\u062f\u0631\u0648\u0647\u0627\u06cc VIP \u0648 \u0628\u0627 \u0637\u0631\u0627\u062d\u06cc \u062f\u0642\u06cc\u0642 \u0648 \u0631\u0627\u0646\u0646\u062f\u06af\u0627\u0646 \u0628\u0627\u062a\u062c\u0631\u0628\u0647 \u0645\u0627\u060c \u0633\u0641\u0631\u06cc \u062e\u0627\u0635 \u0631\u0627 \u062a\u062c\u0631\u0628\u0647 \u06a9\u0646\u06cc\u062f. \u0628\u0631\u0627\u06cc \u0631\u0648\u0632\u0647\u0627\u06cc \u062e\u0627\u0635 \u062e\u0648\u062f\u060c \u0632\u0645\u0627\u0646\u06cc \u06a9\u0647 \u0628\u0631\u0646\u0627\u0645\u0647 \u06a9\u0627\u0631\u06cc \u0634\u0644\u0648\u063a\u06cc \u062f\u0627\u0631\u06cc\u062f \u06cc\u0627 \u0632\u0645\u0627\u0646\u06cc \u06a9\u0647 \u0645\u06cc\u0632\u0628\u0627\u0646 \u0645\u0647\u0645\u0627\u0646\u0627\u0646 \u062e\u0648\u062f \u0647\u0633\u062a\u06cc\u062f\u060c \u06af\u0632\u06cc\u0646\u0647 \u0628\u0647\u062a\u0631\u06cc \u067e\u06cc\u062f\u0627 \u0646\u062e\u0648\u0627\u0647\u06cc\u062f \u06a9\u0631\u062f.<\/p>\n<p class=\"relative mb-2 whitespace-pre-wrap\">\u062e\u0648\u062f\u0631\u0648\u06cc \u0645\u0631\u0633\u062f\u0633 \u0628\u0646\u0632 \u0645\u06cc\u0628\u0627\u062e \u0645\u0627 \u0628\u0647 \u0637\u0631\u0632 \u0628\u06cc\u200c\u0646\u0638\u06cc\u0631\u06cc \u0631\u0627\u062d\u062a\u06cc \u0648 \u0638\u0631\u0627\u0641\u062a \u0631\u0627 \u0628\u0627 \u0647\u0645 \u062a\u0631\u06a9\u06cc\u0628 \u0645\u06cc\u200c\u06a9\u0646\u062f. \u0628\u0627 \u0627\u0646\u0639\u0637\u0627\u0641\u200c\u067e\u0630\u06cc\u0631\u06cc \u062f\u0631 \u0645\u062f\u062a \u0632\u0645\u0627\u0646 \u0627\u062c\u0627\u0631\u0647 \u062e\u0648\u062f\u0631\u0648 \u0645\u0637\u0627\u0628\u0642 \u0628\u0627 \u0646\u06cc\u0627\u0632\u0647\u0627\u06cc\u062a\u0627\u0646\u060c \u0627\u0632 \u062f\u0631\u062f\u0633\u0631 \u062c\u0633\u062a\u062c\u0648\u06cc \u062e\u0648\u062f\u0631\u0648 \u062f\u0631 \u0637\u0648\u0644 \u0631\u0648\u0632 \u062e\u0644\u0627\u0635 \u0634\u0648\u06cc\u062f. \u0631\u0627\u0646\u0646\u062f\u0647 \u0634\u062e\u0635\u06cc \u0648 \u062e\u0648\u062f\u0631\u0648\u06cc VIP \u0634\u0645\u0627 \u0647\u0645\u06cc\u0634\u0647 \u062f\u0631 \u0627\u0646\u062a\u0638\u0627\u0631 \u0634\u0645\u0627 \u062e\u0648\u0627\u0647\u0646\u062f \u0628\u0648\u062f.<\/p>\n<ul>\n<li><strong>\u0645\u062f\u062a \u0632\u0645\u0627\u0646 :<\/strong> \u06f5 \u0631\u0648\u0632<\/li>\n<li><strong>\u0645\u062f\u062a \u0632\u0645\u0627\u0646 \u0631\u0648\u0632\u0627\u0646\u0647:<\/strong> \u06f8+\u06f2 \u0633\u0627\u0639\u062a (\u06f2 \u0633\u0627\u0639\u062a \u0647\u062f\u06cc\u0647 \u0627\u0632 \u0637\u0631\u0641 \u0634\u0631\u06a9\u062a \u0645\u0627)<\/li>\n<li><strong>\u0645\u062d\u062f\u0648\u062f\u06cc\u062a \u0641\u0627\u0635\u0644\u0647:<\/strong> \u06f1\u06f0\u06f0\u06f0 \u06a9\u06cc\u0644\u0648\u0645\u062a\u0631<\/li>\n<li><strong>\u0638\u0631\u0641\u06cc\u062a \u0645\u0633\u0627\u0641\u0631:<\/strong> \u06f4 \u0646\u0641\u0631<\/li>\n<li><strong>\u0638\u0631\u0641\u06cc\u062a \u0686\u0645\u062f\u0627\u0646:<\/strong> \u06f4 \u0639\u062f\u062f \u0686\u0645\u062f\u0627\u0646 \u0648 \u06a9\u06cc\u0641 \u062f\u0633\u062a\u06cc \u0633\u0627\u06cc\u0632 \u0645\u062a\u0648\u0633\u0637<\/li>\n<\/ul>","protected":false},"excerpt":{"rendered":"<div class=\"woocommerce-product-details__short-description\">\n<p><strong>\u0645\u0631\u0633\u062f\u0633 \u0628\u0646\u0632 \u0645\u06cc\u0628\u0627\u062e<\/strong><\/p>\n<\/div>","protected":false},"featured_media":41748,"comment_status":"open","ping_status":"closed","template":"","meta":{"_monsterinsights_skip_tracking":false,"_monsterinsights_sitenote_active":false,"_monsterinsights_sitenote_note":"","_monsterinsights_sitenote_category":0,"_uf_show_specific_survey":0,"_uf_disable_surveys":false},"product_brand":[],"product_cat":[561,965,1132],"product_tag":[1133,1134,1135,1070,1072,1073,1074,1075,1076,1102,1103,1136,1112,1113,1137,1138,1139,1140,977,1141,1142,1143,1114,1084],"class_list":{"0":"post-42220","1":"product","2":"type-product","3":"status-publish","4":"has-post-thumbnail","6":"product_cat-genel","7":"product_cat-soforlu-arac-kiralama","8":"product_cat-ultra-luks-van","9":"product_tag-ankara-soforlu-luks-arac-kiralama","10":"product_tag-antalya-soforlu-luks-arac-kiralama","11":"product_tag-bursa-soforlu-luks-arac-kiralama","12":"product_tag-ekonomik-arac-tahsis","13":"product_tag-gunluk-kiralik-arac","14":"product_tag-istanbul-arac-kiralama","15":"product_tag-istanbul-arac-tahsis","16":"product_tag-istanbul-gunluk-arac","17":"product_tag-istanbul-gunluk-kiralik-arac","18":"product_tag-istanbul-gunluk-luks-arac-kirala","19":"product_tag-istanbul-luks-arac-kirala","20":"product_tag-istanbul-soforlu-luks-arac-kiralama","21":"product_tag-istanbul-vip-van-kirala","22":"product_tag-istanbul-vito-tahsis","23":"product_tag-izmir-soforlu-luks-arac-kiralama","24":"product_tag-luks-vip-van-kirala","25":"product_tag-mercedes-benz-maybach","26":"product_tag-mugla-soforlu-luks-arac-kiralama","27":"product_tag-soforlu-arac-kiralama","28":"product_tag-soforlu-luks-arac-tahsisi","29":"product_tag-soforlu-makam-araci-kirala","30":"product_tag-soforlu-maybach-kirala","31":"product_tag-soforlu-vip-van-arac-kiralama","32":"product_tag-uygun-fiyatli-arac-kiralama","35":"first","36":"instock","37":"sale","38":"taxable","39":"shipping-taxable","40":"purchasable","41":"product-type-simple"},"yoast_head":"<!-- This site is optimized with the Yoast SEO plugin v27.4 - https:\/\/yoast.com\/product\/yoast-seo-wordpress\/ -->\n<title>Ultra L\u00fcks Van (5 G\u00fcn Kiralama) - VZN GRUP<\/title>\n<meta name=\"description\" content=\"VZN Grup ile G\u00fcnl\u00fck Ara\u00e7 ihtiya\u00e7lar\u0131n\u0131z\u0131 Maybach ile makam arac\u0131 olarak temin edin. \u00d6zel \u015eof\u00f6r\u00fcn\u00fcz ve son model arac\u0131n\u0131z ile g\u00f6zler \u00fcst\u00fcn\u00fczde olacak. VZN Grup\" \/>\n<meta name=\"robots\" content=\"index, follow, max-snippet:-1, max-image-preview:large, max-video-preview:-1\" \/>\n<link rel=\"canonical\" href=\"https:\/\/www.vzngrup.com.tr\/fa\/product\/ultra-luks-van-5-gun-kiralama\/\" \/>\n<meta property=\"og:locale\" content=\"fa_IR\" \/>\n<meta property=\"og:type\" content=\"article\" \/>\n<meta property=\"og:title\" content=\"Ultra L\u00fcks Van (5 G\u00fcn Kiralama) - VZN GRUP\" \/>\n<meta property=\"og:description\" content=\"VZN Grup ile G\u00fcnl\u00fck Ara\u00e7 ihtiya\u00e7lar\u0131n\u0131z\u0131 Maybach ile makam arac\u0131 olarak temin edin. \u00d6zel \u015eof\u00f6r\u00fcn\u00fcz ve son model arac\u0131n\u0131z ile g\u00f6zler \u00fcst\u00fcn\u00fczde olacak. VZN Grup\" \/>\n<meta property=\"og:url\" content=\"https:\/\/www.vzngrup.com.tr\/fa\/product\/ultra-luks-van-5-gun-kiralama\/\" \/>\n<meta property=\"og:site_name\" content=\"VZN GRUP\" \/>\n<meta property=\"article:publisher\" content=\"https:\/\/www.facebook.com\/vzngrup\/\" \/>\n<meta property=\"article:modified_time\" content=\"2025-06-05T00:16:34+00:00\" \/>\n<meta property=\"og:image\" content=\"https:\/\/www.vzngrup.com.tr\/wp-content\/uploads\/2025\/06\/1000x100-Maybach-x.png\" \/>\n\t<meta property=\"og:image:width\" content=\"1000\" \/>\n\t<meta property=\"og:image:height\" content=\"1000\" \/>\n\t<meta property=\"og:image:type\" content=\"image\/png\" \/>\n<meta name=\"twitter:card\" content=\"summary_large_image\" \/>\n<meta name=\"twitter:site\" content=\"@VznVito\" \/>\n<meta name=\"twitter:label1\" content=\"\u0632\u0645\u0627\u0646 \u062a\u0642\u0631\u06cc\u0628\u06cc \u0628\u0631\u0627\u06cc \u062e\u0648\u0627\u0646\u062f\u0646\" \/>\n\t<meta name=\"twitter:data1\" content=\"1 \u062f\u0642\u06cc\u0642\u0647\" \/>\n<script type=\"application\/ld+json\" class=\"yoast-schema-graph\">{\"@context\":\"https:\\\/\\\/schema.org\",\"@graph\":[{\"@type\":\"WebPage\",\"@id\":\"https:\\\/\\\/www.vzngrup.com.tr\\\/urun\\\/ultra-luks-van-5-gun-kiralama\\\/\",\"url\":\"https:\\\/\\\/www.vzngrup.com.tr\\\/urun\\\/ultra-luks-van-5-gun-kiralama\\\/\",\"name\":\"Ultra L\u00fcks Van (5 G\u00fcn Kiralama) - VZN GRUP\",\"isPartOf\":{\"@id\":\"https:\\\/\\\/www.vzngrup.com.tr\\\/#website\"},\"primaryImageOfPage\":{\"@id\":\"https:\\\/\\\/www.vzngrup.com.tr\\\/urun\\\/ultra-luks-van-5-gun-kiralama\\\/#primaryimage\"},\"image\":{\"@id\":\"https:\\\/\\\/www.vzngrup.com.tr\\\/urun\\\/ultra-luks-van-5-gun-kiralama\\\/#primaryimage\"},\"thumbnailUrl\":\"https:\\\/\\\/www.vzngrup.com.tr\\\/wp-content\\\/uploads\\\/2025\\\/06\\\/1000x100-Maybach-x.png\",\"datePublished\":\"2025-06-05T00:16:29+00:00\",\"dateModified\":\"2025-06-05T00:16:34+00:00\",\"description\":\"VZN Grup ile G\u00fcnl\u00fck Ara\u00e7 ihtiya\u00e7lar\u0131n\u0131z\u0131 Maybach ile makam arac\u0131 olarak temin edin. \u00d6zel \u015eof\u00f6r\u00fcn\u00fcz ve son model arac\u0131n\u0131z ile g\u00f6zler \u00fcst\u00fcn\u00fczde olacak. VZN Grup\",\"breadcrumb\":{\"@id\":\"https:\\\/\\\/www.vzngrup.com.tr\\\/urun\\\/ultra-luks-van-5-gun-kiralama\\\/#breadcrumb\"},\"inLanguage\":\"fa-IR\",\"potentialAction\":[{\"@type\":\"ReadAction\",\"target\":[\"https:\\\/\\\/www.vzngrup.com.tr\\\/urun\\\/ultra-luks-van-5-gun-kiralama\\\/\"]}]},{\"@type\":\"ImageObject\",\"inLanguage\":\"fa-IR\",\"@id\":\"https:\\\/\\\/www.vzngrup.com.tr\\\/urun\\\/ultra-luks-van-5-gun-kiralama\\\/#primaryimage\",\"url\":\"https:\\\/\\\/www.vzngrup.com.tr\\\/wp-content\\\/uploads\\\/2025\\\/06\\\/1000x100-Maybach-x.png\",\"contentUrl\":\"https:\\\/\\\/www.vzngrup.com.tr\\\/wp-content\\\/uploads\\\/2025\\\/06\\\/1000x100-Maybach-x.png\",\"width\":1000,\"height\":1000},{\"@type\":\"BreadcrumbList\",\"@id\":\"https:\\\/\\\/www.vzngrup.com.tr\\\/urun\\\/ultra-luks-van-5-gun-kiralama\\\/#breadcrumb\",\"itemListElement\":[{\"@type\":\"ListItem\",\"position\":1,\"name\":\"Anasayfa\",\"item\":\"https:\\\/\\\/www.vzngrup.com.tr\\\/\"},{\"@type\":\"ListItem\",\"position\":2,\"name\":\"Shop\",\"item\":\"https:\\\/\\\/www.vzngrup.com.tr\\\/it\\\/shop\\\/\"},{\"@type\":\"ListItem\",\"position\":3,\"name\":\"Ultra L\u00fcks Van (5 G\u00fcn Kiralama)\"}]},{\"@type\":\"WebSite\",\"@id\":\"https:\\\/\\\/www.vzngrup.com.tr\\\/#website\",\"url\":\"https:\\\/\\\/www.vzngrup.com.tr\\\/\",\"name\":\"VZN GRUP\",\"description\":\"Her An\u0131 \u00f6zel K\u0131l\u0131n.!\",\"publisher\":{\"@id\":\"https:\\\/\\\/www.vzngrup.com.tr\\\/#organization\"},\"potentialAction\":[{\"@type\":\"SearchAction\",\"target\":{\"@type\":\"EntryPoint\",\"urlTemplate\":\"https:\\\/\\\/www.vzngrup.com.tr\\\/?s={search_term_string}\"},\"query-input\":{\"@type\":\"PropertyValueSpecification\",\"valueRequired\":true,\"valueName\":\"search_term_string\"}}],\"inLanguage\":\"fa-IR\"},{\"@type\":\"Organization\",\"@id\":\"https:\\\/\\\/www.vzngrup.com.tr\\\/#organization\",\"name\":\"VZN GRUP\",\"url\":\"https:\\\/\\\/www.vzngrup.com.tr\\\/\",\"logo\":{\"@type\":\"ImageObject\",\"inLanguage\":\"fa-IR\",\"@id\":\"https:\\\/\\\/www.vzngrup.com.tr\\\/#\\\/schema\\\/logo\\\/image\\\/\",\"url\":\"https:\\\/\\\/www.vzngrup.com.tr\\\/wp-content\\\/uploads\\\/2019\\\/06\\\/cropped-512x512-altin-logo.png\",\"contentUrl\":\"https:\\\/\\\/www.vzngrup.com.tr\\\/wp-content\\\/uploads\\\/2019\\\/06\\\/cropped-512x512-altin-logo.png\",\"width\":512,\"height\":512,\"caption\":\"VZN GRUP\"},\"image\":{\"@id\":\"https:\\\/\\\/www.vzngrup.com.tr\\\/#\\\/schema\\\/logo\\\/image\\\/\"},\"sameAs\":[\"https:\\\/\\\/www.facebook.com\\\/vzngrup\\\/\",\"https:\\\/\\\/x.com\\\/VznVito\",\"https:\\\/\\\/vk.com\\\/id842151981\",\"https:\\\/\\\/www.tripadvisor.com.tr\\\/Attraction_Review-g293974-d27724358-Reviews-VZN_GROUP-Istanbul.html\",\"https:\\\/\\\/www.linkedin.com\\\/search\\\/results\\\/all\\\/?heroEntityKey=urnliorganization88964084&keywords=VZNGRUPTURZMYATIRIMA..&origin=ENTITY_SEARCH_HOME_HISTORY&sid=9ei\",\"https:\\\/\\\/www.youtube.com\\\/@vzngrupturizmyatirima.s\",\"https:\\\/\\\/www.instagram.com\\\/vzngrup\\\/\"]}]}<\/script>\n<!-- \/ Yoast SEO plugin. -->","yoast_head_json":{"title":"Ultra L\u00fcks Van (5 G\u00fcn Kiralama) - VZN GRUP","description":"VZN Grup ile G\u00fcnl\u00fck Ara\u00e7 ihtiya\u00e7lar\u0131n\u0131z\u0131 Maybach ile makam arac\u0131 olarak temin edin. \u00d6zel \u015eof\u00f6r\u00fcn\u00fcz ve son model arac\u0131n\u0131z ile g\u00f6zler \u00fcst\u00fcn\u00fczde olacak. VZN Grup","robots":{"index":"index","follow":"follow","max-snippet":"max-snippet:-1","max-image-preview":"max-image-preview:large","max-video-preview":"max-video-preview:-1"},"canonical":"https:\/\/www.vzngrup.com.tr\/fa\/product\/ultra-luks-van-5-gun-kiralama\/","og_locale":"fa_IR","og_type":"article","og_title":"Ultra L\u00fcks Van (5 G\u00fcn Kiralama) - VZN GRUP","og_description":"VZN Grup ile G\u00fcnl\u00fck Ara\u00e7 ihtiya\u00e7lar\u0131n\u0131z\u0131 Maybach ile makam arac\u0131 olarak temin edin. \u00d6zel \u015eof\u00f6r\u00fcn\u00fcz ve son model arac\u0131n\u0131z ile g\u00f6zler \u00fcst\u00fcn\u00fczde olacak. VZN Grup","og_url":"https:\/\/www.vzngrup.com.tr\/fa\/product\/ultra-luks-van-5-gun-kiralama\/","og_site_name":"VZN GRUP","article_publisher":"https:\/\/www.facebook.com\/vzngrup\/","article_modified_time":"2025-06-05T00:16:34+00:00","og_image":[{"width":1000,"height":1000,"url":"https:\/\/www.vzngrup.com.tr\/wp-content\/uploads\/2025\/06\/1000x100-Maybach-x.png","type":"image\/png"}],"twitter_card":"summary_large_image","twitter_site":"@VznVito","twitter_misc":{"\u0632\u0645\u0627\u0646 \u062a\u0642\u0631\u06cc\u0628\u06cc \u0628\u0631\u0627\u06cc \u062e\u0648\u0627\u0646\u062f\u0646":"1 \u062f\u0642\u06cc\u0642\u0647"},"schema":{"@context":"https:\/\/schema.org","@graph":[{"@type":"WebPage","@id":"https:\/\/www.vzngrup.com.tr\/urun\/ultra-luks-van-5-gun-kiralama\/","url":"https:\/\/www.vzngrup.com.tr\/urun\/ultra-luks-van-5-gun-kiralama\/","name":"Ultra L\u00fcks Van (5 G\u00fcn Kiralama) - VZN GRUP","isPartOf":{"@id":"https:\/\/www.vzngrup.com.tr\/#website"},"primaryImageOfPage":{"@id":"https:\/\/www.vzngrup.com.tr\/urun\/ultra-luks-van-5-gun-kiralama\/#primaryimage"},"image":{"@id":"https:\/\/www.vzngrup.com.tr\/urun\/ultra-luks-van-5-gun-kiralama\/#primaryimage"},"thumbnailUrl":"https:\/\/www.vzngrup.com.tr\/wp-content\/uploads\/2025\/06\/1000x100-Maybach-x.png","datePublished":"2025-06-05T00:16:29+00:00","dateModified":"2025-06-05T00:16:34+00:00","description":"VZN Grup ile G\u00fcnl\u00fck Ara\u00e7 ihtiya\u00e7lar\u0131n\u0131z\u0131 Maybach ile makam arac\u0131 olarak temin edin. \u00d6zel \u015eof\u00f6r\u00fcn\u00fcz ve son model arac\u0131n\u0131z ile g\u00f6zler \u00fcst\u00fcn\u00fczde olacak. VZN Grup","breadcrumb":{"@id":"https:\/\/www.vzngrup.com.tr\/urun\/ultra-luks-van-5-gun-kiralama\/#breadcrumb"},"inLanguage":"fa-IR","potentialAction":[{"@type":"ReadAction","target":["https:\/\/www.vzngrup.com.tr\/urun\/ultra-luks-van-5-gun-kiralama\/"]}]},{"@type":"ImageObject","inLanguage":"fa-IR","@id":"https:\/\/www.vzngrup.com.tr\/urun\/ultra-luks-van-5-gun-kiralama\/#primaryimage","url":"https:\/\/www.vzngrup.com.tr\/wp-content\/uploads\/2025\/06\/1000x100-Maybach-x.png","contentUrl":"https:\/\/www.vzngrup.com.tr\/wp-content\/uploads\/2025\/06\/1000x100-Maybach-x.png","width":1000,"height":1000},{"@type":"BreadcrumbList","@id":"https:\/\/www.vzngrup.com.tr\/urun\/ultra-luks-van-5-gun-kiralama\/#breadcrumb","itemListElement":[{"@type":"ListItem","position":1,"name":"Anasayfa","item":"https:\/\/www.vzngrup.com.tr\/"},{"@type":"ListItem","position":2,"name":"Shop","item":"https:\/\/www.vzngrup.com.tr\/it\/shop\/"},{"@type":"ListItem","position":3,"name":"Ultra L\u00fcks Van (5 G\u00fcn Kiralama)"}]},{"@type":"WebSite","@id":"https:\/\/www.vzngrup.com.tr\/#website","url":"https:\/\/www.vzngrup.com.tr\/","name":"\u06af\u0631\u0648\u0647 \u0648\u06cc \u0632\u062f \u0627\u0646","description":"\u0647\u0631 \u0644\u062d\u0638\u0647 \u0631\u0627 \u062e\u0627\u0635 \u06a9\u0646\u06cc\u062f!","publisher":{"@id":"https:\/\/www.vzngrup.com.tr\/#organization"},"potentialAction":[{"@type":"SearchAction","target":{"@type":"EntryPoint","urlTemplate":"https:\/\/www.vzngrup.com.tr\/?s={search_term_string}"},"query-input":{"@type":"PropertyValueSpecification","valueRequired":true,"valueName":"search_term_string"}}],"inLanguage":"fa-IR"},{"@type":"Organization","@id":"https:\/\/www.vzngrup.com.tr\/#organization","name":"\u06af\u0631\u0648\u0647 \u0648\u06cc \u0632\u062f \u0627\u0646","url":"https:\/\/www.vzngrup.com.tr\/","logo":{"@type":"ImageObject","inLanguage":"fa-IR","@id":"https:\/\/www.vzngrup.com.tr\/#\/schema\/logo\/image\/","url":"https:\/\/www.vzngrup.com.tr\/wp-content\/uploads\/2019\/06\/cropped-512x512-altin-logo.png","contentUrl":"https:\/\/www.vzngrup.com.tr\/wp-content\/uploads\/2019\/06\/cropped-512x512-altin-logo.png","width":512,"height":512,"caption":"VZN GRUP"},"image":{"@id":"https:\/\/www.vzngrup.com.tr\/#\/schema\/logo\/image\/"},"sameAs":["https:\/\/www.facebook.com\/vzngrup\/","https:\/\/x.com\/VznVito","https:\/\/vk.com\/id842151981","https:\/\/www.tripadvisor.com.tr\/Attraction_Review-g293974-d27724358-Reviews-VZN_GROUP-Istanbul.html","https:\/\/www.linkedin.com\/search\/results\/all\/?heroEntityKey=urnliorganization88964084&keywords=VZNGRUPTURZMYATIRIMA..&origin=ENTITY_SEARCH_HOME_HISTORY&sid=9ei","https:\/\/www.youtube.com\/@vzngrupturizmyatirima.s","https:\/\/www.instagram.com\/vzngrup\/"]}]}},"_links":{"self":[{"href":"https:\/\/www.vzngrup.com.tr\/fa\/wp-json\/wp\/v2\/product\/42220","targetHints":{"allow":["GET"]}}],"collection":[{"href":"https:\/\/www.vzngrup.com.tr\/fa\/wp-json\/wp\/v2\/product"}],"about":[{"href":"https:\/\/www.vzngrup.com.tr\/fa\/wp-json\/wp\/v2\/types\/product"}],"replies":[{"embeddable":true,"href":"https:\/\/www.vzngrup.com.tr\/fa\/wp-json\/wp\/v2\/comments?post=42220"}],"wp:featuredmedia":[{"embeddable":true,"href":"https:\/\/www.vzngrup.com.tr\/fa\/wp-json\/wp\/v2\/media\/41748"}],"wp:attachment":[{"href":"https:\/\/www.vzngrup.com.tr\/fa\/wp-json\/wp\/v2\/media?parent=42220"}],"wp:term":[{"taxonomy":"product_brand","embeddable":true,"href":"https:\/\/www.vzngrup.com.tr\/fa\/wp-json\/wp\/v2\/product_brand?post=42220"},{"taxonomy":"product_cat","embeddable":true,"href":"https:\/\/www.vzngrup.com.tr\/fa\/wp-json\/wp\/v2\/product_cat?post=42220"},{"taxonomy":"product_tag","embeddable":true,"href":"https:\/\/www.vzngrup.com.tr\/fa\/wp-json\/wp\/v2\/product_tag?post=42220"}],"curies":[{"name":"wp","href":"https:\/\/api.w.org\/{rel}","templated":true}]}}