{"id":44341,"date":"2025-06-15T18:30:00","date_gmt":"2025-06-15T18:30:00","guid":{"rendered":"https:\/\/www.vzngrup.com.tr\/?post_type=product&#038;p=44341"},"modified":"2025-06-15T18:32:10","modified_gmt":"2025-06-15T18:32:10","slug":"tekirdag-istanbul-ozel-minibus-transferi","status":"publish","type":"product","link":"https:\/\/www.vzngrup.com.tr\/en\/product\/tekirdag-istanbul-ozel-minibus-transferi\/","title":{"rendered":"Tekirda\u011f \u2013 Istanbul Private Minibus Transfer"},"content":{"rendered":"<p data-sourcepos=\"4:1-4:429\">Tekirda\u011f \u2013 Istanbul Private Minibus Transfer from the Center to Istanbul Center or vice versa, specially designed for you <strong>16 seater luxury minibus<\/strong> Take a comfortable and safe journey with our transfer service. For your intercity travels <strong>LCD TV, refrigerator and multimedia<\/strong> have fun with its possibilities, <strong>adjustable LED lighting<\/strong> Create the atmosphere you want with its spacious interior and <strong>16 luggage capacity<\/strong> You can easily carry all your belongings.<\/p>\n<p data-sourcepos=\"6:1-6:296\"><strong>24\/7 at any time you want<\/strong> your vehicle will be ready for you. <strong>Transfer from address to address<\/strong> You will be picked up from your door and dropped off at your destination without paying any extra fee. During the journey <strong>take a break whenever you want<\/strong> You can enjoy your trip with freedom.<\/p>\n<p data-sourcepos=\"8:1-8:21\"><strong>Service Details:<\/strong><\/p>\n<ul data-sourcepos=\"9:1-14:0\">\n<li data-sourcepos=\"9:1-9:39\"><strong>Capacity:<\/strong> 16 Seater Luxury Minibus<\/li>\n<li data-sourcepos=\"10:1-10:31\"><strong>Luggage Capacity:<\/strong> 16 Pieces<\/li>\n<li data-sourcepos=\"11:1-11:104\"><strong>Features:<\/strong> LCD TV, Refrigerator, Multimedia System, Adjustable LED Lighting, Large Luggage Area<\/li>\n<li data-sourcepos=\"12:1-12:67\"><strong>Flexibility:<\/strong> Opportunity to take a break whenever and wherever you want<\/li>\n<li data-sourcepos=\"13:1-14:0\"><strong>No Additional Charges:<\/strong> No additional charge is required for address-to-address transfer service.<\/li>\n<\/ul>\n<p data-sourcepos=\"15:1-15:129\">You can use the pricing form for different vehicle options and detailed pricing. ( <a href=\"https:\/\/www.vzngrup.com.tr\/sehirler-arasi-transfer\/\">( Go to Page<\/a> )<\/p>\n<p data-sourcepos=\"15:1-15:129\">You can check out the Store for Luxury Vip Van (Mercedes-Benz Vito). ( <a href=\"https:\/\/www.vzngrup.com.tr\/product-category\/sehirler-arasi-transfer\/luks-vip-van-sehirler-arasi-transfer\/\">( Go to Page<\/a> )<\/p>\n<p data-sourcepos=\"15:1-15:129\">For your Transfer needs to other cities, visit our store ( <a href=\"https:\/\/www.vzngrup.com.tr\/product-category\/sehirler-arasi-transfer\/\">( Go to Page<\/a> )<\/p>\n<p data-sourcepos=\"15:1-15:129\"><span style=\"vertical-align: inherit\"><span style=\"vertical-align: inherit\">WhatsApp: +90 850 255 0 789<\/span><\/span><\/p>\n<p data-sourcepos=\"15:1-15:129\"><span style=\"vertical-align: inherit\"><span style=\"vertical-align: inherit\">E-Mail: reservation@vzngrup.com<\/span><\/span><\/p>","protected":false},"excerpt":{"rendered":"<h5 data-sourcepos=\"2:1-2:56\">Tekirda\u011f \u2013 Istanbul Private Minibus Transfer (16 Persons)<\/h5>","protected":false},"featured_media":43975,"comment_status":"open","ping_status":"closed","template":"","meta":{"_monsterinsights_skip_tracking":false,"_monsterinsights_sitenote_active":false,"_monsterinsights_sitenote_note":"","_monsterinsights_sitenote_category":0,"_uf_show_specific_survey":0,"_uf_disable_surveys":false},"product_brand":[],"product_cat":[7534,561,1184],"product_tag":[1126,7540,1396,7541,7537,7539,7542,7536,1399,1760,7691,1356,7544],"class_list":{"0":"post-44341","1":"product","2":"type-product","3":"status-publish","4":"has-post-thumbnail","6":"product_cat-16-kisilik-minibus-2","7":"product_cat-genel","8":"product_cat-sehirler-arasi-transfer","9":"product_tag-16-kisilik-minibus","10":"product_tag-genis-bagaj-kapasiteli-minibus","11":"product_tag-istanbul-transfer-hizmeti","12":"product_tag-konforlu-yolculuk","13":"product_tag-luks-minibus-kiralama","14":"product_tag-minibus-kiralama-soforlu","15":"product_tag-ozel-arac-transfer","16":"product_tag-ozel-minibus-transfer","17":"product_tag-sehirler-arasi-transfer","18":"product_tag-tekirdag-istanbul-transferi","19":"product_tag-tekirdag-minibus-transfer","20":"product_tag-transfer-hizmetleri","21":"product_tag-vip-minibus-transfer","24":"first","25":"instock","26":"sale","27":"taxable","28":"shipping-taxable","29":"purchasable","30":"product-type-simple"},"yoast_head":"<!-- This site is optimized with the Yoast SEO plugin v27.4 - https:\/\/yoast.com\/product\/yoast-seo-wordpress\/ -->\n<title>Tekirda\u011f - \u0130stanbul \u00d6zel Minib\u00fcs Transferi - VZN GRUP<\/title>\n<meta name=\"description\" content=\"Tekirda\u011f - \u0130stanbul aras\u0131 16 ki\u015filik \u00f6zel minib\u00fcs transferi. L\u00fcks ara\u00e7lar\u0131m\u0131zla, LCD TV, buzdolab\u0131 ve geni\u015f bagaj alan\u0131yla konforlu adresten adrese seyahat edin.\" \/>\n<meta name=\"robots\" content=\"index, follow, max-snippet:-1, max-image-preview:large, max-video-preview:-1\" \/>\n<link rel=\"canonical\" href=\"https:\/\/www.vzngrup.com.tr\/en\/product\/tekirdag-istanbul-ozel-minibus-transferi\/\" \/>\n<meta property=\"og:locale\" content=\"en_US\" \/>\n<meta property=\"og:type\" content=\"article\" \/>\n<meta property=\"og:title\" content=\"Tekirda\u011f - \u0130stanbul \u00d6zel Minib\u00fcs Transferi - VZN GRUP\" \/>\n<meta property=\"og:description\" content=\"Tekirda\u011f - \u0130stanbul aras\u0131 16 ki\u015filik \u00f6zel minib\u00fcs transferi. L\u00fcks ara\u00e7lar\u0131m\u0131zla, LCD TV, buzdolab\u0131 ve geni\u015f bagaj alan\u0131yla konforlu adresten adrese seyahat edin.\" \/>\n<meta property=\"og:url\" content=\"https:\/\/www.vzngrup.com.tr\/en\/product\/tekirdag-istanbul-ozel-minibus-transferi\/\" \/>\n<meta property=\"og:site_name\" content=\"VZN GRUP\" \/>\n<meta property=\"article:publisher\" content=\"https:\/\/www.facebook.com\/vzngrup\/\" \/>\n<meta property=\"article:modified_time\" content=\"2025-06-15T18:32:10+00:00\" \/>\n<meta property=\"og:image\" content=\"https:\/\/www.vzngrup.com.tr\/wp-content\/uploads\/2025\/06\/Gemini_Generated_Image_sayupasayupasayu-1024x1024.png\" \/>\n\t<meta property=\"og:image:width\" content=\"1024\" \/>\n\t<meta property=\"og:image:height\" content=\"1024\" \/>\n\t<meta property=\"og:image:type\" content=\"image\/png\" \/>\n<meta name=\"twitter:card\" content=\"summary_large_image\" \/>\n<meta name=\"twitter:site\" content=\"@VznVito\" \/>\n<meta name=\"twitter:label1\" content=\"Est. reading time\" \/>\n\t<meta name=\"twitter:data1\" content=\"2 minutes\" \/>\n<script type=\"application\/ld+json\" class=\"yoast-schema-graph\">{\"@context\":\"https:\\\/\\\/schema.org\",\"@graph\":[{\"@type\":\"WebPage\",\"@id\":\"https:\\\/\\\/www.vzngrup.com.tr\\\/urun\\\/tekirdag-istanbul-ozel-minibus-transferi\\\/\",\"url\":\"https:\\\/\\\/www.vzngrup.com.tr\\\/urun\\\/tekirdag-istanbul-ozel-minibus-transferi\\\/\",\"name\":\"Tekirda\u011f - \u0130stanbul \u00d6zel Minib\u00fcs Transferi - VZN GRUP\",\"isPartOf\":{\"@id\":\"https:\\\/\\\/www.vzngrup.com.tr\\\/#website\"},\"primaryImageOfPage\":{\"@id\":\"https:\\\/\\\/www.vzngrup.com.tr\\\/urun\\\/tekirdag-istanbul-ozel-minibus-transferi\\\/#primaryimage\"},\"image\":{\"@id\":\"https:\\\/\\\/www.vzngrup.com.tr\\\/urun\\\/tekirdag-istanbul-ozel-minibus-transferi\\\/#primaryimage\"},\"thumbnailUrl\":\"https:\\\/\\\/www.vzngrup.com.tr\\\/wp-content\\\/uploads\\\/2025\\\/06\\\/Gemini_Generated_Image_sayupasayupasayu.png\",\"datePublished\":\"2025-06-15T18:30:00+00:00\",\"dateModified\":\"2025-06-15T18:32:10+00:00\",\"description\":\"Tekirda\u011f - \u0130stanbul aras\u0131 16 ki\u015filik \u00f6zel minib\u00fcs transferi. L\u00fcks ara\u00e7lar\u0131m\u0131zla, LCD TV, buzdolab\u0131 ve geni\u015f bagaj alan\u0131yla konforlu adresten adrese seyahat edin.\",\"breadcrumb\":{\"@id\":\"https:\\\/\\\/www.vzngrup.com.tr\\\/urun\\\/tekirdag-istanbul-ozel-minibus-transferi\\\/#breadcrumb\"},\"inLanguage\":\"en-US\",\"potentialAction\":[{\"@type\":\"ReadAction\",\"target\":[\"https:\\\/\\\/www.vzngrup.com.tr\\\/urun\\\/tekirdag-istanbul-ozel-minibus-transferi\\\/\"]}]},{\"@type\":\"ImageObject\",\"inLanguage\":\"en-US\",\"@id\":\"https:\\\/\\\/www.vzngrup.com.tr\\\/urun\\\/tekirdag-istanbul-ozel-minibus-transferi\\\/#primaryimage\",\"url\":\"https:\\\/\\\/www.vzngrup.com.tr\\\/wp-content\\\/uploads\\\/2025\\\/06\\\/Gemini_Generated_Image_sayupasayupasayu.png\",\"contentUrl\":\"https:\\\/\\\/www.vzngrup.com.tr\\\/wp-content\\\/uploads\\\/2025\\\/06\\\/Gemini_Generated_Image_sayupasayupasayu.png\",\"width\":2048,\"height\":2048},{\"@type\":\"BreadcrumbList\",\"@id\":\"https:\\\/\\\/www.vzngrup.com.tr\\\/urun\\\/tekirdag-istanbul-ozel-minibus-transferi\\\/#breadcrumb\",\"itemListElement\":[{\"@type\":\"ListItem\",\"position\":1,\"name\":\"Anasayfa\",\"item\":\"https:\\\/\\\/www.vzngrup.com.tr\\\/\"},{\"@type\":\"ListItem\",\"position\":2,\"name\":\"Shop\",\"item\":\"https:\\\/\\\/www.vzngrup.com.tr\\\/it\\\/shop\\\/\"},{\"@type\":\"ListItem\",\"position\":3,\"name\":\"Tekirda\u011f &#8211; \u0130stanbul \u00d6zel Minib\u00fcs Transferi\"}]},{\"@type\":\"WebSite\",\"@id\":\"https:\\\/\\\/www.vzngrup.com.tr\\\/#website\",\"url\":\"https:\\\/\\\/www.vzngrup.com.tr\\\/\",\"name\":\"VZN GRUP\",\"description\":\"Her An\u0131 \u00f6zel K\u0131l\u0131n.!\",\"publisher\":{\"@id\":\"https:\\\/\\\/www.vzngrup.com.tr\\\/#organization\"},\"potentialAction\":[{\"@type\":\"SearchAction\",\"target\":{\"@type\":\"EntryPoint\",\"urlTemplate\":\"https:\\\/\\\/www.vzngrup.com.tr\\\/?s={search_term_string}\"},\"query-input\":{\"@type\":\"PropertyValueSpecification\",\"valueRequired\":true,\"valueName\":\"search_term_string\"}}],\"inLanguage\":\"en-US\"},{\"@type\":\"Organization\",\"@id\":\"https:\\\/\\\/www.vzngrup.com.tr\\\/#organization\",\"name\":\"VZN GRUP\",\"url\":\"https:\\\/\\\/www.vzngrup.com.tr\\\/\",\"logo\":{\"@type\":\"ImageObject\",\"inLanguage\":\"en-US\",\"@id\":\"https:\\\/\\\/www.vzngrup.com.tr\\\/#\\\/schema\\\/logo\\\/image\\\/\",\"url\":\"https:\\\/\\\/www.vzngrup.com.tr\\\/wp-content\\\/uploads\\\/2019\\\/06\\\/cropped-512x512-altin-logo.png\",\"contentUrl\":\"https:\\\/\\\/www.vzngrup.com.tr\\\/wp-content\\\/uploads\\\/2019\\\/06\\\/cropped-512x512-altin-logo.png\",\"width\":512,\"height\":512,\"caption\":\"VZN GRUP\"},\"image\":{\"@id\":\"https:\\\/\\\/www.vzngrup.com.tr\\\/#\\\/schema\\\/logo\\\/image\\\/\"},\"sameAs\":[\"https:\\\/\\\/www.facebook.com\\\/vzngrup\\\/\",\"https:\\\/\\\/x.com\\\/VznVito\",\"https:\\\/\\\/vk.com\\\/id842151981\",\"https:\\\/\\\/www.tripadvisor.com.tr\\\/Attraction_Review-g293974-d27724358-Reviews-VZN_GROUP-Istanbul.html\",\"https:\\\/\\\/www.linkedin.com\\\/search\\\/results\\\/all\\\/?heroEntityKey=urnliorganization88964084&keywords=VZNGRUPTURZMYATIRIMA..&origin=ENTITY_SEARCH_HOME_HISTORY&sid=9ei\",\"https:\\\/\\\/www.youtube.com\\\/@vzngrupturizmyatirima.s\",\"https:\\\/\\\/www.instagram.com\\\/vzngrup\\\/\"]}]}<\/script>\n<!-- \/ Yoast SEO plugin. -->","yoast_head_json":{"title":"Tekirda\u011f - \u0130stanbul \u00d6zel Minib\u00fcs Transferi - VZN GRUP","description":"Tekirda\u011f - \u0130stanbul aras\u0131 16 ki\u015filik \u00f6zel minib\u00fcs transferi. L\u00fcks ara\u00e7lar\u0131m\u0131zla, LCD TV, buzdolab\u0131 ve geni\u015f bagaj alan\u0131yla konforlu adresten adrese seyahat edin.","robots":{"index":"index","follow":"follow","max-snippet":"max-snippet:-1","max-image-preview":"max-image-preview:large","max-video-preview":"max-video-preview:-1"},"canonical":"https:\/\/www.vzngrup.com.tr\/en\/product\/tekirdag-istanbul-ozel-minibus-transferi\/","og_locale":"en_US","og_type":"article","og_title":"Tekirda\u011f - \u0130stanbul \u00d6zel Minib\u00fcs Transferi - VZN GRUP","og_description":"Tekirda\u011f - \u0130stanbul aras\u0131 16 ki\u015filik \u00f6zel minib\u00fcs transferi. L\u00fcks ara\u00e7lar\u0131m\u0131zla, LCD TV, buzdolab\u0131 ve geni\u015f bagaj alan\u0131yla konforlu adresten adrese seyahat edin.","og_url":"https:\/\/www.vzngrup.com.tr\/en\/product\/tekirdag-istanbul-ozel-minibus-transferi\/","og_site_name":"VZN GRUP","article_publisher":"https:\/\/www.facebook.com\/vzngrup\/","article_modified_time":"2025-06-15T18:32:10+00:00","og_image":[{"width":1024,"height":1024,"url":"https:\/\/www.vzngrup.com.tr\/wp-content\/uploads\/2025\/06\/Gemini_Generated_Image_sayupasayupasayu-1024x1024.png","type":"image\/png"}],"twitter_card":"summary_large_image","twitter_site":"@VznVito","twitter_misc":{"Est. reading time":"2 minutes"},"schema":{"@context":"https:\/\/schema.org","@graph":[{"@type":"WebPage","@id":"https:\/\/www.vzngrup.com.tr\/urun\/tekirdag-istanbul-ozel-minibus-transferi\/","url":"https:\/\/www.vzngrup.com.tr\/urun\/tekirdag-istanbul-ozel-minibus-transferi\/","name":"Tekirda\u011f - \u0130stanbul \u00d6zel Minib\u00fcs Transferi - VZN GRUP","isPartOf":{"@id":"https:\/\/www.vzngrup.com.tr\/#website"},"primaryImageOfPage":{"@id":"https:\/\/www.vzngrup.com.tr\/urun\/tekirdag-istanbul-ozel-minibus-transferi\/#primaryimage"},"image":{"@id":"https:\/\/www.vzngrup.com.tr\/urun\/tekirdag-istanbul-ozel-minibus-transferi\/#primaryimage"},"thumbnailUrl":"https:\/\/www.vzngrup.com.tr\/wp-content\/uploads\/2025\/06\/Gemini_Generated_Image_sayupasayupasayu.png","datePublished":"2025-06-15T18:30:00+00:00","dateModified":"2025-06-15T18:32:10+00:00","description":"Tekirda\u011f - \u0130stanbul aras\u0131 16 ki\u015filik \u00f6zel minib\u00fcs transferi. L\u00fcks ara\u00e7lar\u0131m\u0131zla, LCD TV, buzdolab\u0131 ve geni\u015f bagaj alan\u0131yla konforlu adresten adrese seyahat edin.","breadcrumb":{"@id":"https:\/\/www.vzngrup.com.tr\/urun\/tekirdag-istanbul-ozel-minibus-transferi\/#breadcrumb"},"inLanguage":"en-US","potentialAction":[{"@type":"ReadAction","target":["https:\/\/www.vzngrup.com.tr\/urun\/tekirdag-istanbul-ozel-minibus-transferi\/"]}]},{"@type":"ImageObject","inLanguage":"en-US","@id":"https:\/\/www.vzngrup.com.tr\/urun\/tekirdag-istanbul-ozel-minibus-transferi\/#primaryimage","url":"https:\/\/www.vzngrup.com.tr\/wp-content\/uploads\/2025\/06\/Gemini_Generated_Image_sayupasayupasayu.png","contentUrl":"https:\/\/www.vzngrup.com.tr\/wp-content\/uploads\/2025\/06\/Gemini_Generated_Image_sayupasayupasayu.png","width":2048,"height":2048},{"@type":"BreadcrumbList","@id":"https:\/\/www.vzngrup.com.tr\/urun\/tekirdag-istanbul-ozel-minibus-transferi\/#breadcrumb","itemListElement":[{"@type":"ListItem","position":1,"name":"Anasayfa","item":"https:\/\/www.vzngrup.com.tr\/"},{"@type":"ListItem","position":2,"name":"Shop","item":"https:\/\/www.vzngrup.com.tr\/it\/shop\/"},{"@type":"ListItem","position":3,"name":"Tekirda\u011f &#8211; \u0130stanbul \u00d6zel Minib\u00fcs Transferi"}]},{"@type":"WebSite","@id":"https:\/\/www.vzngrup.com.tr\/#website","url":"https:\/\/www.vzngrup.com.tr\/","name":"VZN GROUP","description":"Make Every Moment Special!","publisher":{"@id":"https:\/\/www.vzngrup.com.tr\/#organization"},"potentialAction":[{"@type":"SearchAction","target":{"@type":"EntryPoint","urlTemplate":"https:\/\/www.vzngrup.com.tr\/?s={search_term_string}"},"query-input":{"@type":"PropertyValueSpecification","valueRequired":true,"valueName":"search_term_string"}}],"inLanguage":"en-US"},{"@type":"Organization","@id":"https:\/\/www.vzngrup.com.tr\/#organization","name":"VZN GROUP","url":"https:\/\/www.vzngrup.com.tr\/","logo":{"@type":"ImageObject","inLanguage":"en-US","@id":"https:\/\/www.vzngrup.com.tr\/#\/schema\/logo\/image\/","url":"https:\/\/www.vzngrup.com.tr\/wp-content\/uploads\/2019\/06\/cropped-512x512-altin-logo.png","contentUrl":"https:\/\/www.vzngrup.com.tr\/wp-content\/uploads\/2019\/06\/cropped-512x512-altin-logo.png","width":512,"height":512,"caption":"VZN GRUP"},"image":{"@id":"https:\/\/www.vzngrup.com.tr\/#\/schema\/logo\/image\/"},"sameAs":["https:\/\/www.facebook.com\/vzngrup\/","https:\/\/x.com\/VznVito","https:\/\/vk.com\/id842151981","https:\/\/www.tripadvisor.com.tr\/Attraction_Review-g293974-d27724358-Reviews-VZN_GROUP-Istanbul.html","https:\/\/www.linkedin.com\/search\/results\/all\/?heroEntityKey=urnliorganization88964084&keywords=VZNGRUPTURZMYATIRIMA..&origin=ENTITY_SEARCH_HOME_HISTORY&sid=9ei","https:\/\/www.youtube.com\/@vzngrupturizmyatirima.s","https:\/\/www.instagram.com\/vzngrup\/"]}]}},"_links":{"self":[{"href":"https:\/\/www.vzngrup.com.tr\/en\/wp-json\/wp\/v2\/product\/44341","targetHints":{"allow":["GET"]}}],"collection":[{"href":"https:\/\/www.vzngrup.com.tr\/en\/wp-json\/wp\/v2\/product"}],"about":[{"href":"https:\/\/www.vzngrup.com.tr\/en\/wp-json\/wp\/v2\/types\/product"}],"replies":[{"embeddable":true,"href":"https:\/\/www.vzngrup.com.tr\/en\/wp-json\/wp\/v2\/comments?post=44341"}],"wp:featuredmedia":[{"embeddable":true,"href":"https:\/\/www.vzngrup.com.tr\/en\/wp-json\/wp\/v2\/media\/43975"}],"wp:attachment":[{"href":"https:\/\/www.vzngrup.com.tr\/en\/wp-json\/wp\/v2\/media?parent=44341"}],"wp:term":[{"taxonomy":"product_brand","embeddable":true,"href":"https:\/\/www.vzngrup.com.tr\/en\/wp-json\/wp\/v2\/product_brand?post=44341"},{"taxonomy":"product_cat","embeddable":true,"href":"https:\/\/www.vzngrup.com.tr\/en\/wp-json\/wp\/v2\/product_cat?post=44341"},{"taxonomy":"product_tag","embeddable":true,"href":"https:\/\/www.vzngrup.com.tr\/en\/wp-json\/wp\/v2\/product_tag?post=44341"}],"curies":[{"name":"wp","href":"https:\/\/api.w.org\/{rel}","templated":true}]}}