{"id":42242,"date":"2025-06-05T00:16:32","date_gmt":"2025-06-05T00:16:32","guid":{"rendered":"https:\/\/www.vzngrup.online\/?post_type=product&#038;p=42242"},"modified":"2025-06-05T00:16:48","modified_gmt":"2025-06-05T00:16:48","slug":"ultra-luks-minibus-12-saat-kiralama","status":"publish","type":"product","link":"https:\/\/www.vzngrup.com.tr\/en\/product\/ultra-luks-minibus-12-saat-kiralama\/","title":{"rendered":"Ultra Luxury Minibus (12 Hour Rental)"},"content":{"rendered":"<p class=\"relative mb-2 whitespace-pre-wrap\"><strong>Are You Ready for a Comfortable Journey with Our Ultra Luxury VIP Minibus Vehicles?<\/strong><\/p>\n<p class=\"relative mb-2 whitespace-pre-wrap\">Experience a private journey with our experienced chauffeurs in our latest model and carefully designed VIP design vehicles. Whether it's for special occasions, when you have a busy work schedule or when hosting guests, you won't find a better option.<\/p>\n<p class=\"relative mb-2 whitespace-pre-wrap\">Our Mercedes-Benz Sprinter perfectly combines comfort and elegance. Get rid of the hassle of searching for a car during the day with the flexibility of car rental time according to your needs. Your chauffeur and VIP vehicle will be waiting for you at all times. It offers you the highest level of comfort in your long holiday and travel programs.<\/p>\n<ul>\n<li><strong>Distance Limit :<\/strong> 225 KM<\/li>\n<li><strong>Duration :<\/strong> 12 Hours<\/li>\n<li><strong>Passenger Capacity :<\/strong> 10 People<\/li>\n<li><strong>Luggage Capacity :<\/strong> 10 Medium-sized suitcases and handbags<\/li>\n<\/ul>","protected":false},"excerpt":{"rendered":"<div class=\"woocommerce-product-details__short-description\">\n<p><strong>Ultra Luxury Vip Minibus<\/strong><\/p>\n<\/div>","protected":false},"featured_media":41761,"comment_status":"open","ping_status":"closed","template":"","meta":{"_monsterinsights_skip_tracking":false,"_monsterinsights_sitenote_active":false,"_monsterinsights_sitenote_note":"","_monsterinsights_sitenote_category":0,"_uf_show_specific_survey":0,"_uf_disable_surveys":false},"product_brand":[],"product_cat":[561,1144],"product_tag":[1070,1072,1073,1074,1075,1076,1102,1103,1112,1113,1139,1145,977,1141,1142,1143,1114,1146,1147,1084],"class_list":{"0":"post-42242","1":"product","2":"type-product","3":"status-publish","4":"has-post-thumbnail","6":"product_cat-genel","7":"product_cat-ultra-luks-minibus","8":"product_tag-ekonomik-arac-tahsis","9":"product_tag-gunluk-kiralik-arac","10":"product_tag-istanbul-arac-kiralama","11":"product_tag-istanbul-arac-tahsis","12":"product_tag-istanbul-gunluk-arac","13":"product_tag-istanbul-gunluk-kiralik-arac","14":"product_tag-istanbul-gunluk-luks-arac-kirala","15":"product_tag-istanbul-luks-arac-kirala","16":"product_tag-istanbul-vip-van-kirala","17":"product_tag-istanbul-vito-tahsis","18":"product_tag-mercedes-benz-maybach","19":"product_tag-ozel-makam-araci-kirala","20":"product_tag-soforlu-arac-kiralama","21":"product_tag-soforlu-luks-arac-tahsisi","22":"product_tag-soforlu-makam-araci-kirala","23":"product_tag-soforlu-maybach-kirala","24":"product_tag-soforlu-vip-van-arac-kiralama","25":"product_tag-turne-araci-kirala","26":"product_tag-ultra-luks-minibus","27":"product_tag-uygun-fiyatli-arac-kiralama","30":"first","31":"instock","32":"sale","33":"taxable","34":"shipping-taxable","35":"purchasable","36":"product-type-simple"},"yoast_head":"<!-- This site is optimized with the Yoast SEO plugin v27.4 - https:\/\/yoast.com\/product\/yoast-seo-wordpress\/ -->\n<title>Ultra L\u00fcks Minib\u00fcs (12 Saat Kiralama) - VZN GRUP<\/title>\n<meta name=\"description\" content=\"Ultra L\u00fcks Minib\u00fcs\u00a0ara\u00e7lar\u0131m\u0131zla konforlu bir yolculu\u011fa haz\u0131r m\u0131s\u0131n\u0131z? \u015eof\u00f6r hizmetiyle birlikte sunulan bu \u00f6zel paket, Ultra L\u00fcks Ara\u00e7 Kategorisindedir.\" \/>\n<meta name=\"robots\" content=\"index, follow, max-snippet:-1, max-image-preview:large, max-video-preview:-1\" \/>\n<link rel=\"canonical\" href=\"https:\/\/www.vzngrup.com.tr\/en\/product\/ultra-luks-minibus-12-saat-kiralama\/\" \/>\n<meta property=\"og:locale\" content=\"en_US\" \/>\n<meta property=\"og:type\" content=\"article\" \/>\n<meta property=\"og:title\" content=\"Ultra L\u00fcks Minib\u00fcs (12 Saat Kiralama) - VZN GRUP\" \/>\n<meta property=\"og:description\" content=\"Ultra L\u00fcks Minib\u00fcs\u00a0ara\u00e7lar\u0131m\u0131zla konforlu bir yolculu\u011fa haz\u0131r m\u0131s\u0131n\u0131z? \u015eof\u00f6r hizmetiyle birlikte sunulan bu \u00f6zel paket, Ultra L\u00fcks Ara\u00e7 Kategorisindedir.\" \/>\n<meta property=\"og:url\" content=\"https:\/\/www.vzngrup.com.tr\/en\/product\/ultra-luks-minibus-12-saat-kiralama\/\" \/>\n<meta property=\"og:site_name\" content=\"VZN GRUP\" \/>\n<meta property=\"article:publisher\" content=\"https:\/\/www.facebook.com\/vzngrup\/\" \/>\n<meta property=\"article:modified_time\" content=\"2025-06-05T00:16:48+00:00\" \/>\n<meta property=\"og:image\" content=\"https:\/\/www.vzngrup.com.tr\/wp-content\/uploads\/2025\/06\/Ultra-Luks-Minibus-10.png\" \/>\n\t<meta property=\"og:image:width\" content=\"1000\" \/>\n\t<meta property=\"og:image:height\" content=\"1000\" \/>\n\t<meta property=\"og:image:type\" content=\"image\/png\" \/>\n<meta name=\"twitter:card\" content=\"summary_large_image\" \/>\n<meta name=\"twitter:site\" content=\"@VznVito\" \/>\n<meta name=\"twitter:label1\" content=\"Est. reading time\" \/>\n\t<meta name=\"twitter:data1\" content=\"1 minute\" \/>\n<script type=\"application\/ld+json\" class=\"yoast-schema-graph\">{\"@context\":\"https:\\\/\\\/schema.org\",\"@graph\":[{\"@type\":\"WebPage\",\"@id\":\"https:\\\/\\\/www.vzngrup.com.tr\\\/urun\\\/ultra-luks-minibus-12-saat-kiralama\\\/\",\"url\":\"https:\\\/\\\/www.vzngrup.com.tr\\\/urun\\\/ultra-luks-minibus-12-saat-kiralama\\\/\",\"name\":\"Ultra L\u00fcks Minib\u00fcs (12 Saat Kiralama) - VZN GRUP\",\"isPartOf\":{\"@id\":\"https:\\\/\\\/www.vzngrup.com.tr\\\/#website\"},\"primaryImageOfPage\":{\"@id\":\"https:\\\/\\\/www.vzngrup.com.tr\\\/urun\\\/ultra-luks-minibus-12-saat-kiralama\\\/#primaryimage\"},\"image\":{\"@id\":\"https:\\\/\\\/www.vzngrup.com.tr\\\/urun\\\/ultra-luks-minibus-12-saat-kiralama\\\/#primaryimage\"},\"thumbnailUrl\":\"https:\\\/\\\/www.vzngrup.com.tr\\\/wp-content\\\/uploads\\\/2025\\\/06\\\/Ultra-Luks-Minibus-10.png\",\"datePublished\":\"2025-06-05T00:16:32+00:00\",\"dateModified\":\"2025-06-05T00:16:48+00:00\",\"description\":\"Ultra L\u00fcks Minib\u00fcs\u00a0ara\u00e7lar\u0131m\u0131zla konforlu bir yolculu\u011fa haz\u0131r m\u0131s\u0131n\u0131z? \u015eof\u00f6r hizmetiyle birlikte sunulan bu \u00f6zel paket, Ultra L\u00fcks Ara\u00e7 Kategorisindedir.\",\"breadcrumb\":{\"@id\":\"https:\\\/\\\/www.vzngrup.com.tr\\\/urun\\\/ultra-luks-minibus-12-saat-kiralama\\\/#breadcrumb\"},\"inLanguage\":\"en-US\",\"potentialAction\":[{\"@type\":\"ReadAction\",\"target\":[\"https:\\\/\\\/www.vzngrup.com.tr\\\/urun\\\/ultra-luks-minibus-12-saat-kiralama\\\/\"]}]},{\"@type\":\"ImageObject\",\"inLanguage\":\"en-US\",\"@id\":\"https:\\\/\\\/www.vzngrup.com.tr\\\/urun\\\/ultra-luks-minibus-12-saat-kiralama\\\/#primaryimage\",\"url\":\"https:\\\/\\\/www.vzngrup.com.tr\\\/wp-content\\\/uploads\\\/2025\\\/06\\\/Ultra-Luks-Minibus-10.png\",\"contentUrl\":\"https:\\\/\\\/www.vzngrup.com.tr\\\/wp-content\\\/uploads\\\/2025\\\/06\\\/Ultra-Luks-Minibus-10.png\",\"width\":1000,\"height\":1000},{\"@type\":\"BreadcrumbList\",\"@id\":\"https:\\\/\\\/www.vzngrup.com.tr\\\/urun\\\/ultra-luks-minibus-12-saat-kiralama\\\/#breadcrumb\",\"itemListElement\":[{\"@type\":\"ListItem\",\"position\":1,\"name\":\"Anasayfa\",\"item\":\"https:\\\/\\\/www.vzngrup.com.tr\\\/\"},{\"@type\":\"ListItem\",\"position\":2,\"name\":\"Shop\",\"item\":\"https:\\\/\\\/www.vzngrup.com.tr\\\/it\\\/shop\\\/\"},{\"@type\":\"ListItem\",\"position\":3,\"name\":\"Ultra L\u00fcks Minib\u00fcs (12 Saat Kiralama)\"}]},{\"@type\":\"WebSite\",\"@id\":\"https:\\\/\\\/www.vzngrup.com.tr\\\/#website\",\"url\":\"https:\\\/\\\/www.vzngrup.com.tr\\\/\",\"name\":\"VZN GRUP\",\"description\":\"Her An\u0131 \u00f6zel K\u0131l\u0131n.!\",\"publisher\":{\"@id\":\"https:\\\/\\\/www.vzngrup.com.tr\\\/#organization\"},\"potentialAction\":[{\"@type\":\"SearchAction\",\"target\":{\"@type\":\"EntryPoint\",\"urlTemplate\":\"https:\\\/\\\/www.vzngrup.com.tr\\\/?s={search_term_string}\"},\"query-input\":{\"@type\":\"PropertyValueSpecification\",\"valueRequired\":true,\"valueName\":\"search_term_string\"}}],\"inLanguage\":\"en-US\"},{\"@type\":\"Organization\",\"@id\":\"https:\\\/\\\/www.vzngrup.com.tr\\\/#organization\",\"name\":\"VZN GRUP\",\"url\":\"https:\\\/\\\/www.vzngrup.com.tr\\\/\",\"logo\":{\"@type\":\"ImageObject\",\"inLanguage\":\"en-US\",\"@id\":\"https:\\\/\\\/www.vzngrup.com.tr\\\/#\\\/schema\\\/logo\\\/image\\\/\",\"url\":\"https:\\\/\\\/www.vzngrup.com.tr\\\/wp-content\\\/uploads\\\/2019\\\/06\\\/cropped-512x512-altin-logo.png\",\"contentUrl\":\"https:\\\/\\\/www.vzngrup.com.tr\\\/wp-content\\\/uploads\\\/2019\\\/06\\\/cropped-512x512-altin-logo.png\",\"width\":512,\"height\":512,\"caption\":\"VZN GRUP\"},\"image\":{\"@id\":\"https:\\\/\\\/www.vzngrup.com.tr\\\/#\\\/schema\\\/logo\\\/image\\\/\"},\"sameAs\":[\"https:\\\/\\\/www.facebook.com\\\/vzngrup\\\/\",\"https:\\\/\\\/x.com\\\/VznVito\",\"https:\\\/\\\/vk.com\\\/id842151981\",\"https:\\\/\\\/www.tripadvisor.com.tr\\\/Attraction_Review-g293974-d27724358-Reviews-VZN_GROUP-Istanbul.html\",\"https:\\\/\\\/www.linkedin.com\\\/search\\\/results\\\/all\\\/?heroEntityKey=urnliorganization88964084&keywords=VZNGRUPTURZMYATIRIMA..&origin=ENTITY_SEARCH_HOME_HISTORY&sid=9ei\",\"https:\\\/\\\/www.youtube.com\\\/@vzngrupturizmyatirima.s\",\"https:\\\/\\\/www.instagram.com\\\/vzngrup\\\/\"]}]}<\/script>\n<!-- \/ Yoast SEO plugin. -->","yoast_head_json":{"title":"Ultra L\u00fcks Minib\u00fcs (12 Saat Kiralama) - VZN GRUP","description":"Ultra L\u00fcks Minib\u00fcs\u00a0ara\u00e7lar\u0131m\u0131zla konforlu bir yolculu\u011fa haz\u0131r m\u0131s\u0131n\u0131z? \u015eof\u00f6r hizmetiyle birlikte sunulan bu \u00f6zel paket, Ultra L\u00fcks Ara\u00e7 Kategorisindedir.","robots":{"index":"index","follow":"follow","max-snippet":"max-snippet:-1","max-image-preview":"max-image-preview:large","max-video-preview":"max-video-preview:-1"},"canonical":"https:\/\/www.vzngrup.com.tr\/en\/product\/ultra-luks-minibus-12-saat-kiralama\/","og_locale":"en_US","og_type":"article","og_title":"Ultra L\u00fcks Minib\u00fcs (12 Saat Kiralama) - VZN GRUP","og_description":"Ultra L\u00fcks Minib\u00fcs\u00a0ara\u00e7lar\u0131m\u0131zla konforlu bir yolculu\u011fa haz\u0131r m\u0131s\u0131n\u0131z? \u015eof\u00f6r hizmetiyle birlikte sunulan bu \u00f6zel paket, Ultra L\u00fcks Ara\u00e7 Kategorisindedir.","og_url":"https:\/\/www.vzngrup.com.tr\/en\/product\/ultra-luks-minibus-12-saat-kiralama\/","og_site_name":"VZN GRUP","article_publisher":"https:\/\/www.facebook.com\/vzngrup\/","article_modified_time":"2025-06-05T00:16:48+00:00","og_image":[{"width":1000,"height":1000,"url":"https:\/\/www.vzngrup.com.tr\/wp-content\/uploads\/2025\/06\/Ultra-Luks-Minibus-10.png","type":"image\/png"}],"twitter_card":"summary_large_image","twitter_site":"@VznVito","twitter_misc":{"Est. reading time":"1 minute"},"schema":{"@context":"https:\/\/schema.org","@graph":[{"@type":"WebPage","@id":"https:\/\/www.vzngrup.com.tr\/urun\/ultra-luks-minibus-12-saat-kiralama\/","url":"https:\/\/www.vzngrup.com.tr\/urun\/ultra-luks-minibus-12-saat-kiralama\/","name":"Ultra L\u00fcks Minib\u00fcs (12 Saat Kiralama) - VZN GRUP","isPartOf":{"@id":"https:\/\/www.vzngrup.com.tr\/#website"},"primaryImageOfPage":{"@id":"https:\/\/www.vzngrup.com.tr\/urun\/ultra-luks-minibus-12-saat-kiralama\/#primaryimage"},"image":{"@id":"https:\/\/www.vzngrup.com.tr\/urun\/ultra-luks-minibus-12-saat-kiralama\/#primaryimage"},"thumbnailUrl":"https:\/\/www.vzngrup.com.tr\/wp-content\/uploads\/2025\/06\/Ultra-Luks-Minibus-10.png","datePublished":"2025-06-05T00:16:32+00:00","dateModified":"2025-06-05T00:16:48+00:00","description":"Ultra L\u00fcks Minib\u00fcs\u00a0ara\u00e7lar\u0131m\u0131zla konforlu bir yolculu\u011fa haz\u0131r m\u0131s\u0131n\u0131z? \u015eof\u00f6r hizmetiyle birlikte sunulan bu \u00f6zel paket, Ultra L\u00fcks Ara\u00e7 Kategorisindedir.","breadcrumb":{"@id":"https:\/\/www.vzngrup.com.tr\/urun\/ultra-luks-minibus-12-saat-kiralama\/#breadcrumb"},"inLanguage":"en-US","potentialAction":[{"@type":"ReadAction","target":["https:\/\/www.vzngrup.com.tr\/urun\/ultra-luks-minibus-12-saat-kiralama\/"]}]},{"@type":"ImageObject","inLanguage":"en-US","@id":"https:\/\/www.vzngrup.com.tr\/urun\/ultra-luks-minibus-12-saat-kiralama\/#primaryimage","url":"https:\/\/www.vzngrup.com.tr\/wp-content\/uploads\/2025\/06\/Ultra-Luks-Minibus-10.png","contentUrl":"https:\/\/www.vzngrup.com.tr\/wp-content\/uploads\/2025\/06\/Ultra-Luks-Minibus-10.png","width":1000,"height":1000},{"@type":"BreadcrumbList","@id":"https:\/\/www.vzngrup.com.tr\/urun\/ultra-luks-minibus-12-saat-kiralama\/#breadcrumb","itemListElement":[{"@type":"ListItem","position":1,"name":"Anasayfa","item":"https:\/\/www.vzngrup.com.tr\/"},{"@type":"ListItem","position":2,"name":"Shop","item":"https:\/\/www.vzngrup.com.tr\/it\/shop\/"},{"@type":"ListItem","position":3,"name":"Ultra L\u00fcks Minib\u00fcs (12 Saat Kiralama)"}]},{"@type":"WebSite","@id":"https:\/\/www.vzngrup.com.tr\/#website","url":"https:\/\/www.vzngrup.com.tr\/","name":"VZN GROUP","description":"Make Every Moment Special!","publisher":{"@id":"https:\/\/www.vzngrup.com.tr\/#organization"},"potentialAction":[{"@type":"SearchAction","target":{"@type":"EntryPoint","urlTemplate":"https:\/\/www.vzngrup.com.tr\/?s={search_term_string}"},"query-input":{"@type":"PropertyValueSpecification","valueRequired":true,"valueName":"search_term_string"}}],"inLanguage":"en-US"},{"@type":"Organization","@id":"https:\/\/www.vzngrup.com.tr\/#organization","name":"VZN GROUP","url":"https:\/\/www.vzngrup.com.tr\/","logo":{"@type":"ImageObject","inLanguage":"en-US","@id":"https:\/\/www.vzngrup.com.tr\/#\/schema\/logo\/image\/","url":"https:\/\/www.vzngrup.com.tr\/wp-content\/uploads\/2019\/06\/cropped-512x512-altin-logo.png","contentUrl":"https:\/\/www.vzngrup.com.tr\/wp-content\/uploads\/2019\/06\/cropped-512x512-altin-logo.png","width":512,"height":512,"caption":"VZN GRUP"},"image":{"@id":"https:\/\/www.vzngrup.com.tr\/#\/schema\/logo\/image\/"},"sameAs":["https:\/\/www.facebook.com\/vzngrup\/","https:\/\/x.com\/VznVito","https:\/\/vk.com\/id842151981","https:\/\/www.tripadvisor.com.tr\/Attraction_Review-g293974-d27724358-Reviews-VZN_GROUP-Istanbul.html","https:\/\/www.linkedin.com\/search\/results\/all\/?heroEntityKey=urnliorganization88964084&keywords=VZNGRUPTURZMYATIRIMA..&origin=ENTITY_SEARCH_HOME_HISTORY&sid=9ei","https:\/\/www.youtube.com\/@vzngrupturizmyatirima.s","https:\/\/www.instagram.com\/vzngrup\/"]}]}},"_links":{"self":[{"href":"https:\/\/www.vzngrup.com.tr\/en\/wp-json\/wp\/v2\/product\/42242","targetHints":{"allow":["GET"]}}],"collection":[{"href":"https:\/\/www.vzngrup.com.tr\/en\/wp-json\/wp\/v2\/product"}],"about":[{"href":"https:\/\/www.vzngrup.com.tr\/en\/wp-json\/wp\/v2\/types\/product"}],"replies":[{"embeddable":true,"href":"https:\/\/www.vzngrup.com.tr\/en\/wp-json\/wp\/v2\/comments?post=42242"}],"wp:featuredmedia":[{"embeddable":true,"href":"https:\/\/www.vzngrup.com.tr\/en\/wp-json\/wp\/v2\/media\/41761"}],"wp:attachment":[{"href":"https:\/\/www.vzngrup.com.tr\/en\/wp-json\/wp\/v2\/media?parent=42242"}],"wp:term":[{"taxonomy":"product_brand","embeddable":true,"href":"https:\/\/www.vzngrup.com.tr\/en\/wp-json\/wp\/v2\/product_brand?post=42242"},{"taxonomy":"product_cat","embeddable":true,"href":"https:\/\/www.vzngrup.com.tr\/en\/wp-json\/wp\/v2\/product_cat?post=42242"},{"taxonomy":"product_tag","embeddable":true,"href":"https:\/\/www.vzngrup.com.tr\/en\/wp-json\/wp\/v2\/product_tag?post=42242"}],"curies":[{"name":"wp","href":"https:\/\/api.w.org\/{rel}","templated":true}]}}