{"id":42212,"date":"2025-06-05T00:16:08","date_gmt":"2025-06-05T00:16:08","guid":{"rendered":"https:\/\/www.vzngrup.online\/?post_type=product&#038;p=42212"},"modified":"2025-06-05T00:16:23","modified_gmt":"2025-06-05T00:16:23","slug":"luks-sedan-30-gun-kiralama","status":"publish","type":"product","link":"https:\/\/www.vzngrup.com.tr\/en\/product\/luks-sedan-30-gun-kiralama\/","title":{"rendered":"Luxury Sedan (30 Days Rental)"},"content":{"rendered":"<p>Are you ready for a comfortable journey with our luxury sedan vehicles? We represent you in the best way on your special days with our trained private chauffeur and latest model vehicle. You will not have to drive in the city traffic or look for a vehicle for transportation. Your private chauffeur will be ready at any time you want.<\/p>\n<ul>\n<li><strong>Duration :<\/strong> 30 Days<\/li>\n<li><strong>Daily Duration :<\/strong> 8+2 Hours (2 hours are a gift from our company)<\/li>\n<li><strong>Distance Limit :<\/strong> 6000 KM<\/li>\n<li><strong>Passenger Capacity :<\/strong> 3 Persons<\/li>\n<li><strong>Luggage Capacity :<\/strong> 3 Medium Size Suitcases and handbags<\/li>\n<\/ul>\n<p><strong>Depending on the program status, a Mercedes-Benz C 200, Mercedes-Benz C 200, Volkswagen Passat vehicle or a higher segment vehicle depending on the program intensity is allocated at the same price.<\/strong><\/p>\n<p>It is subject to A-2 Certificate of Authority.<\/p>","protected":false},"excerpt":{"rendered":"<p><strong>Luxury Sedan Executive Car<\/strong><\/p>","protected":false},"featured_media":41702,"comment_status":"open","ping_status":"closed","template":"","meta":{"_monsterinsights_skip_tracking":false,"_monsterinsights_sitenote_active":false,"_monsterinsights_sitenote_note":"","_monsterinsights_sitenote_category":0,"_uf_show_specific_survey":0,"_uf_disable_surveys":false},"product_brand":[],"product_cat":[561,1101],"product_tag":[2355,2356,1070,1071,1072,1073,1074,1075,1076,1102,1103,1104,1105,977,1084,1106],"class_list":{"0":"post-42212","1":"product","2":"type-product","3":"status-publish","4":"has-post-thumbnail","6":"product_cat-genel","7":"product_cat-luks-sedan","8":"product_tag-1-aylik-luks-sedan-kiralama","9":"product_tag-30-gunluk-luks-sedan-kiralama","10":"product_tag-ekonomik-arac-tahsis","11":"product_tag-ekonomik-sedan","12":"product_tag-gunluk-kiralik-arac","13":"product_tag-istanbul-arac-kiralama","14":"product_tag-istanbul-arac-tahsis","15":"product_tag-istanbul-gunluk-arac","16":"product_tag-istanbul-gunluk-kiralik-arac","17":"product_tag-istanbul-gunluk-luks-arac-kirala","18":"product_tag-istanbul-luks-arac-kirala","19":"product_tag-mercedes-benz-c-200","20":"product_tag-mercedes-benz-e-200","21":"product_tag-soforlu-arac-kiralama","22":"product_tag-uygun-fiyatli-arac-kiralama","23":"product_tag-volkswagen-passat","26":"first","27":"instock","28":"sale","29":"taxable","30":"shipping-taxable","31":"purchasable","32":"product-type-simple"},"yoast_head":"<!-- This site is optimized with the Yoast SEO plugin v27.4 - https:\/\/yoast.com\/product\/yoast-seo-wordpress\/ -->\n<title>L\u00fcks Sedan (30 G\u00fcn Kiralama) - VZN GRUP<\/title>\n<meta name=\"description\" content=\"L\u00fcks Sedan ara\u00e7lar\u0131m\u0131zla konforlu bir yolculu\u011fa haz\u0131r m\u0131s\u0131n\u0131z? E\u011fitimli \u00d6zel \u015eof\u00f6r\u00fcn\u00fcz\u00a0 ve son model arac\u0131m\u0131z ile Sizi \u00d6zel g\u00fcnlerinizde en iyi \u015fekilde temsil ediyoruz.\" \/>\n<meta name=\"robots\" content=\"index, follow, max-snippet:-1, max-image-preview:large, max-video-preview:-1\" \/>\n<link rel=\"canonical\" href=\"https:\/\/www.vzngrup.com.tr\/en\/product\/luks-sedan-30-gun-kiralama\/\" \/>\n<meta property=\"og:locale\" content=\"en_US\" \/>\n<meta property=\"og:type\" content=\"article\" \/>\n<meta property=\"og:title\" content=\"L\u00fcks Sedan (30 G\u00fcn Kiralama) - VZN GRUP\" \/>\n<meta property=\"og:description\" content=\"L\u00fcks Sedan ara\u00e7lar\u0131m\u0131zla konforlu bir yolculu\u011fa haz\u0131r m\u0131s\u0131n\u0131z? E\u011fitimli \u00d6zel \u015eof\u00f6r\u00fcn\u00fcz\u00a0 ve son model arac\u0131m\u0131z ile Sizi \u00d6zel g\u00fcnlerinizde en iyi \u015fekilde temsil ediyoruz.\" \/>\n<meta property=\"og:url\" content=\"https:\/\/www.vzngrup.com.tr\/en\/product\/luks-sedan-30-gun-kiralama\/\" \/>\n<meta property=\"og:site_name\" content=\"VZN GRUP\" \/>\n<meta property=\"article:publisher\" content=\"https:\/\/www.facebook.com\/vzngrup\/\" \/>\n<meta property=\"article:modified_time\" content=\"2025-06-05T00:16:23+00:00\" \/>\n<meta property=\"og:image\" content=\"https:\/\/www.vzngrup.com.tr\/wp-content\/uploads\/2025\/06\/1000x1000-Luks-Sedan-.png\" \/>\n\t<meta property=\"og:image:width\" content=\"1000\" \/>\n\t<meta property=\"og:image:height\" content=\"1000\" \/>\n\t<meta property=\"og:image:type\" content=\"image\/png\" \/>\n<meta name=\"twitter:card\" content=\"summary_large_image\" \/>\n<meta name=\"twitter:site\" content=\"@VznVito\" \/>\n<meta name=\"twitter:label1\" content=\"Est. reading time\" \/>\n\t<meta name=\"twitter:data1\" content=\"1 minute\" \/>\n<script type=\"application\/ld+json\" class=\"yoast-schema-graph\">{\"@context\":\"https:\\\/\\\/schema.org\",\"@graph\":[{\"@type\":\"WebPage\",\"@id\":\"https:\\\/\\\/www.vzngrup.com.tr\\\/urun\\\/luks-sedan-30-gun-kiralama\\\/\",\"url\":\"https:\\\/\\\/www.vzngrup.com.tr\\\/urun\\\/luks-sedan-30-gun-kiralama\\\/\",\"name\":\"L\u00fcks Sedan (30 G\u00fcn Kiralama) - VZN GRUP\",\"isPartOf\":{\"@id\":\"https:\\\/\\\/www.vzngrup.com.tr\\\/#website\"},\"primaryImageOfPage\":{\"@id\":\"https:\\\/\\\/www.vzngrup.com.tr\\\/urun\\\/luks-sedan-30-gun-kiralama\\\/#primaryimage\"},\"image\":{\"@id\":\"https:\\\/\\\/www.vzngrup.com.tr\\\/urun\\\/luks-sedan-30-gun-kiralama\\\/#primaryimage\"},\"thumbnailUrl\":\"https:\\\/\\\/www.vzngrup.com.tr\\\/wp-content\\\/uploads\\\/2025\\\/06\\\/1000x1000-Luks-Sedan-.png\",\"datePublished\":\"2025-06-05T00:16:08+00:00\",\"dateModified\":\"2025-06-05T00:16:23+00:00\",\"description\":\"L\u00fcks Sedan ara\u00e7lar\u0131m\u0131zla konforlu bir yolculu\u011fa haz\u0131r m\u0131s\u0131n\u0131z? E\u011fitimli \u00d6zel \u015eof\u00f6r\u00fcn\u00fcz\u00a0 ve son model arac\u0131m\u0131z ile Sizi \u00d6zel g\u00fcnlerinizde en iyi \u015fekilde temsil ediyoruz.\",\"breadcrumb\":{\"@id\":\"https:\\\/\\\/www.vzngrup.com.tr\\\/urun\\\/luks-sedan-30-gun-kiralama\\\/#breadcrumb\"},\"inLanguage\":\"en-US\",\"potentialAction\":[{\"@type\":\"ReadAction\",\"target\":[\"https:\\\/\\\/www.vzngrup.com.tr\\\/urun\\\/luks-sedan-30-gun-kiralama\\\/\"]}]},{\"@type\":\"ImageObject\",\"inLanguage\":\"en-US\",\"@id\":\"https:\\\/\\\/www.vzngrup.com.tr\\\/urun\\\/luks-sedan-30-gun-kiralama\\\/#primaryimage\",\"url\":\"https:\\\/\\\/www.vzngrup.com.tr\\\/wp-content\\\/uploads\\\/2025\\\/06\\\/1000x1000-Luks-Sedan-.png\",\"contentUrl\":\"https:\\\/\\\/www.vzngrup.com.tr\\\/wp-content\\\/uploads\\\/2025\\\/06\\\/1000x1000-Luks-Sedan-.png\",\"width\":1000,\"height\":1000},{\"@type\":\"BreadcrumbList\",\"@id\":\"https:\\\/\\\/www.vzngrup.com.tr\\\/urun\\\/luks-sedan-30-gun-kiralama\\\/#breadcrumb\",\"itemListElement\":[{\"@type\":\"ListItem\",\"position\":1,\"name\":\"Anasayfa\",\"item\":\"https:\\\/\\\/www.vzngrup.com.tr\\\/\"},{\"@type\":\"ListItem\",\"position\":2,\"name\":\"Shop\",\"item\":\"https:\\\/\\\/www.vzngrup.com.tr\\\/it\\\/shop\\\/\"},{\"@type\":\"ListItem\",\"position\":3,\"name\":\"L\u00fcks Sedan (30 G\u00fcn Kiralama)\"}]},{\"@type\":\"WebSite\",\"@id\":\"https:\\\/\\\/www.vzngrup.com.tr\\\/#website\",\"url\":\"https:\\\/\\\/www.vzngrup.com.tr\\\/\",\"name\":\"VZN GRUP\",\"description\":\"Her An\u0131 \u00f6zel K\u0131l\u0131n.!\",\"publisher\":{\"@id\":\"https:\\\/\\\/www.vzngrup.com.tr\\\/#organization\"},\"potentialAction\":[{\"@type\":\"SearchAction\",\"target\":{\"@type\":\"EntryPoint\",\"urlTemplate\":\"https:\\\/\\\/www.vzngrup.com.tr\\\/?s={search_term_string}\"},\"query-input\":{\"@type\":\"PropertyValueSpecification\",\"valueRequired\":true,\"valueName\":\"search_term_string\"}}],\"inLanguage\":\"en-US\"},{\"@type\":\"Organization\",\"@id\":\"https:\\\/\\\/www.vzngrup.com.tr\\\/#organization\",\"name\":\"VZN GRUP\",\"url\":\"https:\\\/\\\/www.vzngrup.com.tr\\\/\",\"logo\":{\"@type\":\"ImageObject\",\"inLanguage\":\"en-US\",\"@id\":\"https:\\\/\\\/www.vzngrup.com.tr\\\/#\\\/schema\\\/logo\\\/image\\\/\",\"url\":\"https:\\\/\\\/www.vzngrup.com.tr\\\/wp-content\\\/uploads\\\/2019\\\/06\\\/cropped-512x512-altin-logo.png\",\"contentUrl\":\"https:\\\/\\\/www.vzngrup.com.tr\\\/wp-content\\\/uploads\\\/2019\\\/06\\\/cropped-512x512-altin-logo.png\",\"width\":512,\"height\":512,\"caption\":\"VZN GRUP\"},\"image\":{\"@id\":\"https:\\\/\\\/www.vzngrup.com.tr\\\/#\\\/schema\\\/logo\\\/image\\\/\"},\"sameAs\":[\"https:\\\/\\\/www.facebook.com\\\/vzngrup\\\/\",\"https:\\\/\\\/x.com\\\/VznVito\",\"https:\\\/\\\/vk.com\\\/id842151981\",\"https:\\\/\\\/www.tripadvisor.com.tr\\\/Attraction_Review-g293974-d27724358-Reviews-VZN_GROUP-Istanbul.html\",\"https:\\\/\\\/www.linkedin.com\\\/search\\\/results\\\/all\\\/?heroEntityKey=urnliorganization88964084&keywords=VZNGRUPTURZMYATIRIMA..&origin=ENTITY_SEARCH_HOME_HISTORY&sid=9ei\",\"https:\\\/\\\/www.youtube.com\\\/@vzngrupturizmyatirima.s\",\"https:\\\/\\\/www.instagram.com\\\/vzngrup\\\/\"]}]}<\/script>\n<!-- \/ Yoast SEO plugin. -->","yoast_head_json":{"title":"L\u00fcks Sedan (30 G\u00fcn Kiralama) - VZN GRUP","description":"L\u00fcks Sedan ara\u00e7lar\u0131m\u0131zla konforlu bir yolculu\u011fa haz\u0131r m\u0131s\u0131n\u0131z? E\u011fitimli \u00d6zel \u015eof\u00f6r\u00fcn\u00fcz\u00a0 ve son model arac\u0131m\u0131z ile Sizi \u00d6zel g\u00fcnlerinizde en iyi \u015fekilde temsil ediyoruz.","robots":{"index":"index","follow":"follow","max-snippet":"max-snippet:-1","max-image-preview":"max-image-preview:large","max-video-preview":"max-video-preview:-1"},"canonical":"https:\/\/www.vzngrup.com.tr\/en\/product\/luks-sedan-30-gun-kiralama\/","og_locale":"en_US","og_type":"article","og_title":"L\u00fcks Sedan (30 G\u00fcn Kiralama) - VZN GRUP","og_description":"L\u00fcks Sedan ara\u00e7lar\u0131m\u0131zla konforlu bir yolculu\u011fa haz\u0131r m\u0131s\u0131n\u0131z? E\u011fitimli \u00d6zel \u015eof\u00f6r\u00fcn\u00fcz\u00a0 ve son model arac\u0131m\u0131z ile Sizi \u00d6zel g\u00fcnlerinizde en iyi \u015fekilde temsil ediyoruz.","og_url":"https:\/\/www.vzngrup.com.tr\/en\/product\/luks-sedan-30-gun-kiralama\/","og_site_name":"VZN GRUP","article_publisher":"https:\/\/www.facebook.com\/vzngrup\/","article_modified_time":"2025-06-05T00:16:23+00:00","og_image":[{"width":1000,"height":1000,"url":"https:\/\/www.vzngrup.com.tr\/wp-content\/uploads\/2025\/06\/1000x1000-Luks-Sedan-.png","type":"image\/png"}],"twitter_card":"summary_large_image","twitter_site":"@VznVito","twitter_misc":{"Est. reading time":"1 minute"},"schema":{"@context":"https:\/\/schema.org","@graph":[{"@type":"WebPage","@id":"https:\/\/www.vzngrup.com.tr\/urun\/luks-sedan-30-gun-kiralama\/","url":"https:\/\/www.vzngrup.com.tr\/urun\/luks-sedan-30-gun-kiralama\/","name":"L\u00fcks Sedan (30 G\u00fcn Kiralama) - VZN GRUP","isPartOf":{"@id":"https:\/\/www.vzngrup.com.tr\/#website"},"primaryImageOfPage":{"@id":"https:\/\/www.vzngrup.com.tr\/urun\/luks-sedan-30-gun-kiralama\/#primaryimage"},"image":{"@id":"https:\/\/www.vzngrup.com.tr\/urun\/luks-sedan-30-gun-kiralama\/#primaryimage"},"thumbnailUrl":"https:\/\/www.vzngrup.com.tr\/wp-content\/uploads\/2025\/06\/1000x1000-Luks-Sedan-.png","datePublished":"2025-06-05T00:16:08+00:00","dateModified":"2025-06-05T00:16:23+00:00","description":"L\u00fcks Sedan ara\u00e7lar\u0131m\u0131zla konforlu bir yolculu\u011fa haz\u0131r m\u0131s\u0131n\u0131z? E\u011fitimli \u00d6zel \u015eof\u00f6r\u00fcn\u00fcz\u00a0 ve son model arac\u0131m\u0131z ile Sizi \u00d6zel g\u00fcnlerinizde en iyi \u015fekilde temsil ediyoruz.","breadcrumb":{"@id":"https:\/\/www.vzngrup.com.tr\/urun\/luks-sedan-30-gun-kiralama\/#breadcrumb"},"inLanguage":"en-US","potentialAction":[{"@type":"ReadAction","target":["https:\/\/www.vzngrup.com.tr\/urun\/luks-sedan-30-gun-kiralama\/"]}]},{"@type":"ImageObject","inLanguage":"en-US","@id":"https:\/\/www.vzngrup.com.tr\/urun\/luks-sedan-30-gun-kiralama\/#primaryimage","url":"https:\/\/www.vzngrup.com.tr\/wp-content\/uploads\/2025\/06\/1000x1000-Luks-Sedan-.png","contentUrl":"https:\/\/www.vzngrup.com.tr\/wp-content\/uploads\/2025\/06\/1000x1000-Luks-Sedan-.png","width":1000,"height":1000},{"@type":"BreadcrumbList","@id":"https:\/\/www.vzngrup.com.tr\/urun\/luks-sedan-30-gun-kiralama\/#breadcrumb","itemListElement":[{"@type":"ListItem","position":1,"name":"Anasayfa","item":"https:\/\/www.vzngrup.com.tr\/"},{"@type":"ListItem","position":2,"name":"Shop","item":"https:\/\/www.vzngrup.com.tr\/it\/shop\/"},{"@type":"ListItem","position":3,"name":"L\u00fcks Sedan (30 G\u00fcn Kiralama)"}]},{"@type":"WebSite","@id":"https:\/\/www.vzngrup.com.tr\/#website","url":"https:\/\/www.vzngrup.com.tr\/","name":"VZN GROUP","description":"Make Every Moment Special!","publisher":{"@id":"https:\/\/www.vzngrup.com.tr\/#organization"},"potentialAction":[{"@type":"SearchAction","target":{"@type":"EntryPoint","urlTemplate":"https:\/\/www.vzngrup.com.tr\/?s={search_term_string}"},"query-input":{"@type":"PropertyValueSpecification","valueRequired":true,"valueName":"search_term_string"}}],"inLanguage":"en-US"},{"@type":"Organization","@id":"https:\/\/www.vzngrup.com.tr\/#organization","name":"VZN GROUP","url":"https:\/\/www.vzngrup.com.tr\/","logo":{"@type":"ImageObject","inLanguage":"en-US","@id":"https:\/\/www.vzngrup.com.tr\/#\/schema\/logo\/image\/","url":"https:\/\/www.vzngrup.com.tr\/wp-content\/uploads\/2019\/06\/cropped-512x512-altin-logo.png","contentUrl":"https:\/\/www.vzngrup.com.tr\/wp-content\/uploads\/2019\/06\/cropped-512x512-altin-logo.png","width":512,"height":512,"caption":"VZN GRUP"},"image":{"@id":"https:\/\/www.vzngrup.com.tr\/#\/schema\/logo\/image\/"},"sameAs":["https:\/\/www.facebook.com\/vzngrup\/","https:\/\/x.com\/VznVito","https:\/\/vk.com\/id842151981","https:\/\/www.tripadvisor.com.tr\/Attraction_Review-g293974-d27724358-Reviews-VZN_GROUP-Istanbul.html","https:\/\/www.linkedin.com\/search\/results\/all\/?heroEntityKey=urnliorganization88964084&keywords=VZNGRUPTURZMYATIRIMA..&origin=ENTITY_SEARCH_HOME_HISTORY&sid=9ei","https:\/\/www.youtube.com\/@vzngrupturizmyatirima.s","https:\/\/www.instagram.com\/vzngrup\/"]}]}},"_links":{"self":[{"href":"https:\/\/www.vzngrup.com.tr\/en\/wp-json\/wp\/v2\/product\/42212","targetHints":{"allow":["GET"]}}],"collection":[{"href":"https:\/\/www.vzngrup.com.tr\/en\/wp-json\/wp\/v2\/product"}],"about":[{"href":"https:\/\/www.vzngrup.com.tr\/en\/wp-json\/wp\/v2\/types\/product"}],"replies":[{"embeddable":true,"href":"https:\/\/www.vzngrup.com.tr\/en\/wp-json\/wp\/v2\/comments?post=42212"}],"wp:featuredmedia":[{"embeddable":true,"href":"https:\/\/www.vzngrup.com.tr\/en\/wp-json\/wp\/v2\/media\/41702"}],"wp:attachment":[{"href":"https:\/\/www.vzngrup.com.tr\/en\/wp-json\/wp\/v2\/media?parent=42212"}],"wp:term":[{"taxonomy":"product_brand","embeddable":true,"href":"https:\/\/www.vzngrup.com.tr\/en\/wp-json\/wp\/v2\/product_brand?post=42212"},{"taxonomy":"product_cat","embeddable":true,"href":"https:\/\/www.vzngrup.com.tr\/en\/wp-json\/wp\/v2\/product_cat?post=42212"},{"taxonomy":"product_tag","embeddable":true,"href":"https:\/\/www.vzngrup.com.tr\/en\/wp-json\/wp\/v2\/product_tag?post=42212"}],"curies":[{"name":"wp","href":"https:\/\/api.w.org\/{rel}","templated":true}]}}