{"id":42162,"date":"2025-06-05T00:13:14","date_gmt":"2025-06-05T00:13:14","guid":{"rendered":"https:\/\/www.vzngrup.online\/?post_type=product&#038;p=42162"},"modified":"2025-06-05T00:15:56","modified_gmt":"2025-06-05T00:15:56","slug":"luks-vip-van-10-saat-kiralama","status":"publish","type":"product","link":"https:\/\/www.vzngrup.com.tr\/en\/product\/luks-vip-van-10-saat-kiralama\/","title":{"rendered":"Luxury Vip Van (10 Hour Rental)"},"content":{"rendered":"<p>Are you ready for a comfortable journey with our luxury VIP Van vehicles? Our Luxury VIP Van vehicle with its highly stylish VIP Design interior and trained private chauffeur will represent you in the best way on your special days. You will not have to drive in the city traffic or look for a vehicle for transportation. Your private chauffeur will be ready at any time you want.<\/p>\n<ul>\n<li><strong>Daily Duration :<\/strong> 10 Hours<\/li>\n<li><strong>Distance Limit :<\/strong> 190 KM<\/li>\n<li><strong>Passenger Capacity :<\/strong> Up to 6 People<\/li>\n<li><strong>Luggage Capacity :<\/strong> 6 Large Size Suitcases and Handbags<\/li>\n<\/ul>\n<p><strong>Depending on the program status, a Mercedes-Benz Vito, Volkswagen Transporter vehicle or a higher segment vehicle depending on the program density is allocated at the same price.<\/strong><\/p>","protected":false},"excerpt":{"rendered":"<div class=\"woocommerce-product-details__short-description\">\n<p><strong>Luxury VIP Van 10 Hour Rental<\/strong><\/p>\n<\/div>","protected":false},"featured_media":41716,"comment_status":"open","ping_status":"closed","template":"","meta":{"_monsterinsights_skip_tracking":false,"_monsterinsights_sitenote_active":false,"_monsterinsights_sitenote_note":"","_monsterinsights_sitenote_category":0,"_uf_show_specific_survey":0,"_uf_disable_surveys":false},"product_brand":[],"product_cat":[561,1111],"product_tag":[2309,1070,1072,1073,1074,1075,1076,1102,1103,1112,1113,1020,976,977,1114,1084,1115],"class_list":{"0":"post-42162","1":"product","2":"type-product","3":"status-publish","4":"has-post-thumbnail","6":"product_cat-genel","7":"product_cat-luks-vip-van","8":"product_tag-10-saatlik-vito-kiralama","9":"product_tag-ekonomik-arac-tahsis","10":"product_tag-gunluk-kiralik-arac","11":"product_tag-istanbul-arac-kiralama","12":"product_tag-istanbul-arac-tahsis","13":"product_tag-istanbul-gunluk-arac","14":"product_tag-istanbul-gunluk-kiralik-arac","15":"product_tag-istanbul-gunluk-luks-arac-kirala","16":"product_tag-istanbul-luks-arac-kirala","17":"product_tag-istanbul-vip-van-kirala","18":"product_tag-istanbul-vito-tahsis","19":"product_tag-luks-vip-van","20":"product_tag-mercedes-benz-vito","21":"product_tag-soforlu-arac-kiralama","22":"product_tag-soforlu-vip-van-arac-kiralama","23":"product_tag-uygun-fiyatli-arac-kiralama","24":"product_tag-volkswagen-caravella","27":"first","28":"instock","29":"sale","30":"taxable","31":"shipping-taxable","32":"purchasable","33":"product-type-simple"},"yoast_head":"<!-- This site is optimized with the Yoast SEO plugin v27.4 - https:\/\/yoast.com\/product\/yoast-seo-wordpress\/ -->\n<title>L\u00fcks Vip Van (10 Saat Kiralama) - VZN GRUP<\/title>\n<meta name=\"description\" content=\"L\u00fcks Vip Van arac\u0131m\u0131z ile en \u00f6zel g\u00fcnlerinizde, \u0130\u015f Programlar\u0131n\u0131zda yada \u00d6zel misafirleriniz i\u00e7in ula\u015f\u0131m\u0131 d\u00fc\u015f\u00fcnmeyin. Deneyimli \u015eof\u00f6r ve Vip Dizayn \u00d6zel Ara\u00e7\" \/>\n<meta name=\"robots\" content=\"index, follow, max-snippet:-1, max-image-preview:large, max-video-preview:-1\" \/>\n<link rel=\"canonical\" href=\"https:\/\/www.vzngrup.com.tr\/en\/product\/luks-vip-van-10-saat-kiralama\/\" \/>\n<meta property=\"og:locale\" content=\"en_US\" \/>\n<meta property=\"og:type\" content=\"article\" \/>\n<meta property=\"og:title\" content=\"L\u00fcks Vip Van (10 Saat Kiralama) - VZN GRUP\" \/>\n<meta property=\"og:description\" content=\"L\u00fcks Vip Van arac\u0131m\u0131z ile en \u00f6zel g\u00fcnlerinizde, \u0130\u015f Programlar\u0131n\u0131zda yada \u00d6zel misafirleriniz i\u00e7in ula\u015f\u0131m\u0131 d\u00fc\u015f\u00fcnmeyin. Deneyimli \u015eof\u00f6r ve Vip Dizayn \u00d6zel Ara\u00e7\" \/>\n<meta property=\"og:url\" content=\"https:\/\/www.vzngrup.com.tr\/en\/product\/luks-vip-van-10-saat-kiralama\/\" \/>\n<meta property=\"og:site_name\" content=\"VZN GRUP\" \/>\n<meta property=\"article:publisher\" content=\"https:\/\/www.facebook.com\/vzngrup\/\" \/>\n<meta property=\"article:modified_time\" content=\"2025-06-05T00:15:56+00:00\" \/>\n<meta property=\"og:image\" content=\"https:\/\/www.vzngrup.com.tr\/wp-content\/uploads\/2025\/06\/1000x1000-Luks-Vip-Van.png\" \/>\n\t<meta property=\"og:image:width\" content=\"1000\" \/>\n\t<meta property=\"og:image:height\" content=\"1000\" \/>\n\t<meta property=\"og:image:type\" content=\"image\/png\" \/>\n<meta name=\"twitter:card\" content=\"summary_large_image\" \/>\n<meta name=\"twitter:site\" content=\"@VznVito\" \/>\n<meta name=\"twitter:label1\" content=\"Est. reading time\" \/>\n\t<meta name=\"twitter:data1\" content=\"1 minute\" \/>\n<script type=\"application\/ld+json\" class=\"yoast-schema-graph\">{\"@context\":\"https:\\\/\\\/schema.org\",\"@graph\":[{\"@type\":\"WebPage\",\"@id\":\"https:\\\/\\\/www.vzngrup.com.tr\\\/urun\\\/luks-vip-van-10-saat-kiralama\\\/\",\"url\":\"https:\\\/\\\/www.vzngrup.com.tr\\\/urun\\\/luks-vip-van-10-saat-kiralama\\\/\",\"name\":\"L\u00fcks Vip Van (10 Saat Kiralama) - VZN GRUP\",\"isPartOf\":{\"@id\":\"https:\\\/\\\/www.vzngrup.com.tr\\\/#website\"},\"primaryImageOfPage\":{\"@id\":\"https:\\\/\\\/www.vzngrup.com.tr\\\/urun\\\/luks-vip-van-10-saat-kiralama\\\/#primaryimage\"},\"image\":{\"@id\":\"https:\\\/\\\/www.vzngrup.com.tr\\\/urun\\\/luks-vip-van-10-saat-kiralama\\\/#primaryimage\"},\"thumbnailUrl\":\"https:\\\/\\\/www.vzngrup.com.tr\\\/wp-content\\\/uploads\\\/2025\\\/06\\\/1000x1000-Luks-Vip-Van.png\",\"datePublished\":\"2025-06-05T00:13:14+00:00\",\"dateModified\":\"2025-06-05T00:15:56+00:00\",\"description\":\"L\u00fcks Vip Van arac\u0131m\u0131z ile en \u00f6zel g\u00fcnlerinizde, \u0130\u015f Programlar\u0131n\u0131zda yada \u00d6zel misafirleriniz i\u00e7in ula\u015f\u0131m\u0131 d\u00fc\u015f\u00fcnmeyin. Deneyimli \u015eof\u00f6r ve Vip Dizayn \u00d6zel Ara\u00e7\",\"breadcrumb\":{\"@id\":\"https:\\\/\\\/www.vzngrup.com.tr\\\/urun\\\/luks-vip-van-10-saat-kiralama\\\/#breadcrumb\"},\"inLanguage\":\"en-US\",\"potentialAction\":[{\"@type\":\"ReadAction\",\"target\":[\"https:\\\/\\\/www.vzngrup.com.tr\\\/urun\\\/luks-vip-van-10-saat-kiralama\\\/\"]}]},{\"@type\":\"ImageObject\",\"inLanguage\":\"en-US\",\"@id\":\"https:\\\/\\\/www.vzngrup.com.tr\\\/urun\\\/luks-vip-van-10-saat-kiralama\\\/#primaryimage\",\"url\":\"https:\\\/\\\/www.vzngrup.com.tr\\\/wp-content\\\/uploads\\\/2025\\\/06\\\/1000x1000-Luks-Vip-Van.png\",\"contentUrl\":\"https:\\\/\\\/www.vzngrup.com.tr\\\/wp-content\\\/uploads\\\/2025\\\/06\\\/1000x1000-Luks-Vip-Van.png\",\"width\":1000,\"height\":1000},{\"@type\":\"BreadcrumbList\",\"@id\":\"https:\\\/\\\/www.vzngrup.com.tr\\\/urun\\\/luks-vip-van-10-saat-kiralama\\\/#breadcrumb\",\"itemListElement\":[{\"@type\":\"ListItem\",\"position\":1,\"name\":\"Anasayfa\",\"item\":\"https:\\\/\\\/www.vzngrup.com.tr\\\/\"},{\"@type\":\"ListItem\",\"position\":2,\"name\":\"Shop\",\"item\":\"https:\\\/\\\/www.vzngrup.com.tr\\\/it\\\/shop\\\/\"},{\"@type\":\"ListItem\",\"position\":3,\"name\":\"L\u00fcks Vip Van (10 Saat Kiralama)\"}]},{\"@type\":\"WebSite\",\"@id\":\"https:\\\/\\\/www.vzngrup.com.tr\\\/#website\",\"url\":\"https:\\\/\\\/www.vzngrup.com.tr\\\/\",\"name\":\"VZN GRUP\",\"description\":\"Her An\u0131 \u00f6zel K\u0131l\u0131n.!\",\"publisher\":{\"@id\":\"https:\\\/\\\/www.vzngrup.com.tr\\\/#organization\"},\"potentialAction\":[{\"@type\":\"SearchAction\",\"target\":{\"@type\":\"EntryPoint\",\"urlTemplate\":\"https:\\\/\\\/www.vzngrup.com.tr\\\/?s={search_term_string}\"},\"query-input\":{\"@type\":\"PropertyValueSpecification\",\"valueRequired\":true,\"valueName\":\"search_term_string\"}}],\"inLanguage\":\"en-US\"},{\"@type\":\"Organization\",\"@id\":\"https:\\\/\\\/www.vzngrup.com.tr\\\/#organization\",\"name\":\"VZN GRUP\",\"url\":\"https:\\\/\\\/www.vzngrup.com.tr\\\/\",\"logo\":{\"@type\":\"ImageObject\",\"inLanguage\":\"en-US\",\"@id\":\"https:\\\/\\\/www.vzngrup.com.tr\\\/#\\\/schema\\\/logo\\\/image\\\/\",\"url\":\"https:\\\/\\\/www.vzngrup.com.tr\\\/wp-content\\\/uploads\\\/2019\\\/06\\\/cropped-512x512-altin-logo.png\",\"contentUrl\":\"https:\\\/\\\/www.vzngrup.com.tr\\\/wp-content\\\/uploads\\\/2019\\\/06\\\/cropped-512x512-altin-logo.png\",\"width\":512,\"height\":512,\"caption\":\"VZN GRUP\"},\"image\":{\"@id\":\"https:\\\/\\\/www.vzngrup.com.tr\\\/#\\\/schema\\\/logo\\\/image\\\/\"},\"sameAs\":[\"https:\\\/\\\/www.facebook.com\\\/vzngrup\\\/\",\"https:\\\/\\\/x.com\\\/VznVito\",\"https:\\\/\\\/vk.com\\\/id842151981\",\"https:\\\/\\\/www.tripadvisor.com.tr\\\/Attraction_Review-g293974-d27724358-Reviews-VZN_GROUP-Istanbul.html\",\"https:\\\/\\\/www.linkedin.com\\\/search\\\/results\\\/all\\\/?heroEntityKey=urnliorganization88964084&keywords=VZNGRUPTURZMYATIRIMA..&origin=ENTITY_SEARCH_HOME_HISTORY&sid=9ei\",\"https:\\\/\\\/www.youtube.com\\\/@vzngrupturizmyatirima.s\",\"https:\\\/\\\/www.instagram.com\\\/vzngrup\\\/\"]}]}<\/script>\n<!-- \/ Yoast SEO plugin. -->","yoast_head_json":{"title":"L\u00fcks Vip Van (10 Saat Kiralama) - VZN GRUP","description":"L\u00fcks Vip Van arac\u0131m\u0131z ile en \u00f6zel g\u00fcnlerinizde, \u0130\u015f Programlar\u0131n\u0131zda yada \u00d6zel misafirleriniz i\u00e7in ula\u015f\u0131m\u0131 d\u00fc\u015f\u00fcnmeyin. Deneyimli \u015eof\u00f6r ve Vip Dizayn \u00d6zel Ara\u00e7","robots":{"index":"index","follow":"follow","max-snippet":"max-snippet:-1","max-image-preview":"max-image-preview:large","max-video-preview":"max-video-preview:-1"},"canonical":"https:\/\/www.vzngrup.com.tr\/en\/product\/luks-vip-van-10-saat-kiralama\/","og_locale":"en_US","og_type":"article","og_title":"L\u00fcks Vip Van (10 Saat Kiralama) - VZN GRUP","og_description":"L\u00fcks Vip Van arac\u0131m\u0131z ile en \u00f6zel g\u00fcnlerinizde, \u0130\u015f Programlar\u0131n\u0131zda yada \u00d6zel misafirleriniz i\u00e7in ula\u015f\u0131m\u0131 d\u00fc\u015f\u00fcnmeyin. Deneyimli \u015eof\u00f6r ve Vip Dizayn \u00d6zel Ara\u00e7","og_url":"https:\/\/www.vzngrup.com.tr\/en\/product\/luks-vip-van-10-saat-kiralama\/","og_site_name":"VZN GRUP","article_publisher":"https:\/\/www.facebook.com\/vzngrup\/","article_modified_time":"2025-06-05T00:15:56+00:00","og_image":[{"width":1000,"height":1000,"url":"https:\/\/www.vzngrup.com.tr\/wp-content\/uploads\/2025\/06\/1000x1000-Luks-Vip-Van.png","type":"image\/png"}],"twitter_card":"summary_large_image","twitter_site":"@VznVito","twitter_misc":{"Est. reading time":"1 minute"},"schema":{"@context":"https:\/\/schema.org","@graph":[{"@type":"WebPage","@id":"https:\/\/www.vzngrup.com.tr\/urun\/luks-vip-van-10-saat-kiralama\/","url":"https:\/\/www.vzngrup.com.tr\/urun\/luks-vip-van-10-saat-kiralama\/","name":"L\u00fcks Vip Van (10 Saat Kiralama) - VZN GRUP","isPartOf":{"@id":"https:\/\/www.vzngrup.com.tr\/#website"},"primaryImageOfPage":{"@id":"https:\/\/www.vzngrup.com.tr\/urun\/luks-vip-van-10-saat-kiralama\/#primaryimage"},"image":{"@id":"https:\/\/www.vzngrup.com.tr\/urun\/luks-vip-van-10-saat-kiralama\/#primaryimage"},"thumbnailUrl":"https:\/\/www.vzngrup.com.tr\/wp-content\/uploads\/2025\/06\/1000x1000-Luks-Vip-Van.png","datePublished":"2025-06-05T00:13:14+00:00","dateModified":"2025-06-05T00:15:56+00:00","description":"L\u00fcks Vip Van arac\u0131m\u0131z ile en \u00f6zel g\u00fcnlerinizde, \u0130\u015f Programlar\u0131n\u0131zda yada \u00d6zel misafirleriniz i\u00e7in ula\u015f\u0131m\u0131 d\u00fc\u015f\u00fcnmeyin. Deneyimli \u015eof\u00f6r ve Vip Dizayn \u00d6zel Ara\u00e7","breadcrumb":{"@id":"https:\/\/www.vzngrup.com.tr\/urun\/luks-vip-van-10-saat-kiralama\/#breadcrumb"},"inLanguage":"en-US","potentialAction":[{"@type":"ReadAction","target":["https:\/\/www.vzngrup.com.tr\/urun\/luks-vip-van-10-saat-kiralama\/"]}]},{"@type":"ImageObject","inLanguage":"en-US","@id":"https:\/\/www.vzngrup.com.tr\/urun\/luks-vip-van-10-saat-kiralama\/#primaryimage","url":"https:\/\/www.vzngrup.com.tr\/wp-content\/uploads\/2025\/06\/1000x1000-Luks-Vip-Van.png","contentUrl":"https:\/\/www.vzngrup.com.tr\/wp-content\/uploads\/2025\/06\/1000x1000-Luks-Vip-Van.png","width":1000,"height":1000},{"@type":"BreadcrumbList","@id":"https:\/\/www.vzngrup.com.tr\/urun\/luks-vip-van-10-saat-kiralama\/#breadcrumb","itemListElement":[{"@type":"ListItem","position":1,"name":"Anasayfa","item":"https:\/\/www.vzngrup.com.tr\/"},{"@type":"ListItem","position":2,"name":"Shop","item":"https:\/\/www.vzngrup.com.tr\/it\/shop\/"},{"@type":"ListItem","position":3,"name":"L\u00fcks Vip Van (10 Saat Kiralama)"}]},{"@type":"WebSite","@id":"https:\/\/www.vzngrup.com.tr\/#website","url":"https:\/\/www.vzngrup.com.tr\/","name":"VZN GROUP","description":"Make Every Moment Special!","publisher":{"@id":"https:\/\/www.vzngrup.com.tr\/#organization"},"potentialAction":[{"@type":"SearchAction","target":{"@type":"EntryPoint","urlTemplate":"https:\/\/www.vzngrup.com.tr\/?s={search_term_string}"},"query-input":{"@type":"PropertyValueSpecification","valueRequired":true,"valueName":"search_term_string"}}],"inLanguage":"en-US"},{"@type":"Organization","@id":"https:\/\/www.vzngrup.com.tr\/#organization","name":"VZN GROUP","url":"https:\/\/www.vzngrup.com.tr\/","logo":{"@type":"ImageObject","inLanguage":"en-US","@id":"https:\/\/www.vzngrup.com.tr\/#\/schema\/logo\/image\/","url":"https:\/\/www.vzngrup.com.tr\/wp-content\/uploads\/2019\/06\/cropped-512x512-altin-logo.png","contentUrl":"https:\/\/www.vzngrup.com.tr\/wp-content\/uploads\/2019\/06\/cropped-512x512-altin-logo.png","width":512,"height":512,"caption":"VZN GRUP"},"image":{"@id":"https:\/\/www.vzngrup.com.tr\/#\/schema\/logo\/image\/"},"sameAs":["https:\/\/www.facebook.com\/vzngrup\/","https:\/\/x.com\/VznVito","https:\/\/vk.com\/id842151981","https:\/\/www.tripadvisor.com.tr\/Attraction_Review-g293974-d27724358-Reviews-VZN_GROUP-Istanbul.html","https:\/\/www.linkedin.com\/search\/results\/all\/?heroEntityKey=urnliorganization88964084&keywords=VZNGRUPTURZMYATIRIMA..&origin=ENTITY_SEARCH_HOME_HISTORY&sid=9ei","https:\/\/www.youtube.com\/@vzngrupturizmyatirima.s","https:\/\/www.instagram.com\/vzngrup\/"]}]}},"_links":{"self":[{"href":"https:\/\/www.vzngrup.com.tr\/en\/wp-json\/wp\/v2\/product\/42162","targetHints":{"allow":["GET"]}}],"collection":[{"href":"https:\/\/www.vzngrup.com.tr\/en\/wp-json\/wp\/v2\/product"}],"about":[{"href":"https:\/\/www.vzngrup.com.tr\/en\/wp-json\/wp\/v2\/types\/product"}],"replies":[{"embeddable":true,"href":"https:\/\/www.vzngrup.com.tr\/en\/wp-json\/wp\/v2\/comments?post=42162"}],"wp:featuredmedia":[{"embeddable":true,"href":"https:\/\/www.vzngrup.com.tr\/en\/wp-json\/wp\/v2\/media\/41716"}],"wp:attachment":[{"href":"https:\/\/www.vzngrup.com.tr\/en\/wp-json\/wp\/v2\/media?parent=42162"}],"wp:term":[{"taxonomy":"product_brand","embeddable":true,"href":"https:\/\/www.vzngrup.com.tr\/en\/wp-json\/wp\/v2\/product_brand?post=42162"},{"taxonomy":"product_cat","embeddable":true,"href":"https:\/\/www.vzngrup.com.tr\/en\/wp-json\/wp\/v2\/product_cat?post=42162"},{"taxonomy":"product_tag","embeddable":true,"href":"https:\/\/www.vzngrup.com.tr\/en\/wp-json\/wp\/v2\/product_tag?post=42162"}],"curies":[{"name":"wp","href":"https:\/\/api.w.org\/{rel}","templated":true}]}}