{"id":42770,"date":"2025-06-05T00:47:50","date_gmt":"2025-06-05T00:47:50","guid":{"rendered":"https:\/\/www.vzngrup.online\/?post_type=product&#038;p=42770"},"modified":"2025-06-11T21:56:01","modified_gmt":"2025-06-11T21:56:01","slug":"akyaka-dalaman-havalimani-transferi","status":"publish","type":"product","link":"https:\/\/www.vzngrup.com.tr\/ar\/product\/akyaka-dalaman-havalimani-transferi\/","title":{"rendered":"\u0623\u0643\u064a\u0627\u0643\u0627 - \u0646\u0642\u0644 \u0645\u0637\u0627\u0631 \u062f\u0627\u0644\u0627\u0645\u0627\u0646"},"content":{"rendered":"<p data-sourcepos=\"5:1-5:57\"><strong>Akyaka\u00a0 &#8211; Dalaman\u00a0 Havaliman\u0131 Vip Transfer Hizmetlerimiz<\/strong><\/p>\n<p data-sourcepos=\"7:1-7:158\"><strong>Akyaka\u00a0\u00a0 <\/strong>\u0633\u0639\u0631 \u062b\u0627\u0628\u062a. \u0644\u0637\u0644\u0628\u0627\u062a \u0627\u0644\u062a\u0648\u0642\u0641 \u0623\u0648 \u0627\u0644\u0646\u0642\u0644 \u0627\u0644\u0625\u0636\u0627\u0641\u064a\u0629 \u0625\u0644\u0649 \u0639\u0646\u0648\u0627\u0646 \u0622\u062e\u0631\u060c \u064a\u064f\u0631\u062c\u0649 \u0627\u0644\u0627\u0637\u0644\u0627\u0639 \u0639\u0644\u0649 \u0627\u0644\u0633\u0639\u0631 \u0627\u0644\u062d\u0627\u0644\u064a \u0645\u0646 \u0646\u0638\u0627\u0645 \u0627\u0644\u062d\u062c\u0632 \u0627\u0644\u0625\u0644\u0643\u062a\u0631\u0648\u0646\u064a \u0639\u0644\u0649 \u0645\u0648\u0642\u0639\u0646\u0627 \u0627\u0644\u0625\u0644\u0643\u062a\u0631\u0648\u0646\u064a.<\/p>\n<p data-sourcepos=\"9:1-9:201\">\u0641\u064a \u062e\u062f\u0645\u0629 \u0627\u0644\u0646\u0642\u0644 \u0647\u0630\u0647 \u0628\u0633\u064a\u0627\u0631\u0629 \u0645\u0631\u0633\u064a\u062f\u0633 \u0628\u0646\u0632 \u0641\u064a\u062a\u0648 \u0623\u0648 \u0641\u0648\u0644\u0643\u0633 \u0641\u0627\u062c\u0646 \u0643\u0627\u0631\u0627\u0641\u064a\u0644 Vip \u0627\u0644\u0645\u062e\u0635\u0635\u0629 \u0644\u0640 6 \u0623\u0634\u062e\u0627\u0635\u060c \u064a\u0645\u0643\u0646 \u0644\u0636\u064a\u0648\u0641\u0646\u0627 \u0627\u0644\u0633\u0641\u0631 \u0645\u0639 \u0645\u0627 \u064a\u0635\u0644 \u0625\u0644\u0649 6 \u0623\u0634\u062e\u0627\u0635 \u0643\u0645\u0627 \u062a\u062a\u0645\u062a\u0639 \u0633\u064a\u0627\u0631\u0627\u062a\u0646\u0627 \u0623\u064a\u0636\u064b\u0627 \u0628\u0633\u0639\u0629 6 \u062d\u0642\u0627\u0626\u0628.<\/p>\n<p data-sourcepos=\"11:1-11:21\"><strong>\u0645\u0645\u064a\u0632\u0627\u062a \u0627\u0644\u0633\u064a\u0627\u0631\u0629:<\/strong><\/p>\n<ul data-sourcepos=\"13:1-21:0\">\n<li data-sourcepos=\"13:1-13:8\">\u062a\u0644\u0641\u0632\u064a\u0648\u0646 LCD<\/li>\n<li data-sourcepos=\"14:1-14:11\">\u062b\u0644\u0627\u062c\u0629<\/li>\n<li data-sourcepos=\"15:1-15:20\">\u0646\u0638\u0627\u0645 \u0627\u0644\u0648\u0633\u0627\u0626\u0637 \u0627\u0644\u0645\u062a\u0639\u062f\u062f\u0629<\/li>\n<li data-sourcepos=\"16:1-16:17\">\u0637\u0627\u0648\u0644\u0627\u062a \u0642\u0647\u0648\u0629 \u0645\u0646\u0628\u062b\u0642\u0629<\/li>\n<li data-sourcepos=\"17:1-17:26\">\u0625\u0636\u0627\u0621\u0629 \u0642\u0627\u0628\u0644\u0629 \u0644\u0644\u062a\u0639\u062f\u064a\u0644<\/li>\n<li data-sourcepos=\"18:1-18:13\">\u0635\u0646\u062f\u0648\u0642 \u0627\u0644\u0646\u0642\u062f<\/li>\n<li data-sourcepos=\"19:1-19:25\">\u0645\u0642\u0627\u0639\u062f \u0642\u0627\u0628\u0644\u0629 \u0644\u0644\u062a\u0639\u062f\u064a\u0644<\/li>\n<li data-sourcepos=\"20:1-21:0\">\u0628\u0644\u0648\u062a\u0648\u062b<\/li>\n<\/ul>\n<p data-sourcepos=\"22:1-22:13\"><strong>\u0633\u0639\u0629:<\/strong><\/p>\n<ul data-sourcepos=\"24:1-26:0\">\n<li data-sourcepos=\"24:1-24:9\">6 \u0631\u0643\u0627\u0628<\/li>\n<li data-sourcepos=\"25:1-26:0\">6 \u062d\u0642\u0627\u0626\u0628 \u0633\u0641\u0631<\/li>\n<\/ul>\n<p data-sourcepos=\"27:1-27:19\"><strong>\u0645\u0627\u0631\u0643\u0627\u062a \u0627\u0644\u0645\u0631\u0643\u0628\u0627\u062a:<\/strong><\/p>\n<ul data-sourcepos=\"29:1-31:0\">\n<li data-sourcepos=\"29:1-29:20\">\u0645\u0631\u0633\u064a\u062f\u0633-\u0628\u0646\u0632 \u0641\u064a\u062a\u0648<\/li>\n<li data-sourcepos=\"30:1-31:0\">\u0641\u0648\u0644\u0643\u0633 \u0641\u0627\u062c\u0646 \u0643\u0627\u0631\u0627\u0641\u064a\u0644<\/li>\n<\/ul>\n<p data-sourcepos=\"32:1-32:143\">\u064a\u0645\u0643\u0646\u0643 \u0632\u064a\u0627\u0631\u0629 \u0635\u0641\u062d\u0629 \u0646\u0642\u0644 \u0627\u0644\u0645\u0637\u0627\u0631 \u0627\u0644\u062e\u0627\u0635\u0629 \u0628\u0646\u0627 \u0644\u0644\u062d\u0635\u0648\u0644 \u0639\u0644\u0649 \u0623\u0633\u0639\u0627\u0631 \u062e\u0627\u0635\u0629 \u0648\u0641\u062d\u0635 \u0641\u0626\u0627\u062a \u0648\u0623\u0633\u0639\u0627\u0631 \u0627\u0644\u0645\u0631\u0643\u0628\u0627\u062a \u0627\u0644\u0645\u062e\u062a\u0644\u0641\u0629. (<a href=\"https:\/\/vzngrup.com.tr\/havalimani-transferi\/\">\u0627\u0646\u062a\u0642\u0644 \u0625\u0644\u0649 \u0627\u0644\u0635\u0641\u062d\u0629<\/a>)<\/p>\n<p data-sourcepos=\"38:1-38:307\">","protected":false},"excerpt":{"rendered":"<p><strong>Akyaka\u00a0\u00a0 \u00a0 \u00a0\u00d6zel Transfer Hizmetleri<\/strong><\/p>","protected":false},"featured_media":42776,"comment_status":"open","ping_status":"closed","template":"","meta":{"_monsterinsights_skip_tracking":false,"_monsterinsights_sitenote_active":false,"_monsterinsights_sitenote_note":"","_monsterinsights_sitenote_category":0,"_uf_show_specific_survey":0,"_uf_disable_surveys":false},"product_brand":[],"product_cat":[3095,561,769],"product_tag":[2643,3174,3175,3176,3111,3112,3106,2650,1345,2402,1364,1352,2652,1356,599],"class_list":{"0":"post-42770","1":"product","2":"type-product","3":"status-publish","4":"has-post-thumbnail","6":"product_cat-dalaman-havalimani-transferi-dlm","7":"product_cat-genel","8":"product_cat-havalimani-transferi","9":"product_tag-7-24-transfer","10":"product_tag-akyaka-dalaman-havalimani-transfer","11":"product_tag-akyaka-transfer","12":"product_tag-dalaman-havalimani-akyaka-transfer","13":"product_tag-dalaman-havalimani-transfer","14":"product_tag-dalaman-havalimani-ulasim","15":"product_tag-dalaman-transfer","16":"product_tag-guvenli-transfer","17":"product_tag-havalimani-transfer","18":"product_tag-hizli-transfer","19":"product_tag-konforlu-transfer","20":"product_tag-ozel-transfer","21":"product_tag-taksi","22":"product_tag-transfer-hizmetleri","23":"product_tag-vip-transfer","26":"first","27":"instock","28":"sale","29":"taxable","30":"shipping-taxable","31":"purchasable","32":"product-type-simple"},"yoast_head":"<!-- This site is optimized with the Yoast SEO plugin v27.4 - https:\/\/yoast.com\/product\/yoast-seo-wordpress\/ -->\n<title>Akyaka - Dalaman Havaliman\u0131 Transferi - Dalaman Havaliman\u0131 Taksi<\/title>\n<meta name=\"description\" content=\"Akyaka , dan Havaliman\u0131na \u00f6zel transfer ve taksi hizmetleri ile VZN Grup 7\/24 Transfer ve Ula\u015f\u0131m hizmetini kesintisiz sunmaktad\u0131r. Dalaman Havaliman\u0131 Taksi ve Transferi .Dalyan\" \/>\n<meta name=\"robots\" content=\"index, follow, max-snippet:-1, max-image-preview:large, max-video-preview:-1\" \/>\n<link rel=\"canonical\" href=\"https:\/\/www.vzngrup.com.tr\/ar\/product\/akyaka-dalaman-havalimani-transferi\/\" \/>\n<meta property=\"og:locale\" content=\"ar_AR\" \/>\n<meta property=\"og:type\" content=\"article\" \/>\n<meta property=\"og:title\" content=\"Akyaka - Dalaman Havaliman\u0131 Transferi - Dalaman Havaliman\u0131 Taksi\" \/>\n<meta property=\"og:description\" content=\"Akyaka , dan Havaliman\u0131na \u00f6zel transfer ve taksi hizmetleri ile VZN Grup 7\/24 Transfer ve Ula\u015f\u0131m hizmetini kesintisiz sunmaktad\u0131r. Dalaman Havaliman\u0131 Taksi ve Transferi .Dalyan\" \/>\n<meta property=\"og:url\" content=\"https:\/\/www.vzngrup.com.tr\/ar\/product\/akyaka-dalaman-havalimani-transferi\/\" \/>\n<meta property=\"og:site_name\" content=\"VZN GRUP\" \/>\n<meta property=\"article:publisher\" content=\"https:\/\/www.facebook.com\/vzngrup\/\" \/>\n<meta property=\"article:modified_time\" content=\"2025-06-11T21:56:01+00:00\" \/>\n<meta property=\"og:image\" content=\"https:\/\/www.vzngrup.com.tr\/wp-content\/uploads\/2025\/06\/gemini_generated_image_5c80k15c80k15c80-scaled-1-1024x1024.webp\" \/>\n\t<meta property=\"og:image:width\" content=\"1024\" \/>\n\t<meta property=\"og:image:height\" content=\"1024\" \/>\n\t<meta property=\"og:image:type\" content=\"image\/webp\" \/>\n<meta name=\"twitter:card\" content=\"summary_large_image\" \/>\n<meta name=\"twitter:site\" content=\"@VznVito\" \/>\n<meta name=\"twitter:label1\" content=\"\u0648\u0642\u062a \u0627\u0644\u0642\u0631\u0627\u0621\u0629 \u0627\u0644\u0645\u064f\u0642\u062f\u0651\u0631\" \/>\n\t<meta name=\"twitter:data1\" content=\"\u062f\u0642\u064a\u0642\u0629 \u0648\u0627\u062d\u062f\u0629\" \/>\n<script type=\"application\/ld+json\" class=\"yoast-schema-graph\">{\"@context\":\"https:\\\/\\\/schema.org\",\"@graph\":[{\"@type\":\"WebPage\",\"@id\":\"https:\\\/\\\/www.vzngrup.com.tr\\\/urun\\\/akyaka-dalaman-havalimani-transferi\\\/\",\"url\":\"https:\\\/\\\/www.vzngrup.com.tr\\\/urun\\\/akyaka-dalaman-havalimani-transferi\\\/\",\"name\":\"Akyaka - Dalaman Havaliman\u0131 Transferi - Dalaman Havaliman\u0131 Taksi\",\"isPartOf\":{\"@id\":\"https:\\\/\\\/www.vzngrup.com.tr\\\/#website\"},\"primaryImageOfPage\":{\"@id\":\"https:\\\/\\\/www.vzngrup.com.tr\\\/urun\\\/akyaka-dalaman-havalimani-transferi\\\/#primaryimage\"},\"image\":{\"@id\":\"https:\\\/\\\/www.vzngrup.com.tr\\\/urun\\\/akyaka-dalaman-havalimani-transferi\\\/#primaryimage\"},\"thumbnailUrl\":\"https:\\\/\\\/www.vzngrup.com.tr\\\/wp-content\\\/uploads\\\/2025\\\/06\\\/gemini_generated_image_5c80k15c80k15c80-scaled-1.webp\",\"datePublished\":\"2025-06-05T00:47:50+00:00\",\"dateModified\":\"2025-06-11T21:56:01+00:00\",\"description\":\"Akyaka , dan Havaliman\u0131na \u00f6zel transfer ve taksi hizmetleri ile VZN Grup 7\\\/24 Transfer ve Ula\u015f\u0131m hizmetini kesintisiz sunmaktad\u0131r. Dalaman Havaliman\u0131 Taksi ve Transferi .Dalyan\",\"breadcrumb\":{\"@id\":\"https:\\\/\\\/www.vzngrup.com.tr\\\/urun\\\/akyaka-dalaman-havalimani-transferi\\\/#breadcrumb\"},\"inLanguage\":\"ar\",\"potentialAction\":[{\"@type\":\"ReadAction\",\"target\":[\"https:\\\/\\\/www.vzngrup.com.tr\\\/urun\\\/akyaka-dalaman-havalimani-transferi\\\/\"]}]},{\"@type\":\"ImageObject\",\"inLanguage\":\"ar\",\"@id\":\"https:\\\/\\\/www.vzngrup.com.tr\\\/urun\\\/akyaka-dalaman-havalimani-transferi\\\/#primaryimage\",\"url\":\"https:\\\/\\\/www.vzngrup.com.tr\\\/wp-content\\\/uploads\\\/2025\\\/06\\\/gemini_generated_image_5c80k15c80k15c80-scaled-1.webp\",\"contentUrl\":\"https:\\\/\\\/www.vzngrup.com.tr\\\/wp-content\\\/uploads\\\/2025\\\/06\\\/gemini_generated_image_5c80k15c80k15c80-scaled-1.webp\",\"width\":2000,\"height\":2000,\"caption\":\"alaman havaliman\u0131 fethiye transfer\"},{\"@type\":\"BreadcrumbList\",\"@id\":\"https:\\\/\\\/www.vzngrup.com.tr\\\/urun\\\/akyaka-dalaman-havalimani-transferi\\\/#breadcrumb\",\"itemListElement\":[{\"@type\":\"ListItem\",\"position\":1,\"name\":\"Anasayfa\",\"item\":\"https:\\\/\\\/www.vzngrup.com.tr\\\/\"},{\"@type\":\"ListItem\",\"position\":2,\"name\":\"Shop\",\"item\":\"https:\\\/\\\/www.vzngrup.com.tr\\\/it\\\/shop\\\/\"},{\"@type\":\"ListItem\",\"position\":3,\"name\":\"Akyaka &#8211; Dalaman Havaliman\u0131 Transferi\"}]},{\"@type\":\"WebSite\",\"@id\":\"https:\\\/\\\/www.vzngrup.com.tr\\\/#website\",\"url\":\"https:\\\/\\\/www.vzngrup.com.tr\\\/\",\"name\":\"VZN GRUP\",\"description\":\"Her An\u0131 \u00f6zel K\u0131l\u0131n.!\",\"publisher\":{\"@id\":\"https:\\\/\\\/www.vzngrup.com.tr\\\/#organization\"},\"potentialAction\":[{\"@type\":\"SearchAction\",\"target\":{\"@type\":\"EntryPoint\",\"urlTemplate\":\"https:\\\/\\\/www.vzngrup.com.tr\\\/?s={search_term_string}\"},\"query-input\":{\"@type\":\"PropertyValueSpecification\",\"valueRequired\":true,\"valueName\":\"search_term_string\"}}],\"inLanguage\":\"ar\"},{\"@type\":\"Organization\",\"@id\":\"https:\\\/\\\/www.vzngrup.com.tr\\\/#organization\",\"name\":\"VZN GRUP\",\"url\":\"https:\\\/\\\/www.vzngrup.com.tr\\\/\",\"logo\":{\"@type\":\"ImageObject\",\"inLanguage\":\"ar\",\"@id\":\"https:\\\/\\\/www.vzngrup.com.tr\\\/#\\\/schema\\\/logo\\\/image\\\/\",\"url\":\"https:\\\/\\\/www.vzngrup.com.tr\\\/wp-content\\\/uploads\\\/2019\\\/06\\\/cropped-512x512-altin-logo.png\",\"contentUrl\":\"https:\\\/\\\/www.vzngrup.com.tr\\\/wp-content\\\/uploads\\\/2019\\\/06\\\/cropped-512x512-altin-logo.png\",\"width\":512,\"height\":512,\"caption\":\"VZN GRUP\"},\"image\":{\"@id\":\"https:\\\/\\\/www.vzngrup.com.tr\\\/#\\\/schema\\\/logo\\\/image\\\/\"},\"sameAs\":[\"https:\\\/\\\/www.facebook.com\\\/vzngrup\\\/\",\"https:\\\/\\\/x.com\\\/VznVito\",\"https:\\\/\\\/vk.com\\\/id842151981\",\"https:\\\/\\\/www.tripadvisor.com.tr\\\/Attraction_Review-g293974-d27724358-Reviews-VZN_GROUP-Istanbul.html\",\"https:\\\/\\\/www.linkedin.com\\\/search\\\/results\\\/all\\\/?heroEntityKey=urnliorganization88964084&keywords=VZNGRUPTURZMYATIRIMA..&origin=ENTITY_SEARCH_HOME_HISTORY&sid=9ei\",\"https:\\\/\\\/www.youtube.com\\\/@vzngrupturizmyatirima.s\",\"https:\\\/\\\/www.instagram.com\\\/vzngrup\\\/\"]}]}<\/script>\n<!-- \/ Yoast SEO plugin. -->","yoast_head_json":{"title":"Akyaka - Dalaman Havaliman\u0131 Transferi - Dalaman Havaliman\u0131 Taksi","description":"Akyaka , dan Havaliman\u0131na \u00f6zel transfer ve taksi hizmetleri ile VZN Grup 7\/24 Transfer ve Ula\u015f\u0131m hizmetini kesintisiz sunmaktad\u0131r. Dalaman Havaliman\u0131 Taksi ve Transferi .Dalyan","robots":{"index":"index","follow":"follow","max-snippet":"max-snippet:-1","max-image-preview":"max-image-preview:large","max-video-preview":"max-video-preview:-1"},"canonical":"https:\/\/www.vzngrup.com.tr\/ar\/product\/akyaka-dalaman-havalimani-transferi\/","og_locale":"ar_AR","og_type":"article","og_title":"Akyaka - Dalaman Havaliman\u0131 Transferi - Dalaman Havaliman\u0131 Taksi","og_description":"Akyaka , dan Havaliman\u0131na \u00f6zel transfer ve taksi hizmetleri ile VZN Grup 7\/24 Transfer ve Ula\u015f\u0131m hizmetini kesintisiz sunmaktad\u0131r. Dalaman Havaliman\u0131 Taksi ve Transferi .Dalyan","og_url":"https:\/\/www.vzngrup.com.tr\/ar\/product\/akyaka-dalaman-havalimani-transferi\/","og_site_name":"VZN GRUP","article_publisher":"https:\/\/www.facebook.com\/vzngrup\/","article_modified_time":"2025-06-11T21:56:01+00:00","og_image":[{"width":1024,"height":1024,"url":"https:\/\/www.vzngrup.com.tr\/wp-content\/uploads\/2025\/06\/gemini_generated_image_5c80k15c80k15c80-scaled-1-1024x1024.webp","type":"image\/webp"}],"twitter_card":"summary_large_image","twitter_site":"@VznVito","twitter_misc":{"\u0648\u0642\u062a \u0627\u0644\u0642\u0631\u0627\u0621\u0629 \u0627\u0644\u0645\u064f\u0642\u062f\u0651\u0631":"\u062f\u0642\u064a\u0642\u0629 \u0648\u0627\u062d\u062f\u0629"},"schema":{"@context":"https:\/\/schema.org","@graph":[{"@type":"WebPage","@id":"https:\/\/www.vzngrup.com.tr\/urun\/akyaka-dalaman-havalimani-transferi\/","url":"https:\/\/www.vzngrup.com.tr\/urun\/akyaka-dalaman-havalimani-transferi\/","name":"Akyaka - Dalaman Havaliman\u0131 Transferi - Dalaman Havaliman\u0131 Taksi","isPartOf":{"@id":"https:\/\/www.vzngrup.com.tr\/#website"},"primaryImageOfPage":{"@id":"https:\/\/www.vzngrup.com.tr\/urun\/akyaka-dalaman-havalimani-transferi\/#primaryimage"},"image":{"@id":"https:\/\/www.vzngrup.com.tr\/urun\/akyaka-dalaman-havalimani-transferi\/#primaryimage"},"thumbnailUrl":"https:\/\/www.vzngrup.com.tr\/wp-content\/uploads\/2025\/06\/gemini_generated_image_5c80k15c80k15c80-scaled-1.webp","datePublished":"2025-06-05T00:47:50+00:00","dateModified":"2025-06-11T21:56:01+00:00","description":"Akyaka , dan Havaliman\u0131na \u00f6zel transfer ve taksi hizmetleri ile VZN Grup 7\/24 Transfer ve Ula\u015f\u0131m hizmetini kesintisiz sunmaktad\u0131r. Dalaman Havaliman\u0131 Taksi ve Transferi .Dalyan","breadcrumb":{"@id":"https:\/\/www.vzngrup.com.tr\/urun\/akyaka-dalaman-havalimani-transferi\/#breadcrumb"},"inLanguage":"ar","potentialAction":[{"@type":"ReadAction","target":["https:\/\/www.vzngrup.com.tr\/urun\/akyaka-dalaman-havalimani-transferi\/"]}]},{"@type":"ImageObject","inLanguage":"ar","@id":"https:\/\/www.vzngrup.com.tr\/urun\/akyaka-dalaman-havalimani-transferi\/#primaryimage","url":"https:\/\/www.vzngrup.com.tr\/wp-content\/uploads\/2025\/06\/gemini_generated_image_5c80k15c80k15c80-scaled-1.webp","contentUrl":"https:\/\/www.vzngrup.com.tr\/wp-content\/uploads\/2025\/06\/gemini_generated_image_5c80k15c80k15c80-scaled-1.webp","width":2000,"height":2000,"caption":"alaman havaliman\u0131 fethiye transfer"},{"@type":"BreadcrumbList","@id":"https:\/\/www.vzngrup.com.tr\/urun\/akyaka-dalaman-havalimani-transferi\/#breadcrumb","itemListElement":[{"@type":"ListItem","position":1,"name":"Anasayfa","item":"https:\/\/www.vzngrup.com.tr\/"},{"@type":"ListItem","position":2,"name":"Shop","item":"https:\/\/www.vzngrup.com.tr\/it\/shop\/"},{"@type":"ListItem","position":3,"name":"Akyaka &#8211; Dalaman Havaliman\u0131 Transferi"}]},{"@type":"WebSite","@id":"https:\/\/www.vzngrup.com.tr\/#website","url":"https:\/\/www.vzngrup.com.tr\/","name":"\u0645\u062c\u0645\u0648\u0639\u0629 VZN","description":"\u0627\u062c\u0639\u0644 \u0643\u0644 \u0644\u062d\u0638\u0629 \u0645\u0645\u064a\u0632\u0629!","publisher":{"@id":"https:\/\/www.vzngrup.com.tr\/#organization"},"potentialAction":[{"@type":"SearchAction","target":{"@type":"EntryPoint","urlTemplate":"https:\/\/www.vzngrup.com.tr\/?s={search_term_string}"},"query-input":{"@type":"PropertyValueSpecification","valueRequired":true,"valueName":"search_term_string"}}],"inLanguage":"ar"},{"@type":"Organization","@id":"https:\/\/www.vzngrup.com.tr\/#organization","name":"\u0645\u062c\u0645\u0648\u0639\u0629 VZN","url":"https:\/\/www.vzngrup.com.tr\/","logo":{"@type":"ImageObject","inLanguage":"ar","@id":"https:\/\/www.vzngrup.com.tr\/#\/schema\/logo\/image\/","url":"https:\/\/www.vzngrup.com.tr\/wp-content\/uploads\/2019\/06\/cropped-512x512-altin-logo.png","contentUrl":"https:\/\/www.vzngrup.com.tr\/wp-content\/uploads\/2019\/06\/cropped-512x512-altin-logo.png","width":512,"height":512,"caption":"VZN GRUP"},"image":{"@id":"https:\/\/www.vzngrup.com.tr\/#\/schema\/logo\/image\/"},"sameAs":["https:\/\/www.facebook.com\/vzngrup\/","https:\/\/x.com\/VznVito","https:\/\/vk.com\/id842151981","https:\/\/www.tripadvisor.com.tr\/Attraction_Review-g293974-d27724358-Reviews-VZN_GROUP-Istanbul.html","https:\/\/www.linkedin.com\/search\/results\/all\/?heroEntityKey=urnliorganization88964084&keywords=VZNGRUPTURZMYATIRIMA..&origin=ENTITY_SEARCH_HOME_HISTORY&sid=9ei","https:\/\/www.youtube.com\/@vzngrupturizmyatirima.s","https:\/\/www.instagram.com\/vzngrup\/"]}]}},"_links":{"self":[{"href":"https:\/\/www.vzngrup.com.tr\/ar\/wp-json\/wp\/v2\/product\/42770","targetHints":{"allow":["GET"]}}],"collection":[{"href":"https:\/\/www.vzngrup.com.tr\/ar\/wp-json\/wp\/v2\/product"}],"about":[{"href":"https:\/\/www.vzngrup.com.tr\/ar\/wp-json\/wp\/v2\/types\/product"}],"replies":[{"embeddable":true,"href":"https:\/\/www.vzngrup.com.tr\/ar\/wp-json\/wp\/v2\/comments?post=42770"}],"wp:featuredmedia":[{"embeddable":true,"href":"https:\/\/www.vzngrup.com.tr\/ar\/wp-json\/wp\/v2\/media\/42776"}],"wp:attachment":[{"href":"https:\/\/www.vzngrup.com.tr\/ar\/wp-json\/wp\/v2\/media?parent=42770"}],"wp:term":[{"taxonomy":"product_brand","embeddable":true,"href":"https:\/\/www.vzngrup.com.tr\/ar\/wp-json\/wp\/v2\/product_brand?post=42770"},{"taxonomy":"product_cat","embeddable":true,"href":"https:\/\/www.vzngrup.com.tr\/ar\/wp-json\/wp\/v2\/product_cat?post=42770"},{"taxonomy":"product_tag","embeddable":true,"href":"https:\/\/www.vzngrup.com.tr\/ar\/wp-json\/wp\/v2\/product_tag?post=42770"}],"curies":[{"name":"wp","href":"https:\/\/api.w.org\/{rel}","templated":true}]}}