{"id":42332,"date":"2025-06-05T00:17:43","date_gmt":"2025-06-05T00:17:43","guid":{"rendered":"https:\/\/www.vzngrup.online\/?post_type=product&#038;p=42332"},"modified":"2025-06-11T21:27:53","modified_gmt":"2025-06-11T21:27:53","slug":"cigli-adnan-menderes-havalimani","status":"publish","type":"product","link":"https:\/\/www.vzngrup.com.tr\/ar\/product\/cigli-adnan-menderes-havalimani\/","title":{"rendered":"\u00c7i\u011fli &#8211; Adnan Menderes Havaliman\u0131"},"content":{"rendered":"<p><strong>\u0645\u0637\u0627\u0631 \u0639\u062f\u0646\u0627\u0646 \u0645\u0646\u062f\u0631\u064a\u0633<\/strong>\u0645\u0646 \u062e\u062f\u0645\u0627\u062a \u0646\u0642\u0644 VIP <b>\u0130zmir \u00c7i\u011fli <\/b>\u0633\u0639\u0631 \u062b\u0627\u0628\u062a. \u0644\u0644\u062a\u0648\u0642\u0641 \u0641\u064a \u0645\u062d\u0637\u0627\u062a \u062a\u0648\u0642\u0641 \u0625\u0636\u0627\u0641\u064a\u0629 \u0623\u0648 \u0627\u0644\u0646\u0642\u0644 \u0625\u0644\u0649 \u0639\u0646\u0648\u0627\u0646 \u0645\u062e\u062a\u0644\u0641\u060c \u064a\u064f\u0631\u062c\u0649 \u0627\u0633\u062a\u062e\u062f\u0627\u0645 \u0646\u0638\u0627\u0645 \u0627\u0644\u062d\u062c\u0632 \u0639\u0628\u0631 \u0627\u0644\u0625\u0646\u062a\u0631\u0646\u062a \u0639\u0644\u0649 \u0645\u0648\u0642\u0639\u0646\u0627 \u0627\u0644\u0625\u0644\u0643\u062a\u0631\u0648\u0646\u064a \u0644\u0644\u062d\u0635\u0648\u0644 \u0639\u0644\u0649 \u0633\u0639\u0631 \u0645\u062d\u062f\u064e\u0651\u062b.<\/p>\n<p>\u0641\u064a \u062e\u062f\u0645\u0629 \u0627\u0644\u0646\u0642\u0644 \u0647\u0630\u0647 \u0628\u0633\u064a\u0627\u0631\u0629 \u0645\u0631\u0633\u064a\u062f\u0633 \u0628\u0646\u0632 \u0641\u064a\u062a\u0648 \u0623\u0648 \u0641\u0648\u0644\u0643\u0633 \u0641\u0627\u062c\u0646 \u0643\u0631\u0627\u0641\u064a\u0644\u0627 Vip \u0627\u0644\u0645\u062e\u0635\u0635\u0629 \u0644\u0640 6 \u0623\u0634\u062e\u0627\u0635\u060c \u064a\u0645\u0643\u0646 \u0644\u0636\u064a\u0648\u0641\u0646\u0627 \u0627\u0644\u0633\u0641\u0631 \u0645\u0639 \u0645\u0627 \u064a\u0635\u0644 \u0625\u0644\u0649 6 \u0623\u0634\u062e\u0627\u0635\u060c \u0643\u0645\u0627 \u062a\u062a\u0645\u062a\u0639 \u0633\u064a\u0627\u0631\u0627\u062a\u0646\u0627 \u0623\u064a\u0636\u064b\u0627 \u0628\u0633\u0639\u0629 6 \u062d\u0642\u0627\u0626\u0628.<\/p>\n<p>\u0644\u0644\u062d\u0635\u0648\u0644 \u0639\u0644\u0649 \u0633\u0639\u0631 \u062e\u0627\u0635\u060c \u0644\u0641\u062d\u0635 \u0641\u0626\u0627\u062a \u0627\u0644\u0633\u064a\u0627\u0631\u0627\u062a \u0648\u0623\u0633\u0639\u0627\u0631\u0647\u0627 \u0627\u0644\u0645\u062e\u062a\u0644\u0641\u0629 <strong>\u0627\u0644\u062a\u0646\u0642\u064f\u0651\u0644\u0627\u062a \u0645\u0646 \u0648\u0625\u0644\u0649 \u0627\u0644\u0645\u0637\u0627\u0631<\/strong> \u064a\u0645\u0643\u0646\u0643 \u0632\u064a\u0627\u0631\u0629 \u0635\u0641\u062d\u062a\u0646\u0627.<\/p>\n<p>( <a href=\"https:\/\/vzngrup.com.tr\/havalimani-transferi\/\">\u0627\u0646\u062a\u0642\u0644 \u0625\u0644\u0649 \u0627\u0644\u0635\u0641\u062d\u0629<\/a> )<\/p>","protected":false},"excerpt":{"rendered":"<p><strong>\u062e\u062f\u0645\u0629 \u0646\u0642\u0644 \u0645\u0637\u0627\u0631 \u0639\u062f\u0646\u0627\u0646 \u0645\u0646\u062f\u0631\u064a\u0633 \u0628\u0633\u064a\u0627\u0631\u0629 \u0641\u0627\u0646 \u0643\u0628\u0627\u0631 \u0627\u0644\u0634\u062e\u0635\u064a\u0627\u062a<\/strong><\/p>","protected":false},"featured_media":42373,"comment_status":"open","ping_status":"closed","template":"","meta":{"_monsterinsights_skip_tracking":false,"_monsterinsights_sitenote_active":false,"_monsterinsights_sitenote_note":"","_monsterinsights_sitenote_category":0,"_uf_show_specific_survey":0,"_uf_disable_surveys":false},"product_brand":[],"product_cat":[2384,561,769],"product_tag":[2385,2403,2438,2439,2440,2386,2387,1344,1345,840,2407,1346,2402,2388,1306,2441,2389,2408,1397,1014,973,1019,2390,1352,1353,2409,1354,2391,2392,2098,1355,1356,1323,599],"class_list":{"0":"post-42332","1":"product","2":"type-product","3":"status-publish","4":"has-post-thumbnail","6":"product_cat-adnan-menderes-havalimani-adb","7":"product_cat-genel","8":"product_cat-havalimani-transferi","9":"product_tag-adnan-menderes-havalimani","10":"product_tag-adnan-menderes-havalimani-ulasim","11":"product_tag-cigli-havalimani-transferi","12":"product_tag-cigli-vip-transfer","13":"product_tag-cigliden-havalimani-ulasimi","14":"product_tag-guvenli-tasima","15":"product_tag-havalimani-servisi","16":"product_tag-havalimani-tasima","17":"product_tag-havalimani-transfer","18":"product_tag-havalimani-transferi","19":"product_tag-havalimani-ulasimi","20":"product_tag-havalimani-vip-servisi","21":"product_tag-hizli-transfer","22":"product_tag-hizli-ulasim","23":"product_tag-izmir","24":"product_tag-izmir-cigli-havalimani-transferi","25":"product_tag-kolay-transfer","26":"product_tag-kolay-ulasim","27":"product_tag-konforlu-ulasim","28":"product_tag-luks-arac","29":"product_tag-luks-arac-kiralama","30":"product_tag-luks-transfer","31":"product_tag-minibus-transferi","32":"product_tag-ozel-transfer","33":"product_tag-sabit-fiyat-transfer","34":"product_tag-sehir-disi-transfer","35":"product_tag-sehir-ici-transfer","36":"product_tag-sehir-ici-ulasim","37":"product_tag-sehir-merkezi","38":"product_tag-shuutle","39":"product_tag-transfer-fiyatlari","40":"product_tag-transfer-hizmetleri","41":"product_tag-vip-arac","42":"product_tag-vip-transfer","45":"first","46":"instock","47":"sale","48":"taxable","49":"shipping-taxable","50":"purchasable","51":"product-type-simple"},"yoast_head":"<!-- This site is optimized with the Yoast SEO plugin v27.4 - https:\/\/yoast.com\/product\/yoast-seo-wordpress\/ -->\n<title>\u00c7i\u011fli - Adnan Menderes Havaliman\u0131 - VZN GRUP<\/title>\n<meta name=\"description\" content=\"Adnan Menderes Havaliman\u0131ndan Sizin i\u00e7in haz\u0131rlad\u0131\u011f\u0131m\u0131z Vip Transfer hizmetimizi en h\u0131zl\u0131 \u015fekil de sat\u0131n alabilirsiniz. Online Ma\u011fazam\u0131z\u0131 Ziyaret Edin. VZN Grup\" \/>\n<meta name=\"robots\" content=\"index, follow, max-snippet:-1, max-image-preview:large, max-video-preview:-1\" \/>\n<link rel=\"canonical\" href=\"https:\/\/www.vzngrup.com.tr\/ar\/product\/cigli-adnan-menderes-havalimani\/\" \/>\n<meta property=\"og:locale\" content=\"ar_AR\" \/>\n<meta property=\"og:type\" content=\"article\" \/>\n<meta property=\"og:title\" content=\"\u00c7i\u011fli - Adnan Menderes Havaliman\u0131 - VZN GRUP\" \/>\n<meta property=\"og:description\" content=\"Adnan Menderes Havaliman\u0131ndan Sizin i\u00e7in haz\u0131rlad\u0131\u011f\u0131m\u0131z Vip Transfer hizmetimizi en h\u0131zl\u0131 \u015fekil de sat\u0131n alabilirsiniz. Online Ma\u011fazam\u0131z\u0131 Ziyaret Edin. VZN Grup\" \/>\n<meta property=\"og:url\" content=\"https:\/\/www.vzngrup.com.tr\/ar\/product\/cigli-adnan-menderes-havalimani\/\" \/>\n<meta property=\"og:site_name\" content=\"VZN GRUP\" \/>\n<meta property=\"article:publisher\" content=\"https:\/\/www.facebook.com\/vzngrup\/\" \/>\n<meta property=\"article:modified_time\" content=\"2025-06-11T21:27:53+00:00\" \/>\n<meta property=\"og:image\" content=\"https:\/\/www.vzngrup.com.tr\/wp-content\/uploads\/2025\/06\/1000X1000-ADB.png\" \/>\n\t<meta property=\"og:image:width\" content=\"1000\" \/>\n\t<meta property=\"og:image:height\" content=\"1000\" \/>\n\t<meta property=\"og:image:type\" content=\"image\/png\" \/>\n<meta name=\"twitter:card\" content=\"summary_large_image\" \/>\n<meta name=\"twitter:site\" content=\"@VznVito\" \/>\n<meta name=\"twitter:label1\" content=\"\u0648\u0642\u062a \u0627\u0644\u0642\u0631\u0627\u0621\u0629 \u0627\u0644\u0645\u064f\u0642\u062f\u0651\u0631\" \/>\n\t<meta name=\"twitter:data1\" content=\"\u062f\u0642\u064a\u0642\u0629 \u0648\u0627\u062d\u062f\u0629\" \/>\n<script type=\"application\/ld+json\" class=\"yoast-schema-graph\">{\"@context\":\"https:\\\/\\\/schema.org\",\"@graph\":[{\"@type\":\"WebPage\",\"@id\":\"https:\\\/\\\/www.vzngrup.com.tr\\\/urun\\\/cigli-adnan-menderes-havalimani\\\/\",\"url\":\"https:\\\/\\\/www.vzngrup.com.tr\\\/urun\\\/cigli-adnan-menderes-havalimani\\\/\",\"name\":\"\u00c7i\u011fli - Adnan Menderes Havaliman\u0131 - VZN GRUP\",\"isPartOf\":{\"@id\":\"https:\\\/\\\/www.vzngrup.com.tr\\\/#website\"},\"primaryImageOfPage\":{\"@id\":\"https:\\\/\\\/www.vzngrup.com.tr\\\/urun\\\/cigli-adnan-menderes-havalimani\\\/#primaryimage\"},\"image\":{\"@id\":\"https:\\\/\\\/www.vzngrup.com.tr\\\/urun\\\/cigli-adnan-menderes-havalimani\\\/#primaryimage\"},\"thumbnailUrl\":\"https:\\\/\\\/www.vzngrup.com.tr\\\/wp-content\\\/uploads\\\/2025\\\/06\\\/1000X1000-ADB.png\",\"datePublished\":\"2025-06-05T00:17:43+00:00\",\"dateModified\":\"2025-06-11T21:27:53+00:00\",\"description\":\"Adnan Menderes Havaliman\u0131ndan Sizin i\u00e7in haz\u0131rlad\u0131\u011f\u0131m\u0131z Vip Transfer hizmetimizi en h\u0131zl\u0131 \u015fekil de sat\u0131n alabilirsiniz. Online Ma\u011fazam\u0131z\u0131 Ziyaret Edin. VZN Grup\",\"breadcrumb\":{\"@id\":\"https:\\\/\\\/www.vzngrup.com.tr\\\/urun\\\/cigli-adnan-menderes-havalimani\\\/#breadcrumb\"},\"inLanguage\":\"ar\",\"potentialAction\":[{\"@type\":\"ReadAction\",\"target\":[\"https:\\\/\\\/www.vzngrup.com.tr\\\/urun\\\/cigli-adnan-menderes-havalimani\\\/\"]}]},{\"@type\":\"ImageObject\",\"inLanguage\":\"ar\",\"@id\":\"https:\\\/\\\/www.vzngrup.com.tr\\\/urun\\\/cigli-adnan-menderes-havalimani\\\/#primaryimage\",\"url\":\"https:\\\/\\\/www.vzngrup.com.tr\\\/wp-content\\\/uploads\\\/2025\\\/06\\\/1000X1000-ADB.png\",\"contentUrl\":\"https:\\\/\\\/www.vzngrup.com.tr\\\/wp-content\\\/uploads\\\/2025\\\/06\\\/1000X1000-ADB.png\",\"width\":1000,\"height\":1000},{\"@type\":\"BreadcrumbList\",\"@id\":\"https:\\\/\\\/www.vzngrup.com.tr\\\/urun\\\/cigli-adnan-menderes-havalimani\\\/#breadcrumb\",\"itemListElement\":[{\"@type\":\"ListItem\",\"position\":1,\"name\":\"Anasayfa\",\"item\":\"https:\\\/\\\/www.vzngrup.com.tr\\\/\"},{\"@type\":\"ListItem\",\"position\":2,\"name\":\"Shop\",\"item\":\"https:\\\/\\\/www.vzngrup.com.tr\\\/it\\\/shop\\\/\"},{\"@type\":\"ListItem\",\"position\":3,\"name\":\"\u00c7i\u011fli &#8211; Adnan Menderes Havaliman\u0131\"}]},{\"@type\":\"WebSite\",\"@id\":\"https:\\\/\\\/www.vzngrup.com.tr\\\/#website\",\"url\":\"https:\\\/\\\/www.vzngrup.com.tr\\\/\",\"name\":\"VZN GRUP\",\"description\":\"Her An\u0131 \u00f6zel K\u0131l\u0131n.!\",\"publisher\":{\"@id\":\"https:\\\/\\\/www.vzngrup.com.tr\\\/#organization\"},\"potentialAction\":[{\"@type\":\"SearchAction\",\"target\":{\"@type\":\"EntryPoint\",\"urlTemplate\":\"https:\\\/\\\/www.vzngrup.com.tr\\\/?s={search_term_string}\"},\"query-input\":{\"@type\":\"PropertyValueSpecification\",\"valueRequired\":true,\"valueName\":\"search_term_string\"}}],\"inLanguage\":\"ar\"},{\"@type\":\"Organization\",\"@id\":\"https:\\\/\\\/www.vzngrup.com.tr\\\/#organization\",\"name\":\"VZN GRUP\",\"url\":\"https:\\\/\\\/www.vzngrup.com.tr\\\/\",\"logo\":{\"@type\":\"ImageObject\",\"inLanguage\":\"ar\",\"@id\":\"https:\\\/\\\/www.vzngrup.com.tr\\\/#\\\/schema\\\/logo\\\/image\\\/\",\"url\":\"https:\\\/\\\/www.vzngrup.com.tr\\\/wp-content\\\/uploads\\\/2019\\\/06\\\/cropped-512x512-altin-logo.png\",\"contentUrl\":\"https:\\\/\\\/www.vzngrup.com.tr\\\/wp-content\\\/uploads\\\/2019\\\/06\\\/cropped-512x512-altin-logo.png\",\"width\":512,\"height\":512,\"caption\":\"VZN GRUP\"},\"image\":{\"@id\":\"https:\\\/\\\/www.vzngrup.com.tr\\\/#\\\/schema\\\/logo\\\/image\\\/\"},\"sameAs\":[\"https:\\\/\\\/www.facebook.com\\\/vzngrup\\\/\",\"https:\\\/\\\/x.com\\\/VznVito\",\"https:\\\/\\\/vk.com\\\/id842151981\",\"https:\\\/\\\/www.tripadvisor.com.tr\\\/Attraction_Review-g293974-d27724358-Reviews-VZN_GROUP-Istanbul.html\",\"https:\\\/\\\/www.linkedin.com\\\/search\\\/results\\\/all\\\/?heroEntityKey=urnliorganization88964084&keywords=VZNGRUPTURZMYATIRIMA..&origin=ENTITY_SEARCH_HOME_HISTORY&sid=9ei\",\"https:\\\/\\\/www.youtube.com\\\/@vzngrupturizmyatirima.s\",\"https:\\\/\\\/www.instagram.com\\\/vzngrup\\\/\"]}]}<\/script>\n<!-- \/ Yoast SEO plugin. -->","yoast_head_json":{"title":"\u00c7i\u011fli - Adnan Menderes Havaliman\u0131 - VZN GRUP","description":"Adnan Menderes Havaliman\u0131ndan Sizin i\u00e7in haz\u0131rlad\u0131\u011f\u0131m\u0131z Vip Transfer hizmetimizi en h\u0131zl\u0131 \u015fekil de sat\u0131n alabilirsiniz. Online Ma\u011fazam\u0131z\u0131 Ziyaret Edin. VZN Grup","robots":{"index":"index","follow":"follow","max-snippet":"max-snippet:-1","max-image-preview":"max-image-preview:large","max-video-preview":"max-video-preview:-1"},"canonical":"https:\/\/www.vzngrup.com.tr\/ar\/product\/cigli-adnan-menderes-havalimani\/","og_locale":"ar_AR","og_type":"article","og_title":"\u00c7i\u011fli - Adnan Menderes Havaliman\u0131 - VZN GRUP","og_description":"Adnan Menderes Havaliman\u0131ndan Sizin i\u00e7in haz\u0131rlad\u0131\u011f\u0131m\u0131z Vip Transfer hizmetimizi en h\u0131zl\u0131 \u015fekil de sat\u0131n alabilirsiniz. Online Ma\u011fazam\u0131z\u0131 Ziyaret Edin. VZN Grup","og_url":"https:\/\/www.vzngrup.com.tr\/ar\/product\/cigli-adnan-menderes-havalimani\/","og_site_name":"VZN GRUP","article_publisher":"https:\/\/www.facebook.com\/vzngrup\/","article_modified_time":"2025-06-11T21:27:53+00:00","og_image":[{"width":1000,"height":1000,"url":"https:\/\/www.vzngrup.com.tr\/wp-content\/uploads\/2025\/06\/1000X1000-ADB.png","type":"image\/png"}],"twitter_card":"summary_large_image","twitter_site":"@VznVito","twitter_misc":{"\u0648\u0642\u062a \u0627\u0644\u0642\u0631\u0627\u0621\u0629 \u0627\u0644\u0645\u064f\u0642\u062f\u0651\u0631":"\u062f\u0642\u064a\u0642\u0629 \u0648\u0627\u062d\u062f\u0629"},"schema":{"@context":"https:\/\/schema.org","@graph":[{"@type":"WebPage","@id":"https:\/\/www.vzngrup.com.tr\/urun\/cigli-adnan-menderes-havalimani\/","url":"https:\/\/www.vzngrup.com.tr\/urun\/cigli-adnan-menderes-havalimani\/","name":"\u00c7i\u011fli - Adnan Menderes Havaliman\u0131 - VZN GRUP","isPartOf":{"@id":"https:\/\/www.vzngrup.com.tr\/#website"},"primaryImageOfPage":{"@id":"https:\/\/www.vzngrup.com.tr\/urun\/cigli-adnan-menderes-havalimani\/#primaryimage"},"image":{"@id":"https:\/\/www.vzngrup.com.tr\/urun\/cigli-adnan-menderes-havalimani\/#primaryimage"},"thumbnailUrl":"https:\/\/www.vzngrup.com.tr\/wp-content\/uploads\/2025\/06\/1000X1000-ADB.png","datePublished":"2025-06-05T00:17:43+00:00","dateModified":"2025-06-11T21:27:53+00:00","description":"Adnan Menderes Havaliman\u0131ndan Sizin i\u00e7in haz\u0131rlad\u0131\u011f\u0131m\u0131z Vip Transfer hizmetimizi en h\u0131zl\u0131 \u015fekil de sat\u0131n alabilirsiniz. Online Ma\u011fazam\u0131z\u0131 Ziyaret Edin. VZN Grup","breadcrumb":{"@id":"https:\/\/www.vzngrup.com.tr\/urun\/cigli-adnan-menderes-havalimani\/#breadcrumb"},"inLanguage":"ar","potentialAction":[{"@type":"ReadAction","target":["https:\/\/www.vzngrup.com.tr\/urun\/cigli-adnan-menderes-havalimani\/"]}]},{"@type":"ImageObject","inLanguage":"ar","@id":"https:\/\/www.vzngrup.com.tr\/urun\/cigli-adnan-menderes-havalimani\/#primaryimage","url":"https:\/\/www.vzngrup.com.tr\/wp-content\/uploads\/2025\/06\/1000X1000-ADB.png","contentUrl":"https:\/\/www.vzngrup.com.tr\/wp-content\/uploads\/2025\/06\/1000X1000-ADB.png","width":1000,"height":1000},{"@type":"BreadcrumbList","@id":"https:\/\/www.vzngrup.com.tr\/urun\/cigli-adnan-menderes-havalimani\/#breadcrumb","itemListElement":[{"@type":"ListItem","position":1,"name":"Anasayfa","item":"https:\/\/www.vzngrup.com.tr\/"},{"@type":"ListItem","position":2,"name":"Shop","item":"https:\/\/www.vzngrup.com.tr\/it\/shop\/"},{"@type":"ListItem","position":3,"name":"\u00c7i\u011fli &#8211; Adnan Menderes Havaliman\u0131"}]},{"@type":"WebSite","@id":"https:\/\/www.vzngrup.com.tr\/#website","url":"https:\/\/www.vzngrup.com.tr\/","name":"\u0645\u062c\u0645\u0648\u0639\u0629 VZN","description":"\u0627\u062c\u0639\u0644 \u0643\u0644 \u0644\u062d\u0638\u0629 \u0645\u0645\u064a\u0632\u0629!","publisher":{"@id":"https:\/\/www.vzngrup.com.tr\/#organization"},"potentialAction":[{"@type":"SearchAction","target":{"@type":"EntryPoint","urlTemplate":"https:\/\/www.vzngrup.com.tr\/?s={search_term_string}"},"query-input":{"@type":"PropertyValueSpecification","valueRequired":true,"valueName":"search_term_string"}}],"inLanguage":"ar"},{"@type":"Organization","@id":"https:\/\/www.vzngrup.com.tr\/#organization","name":"\u0645\u062c\u0645\u0648\u0639\u0629 VZN","url":"https:\/\/www.vzngrup.com.tr\/","logo":{"@type":"ImageObject","inLanguage":"ar","@id":"https:\/\/www.vzngrup.com.tr\/#\/schema\/logo\/image\/","url":"https:\/\/www.vzngrup.com.tr\/wp-content\/uploads\/2019\/06\/cropped-512x512-altin-logo.png","contentUrl":"https:\/\/www.vzngrup.com.tr\/wp-content\/uploads\/2019\/06\/cropped-512x512-altin-logo.png","width":512,"height":512,"caption":"VZN GRUP"},"image":{"@id":"https:\/\/www.vzngrup.com.tr\/#\/schema\/logo\/image\/"},"sameAs":["https:\/\/www.facebook.com\/vzngrup\/","https:\/\/x.com\/VznVito","https:\/\/vk.com\/id842151981","https:\/\/www.tripadvisor.com.tr\/Attraction_Review-g293974-d27724358-Reviews-VZN_GROUP-Istanbul.html","https:\/\/www.linkedin.com\/search\/results\/all\/?heroEntityKey=urnliorganization88964084&keywords=VZNGRUPTURZMYATIRIMA..&origin=ENTITY_SEARCH_HOME_HISTORY&sid=9ei","https:\/\/www.youtube.com\/@vzngrupturizmyatirima.s","https:\/\/www.instagram.com\/vzngrup\/"]}]}},"_links":{"self":[{"href":"https:\/\/www.vzngrup.com.tr\/ar\/wp-json\/wp\/v2\/product\/42332","targetHints":{"allow":["GET"]}}],"collection":[{"href":"https:\/\/www.vzngrup.com.tr\/ar\/wp-json\/wp\/v2\/product"}],"about":[{"href":"https:\/\/www.vzngrup.com.tr\/ar\/wp-json\/wp\/v2\/types\/product"}],"replies":[{"embeddable":true,"href":"https:\/\/www.vzngrup.com.tr\/ar\/wp-json\/wp\/v2\/comments?post=42332"}],"wp:featuredmedia":[{"embeddable":true,"href":"https:\/\/www.vzngrup.com.tr\/ar\/wp-json\/wp\/v2\/media\/42373"}],"wp:attachment":[{"href":"https:\/\/www.vzngrup.com.tr\/ar\/wp-json\/wp\/v2\/media?parent=42332"}],"wp:term":[{"taxonomy":"product_brand","embeddable":true,"href":"https:\/\/www.vzngrup.com.tr\/ar\/wp-json\/wp\/v2\/product_brand?post=42332"},{"taxonomy":"product_cat","embeddable":true,"href":"https:\/\/www.vzngrup.com.tr\/ar\/wp-json\/wp\/v2\/product_cat?post=42332"},{"taxonomy":"product_tag","embeddable":true,"href":"https:\/\/www.vzngrup.com.tr\/ar\/wp-json\/wp\/v2\/product_tag?post=42332"}],"curies":[{"name":"wp","href":"https:\/\/api.w.org\/{rel}","templated":true}]}}