{"id":42142,"date":"2025-06-05T00:12:48","date_gmt":"2025-06-05T00:12:48","guid":{"rendered":"https:\/\/www.vzngrup.online\/?post_type=product&#038;p=42142"},"modified":"2025-06-05T00:14:24","modified_gmt":"2025-06-05T00:14:24","slug":"mercedes-benz-vito-dugun-arabasi","status":"publish","type":"product","link":"https:\/\/www.vzngrup.com.tr\/ar\/product\/mercedes-benz-vito-dugun-arabasi\/","title":{"rendered":"\u0633\u064a\u0627\u0631\u0629 \u0632\u0641\u0627\u0641 \u0645\u0631\u0633\u064a\u062f\u0633 \u0628\u0646\u0632 \u0641\u064a\u062a\u0648"},"content":{"rendered":"<p>\u0625\u0630\u0627 \u0643\u0646\u062a \u062a\u0628\u062d\u062b \u0639\u0646 \u0627\u0644\u062e\u064a\u0627\u0631 \u0627\u0644\u0623\u0645\u062b\u0644 \u0644\u062d\u0641\u0644 \u0632\u0641\u0627\u0641 \u0644\u0627 \u064a\u064f\u0646\u0633\u0649\u060c \u0641\u0625\u0646 \u062e\u062f\u0645\u0629 \u062a\u0623\u062c\u064a\u0631 \u0633\u064a\u0627\u0631\u0627\u062a \u0627\u0644\u0632\u0641\u0627\u0641 \u0644\u0645\u062f\u0629 8 \u0633\u0627\u0639\u0627\u062a \u0645\u0639 \u0645\u0631\u0633\u064a\u062f\u0633-\u0628\u0646\u0632 \u0641\u064a\u062a\u0648 \u0647\u064a \u0627\u0644\u0623\u0646\u0633\u0628 \u0644\u0643. \u062a\u062a\u0645\u064a\u0632 \u0623\u062d\u062f\u062b \u0637\u0631\u0627\u0632\u0627\u062a \u0645\u0631\u0633\u064a\u062f\u0633-\u0628\u0646\u0632 \u0641\u064a\u062a\u0648 \u0628\u062a\u0635\u0645\u064a\u0645\u0647\u0627 \u0627\u0644\u0623\u0646\u064a\u0642 \u0648\u062f\u0627\u062e\u0644\u064a\u062a\u0647\u0627 \u0627\u0644\u0641\u0627\u062e\u0631\u0629\u060c \u0644\u062a\u0642\u062f\u0645 \u0644\u0643 \u0648\u0644\u0623\u062d\u0628\u0627\u0626\u0643 \u062a\u062c\u0631\u0628\u0629 \u0644\u0627 \u062a\u064f\u0646\u0633\u0649.<\/p>\n<p>\u0645\u0639 \u0647\u0630\u0647 \u0627\u0644\u062e\u062f\u0645\u0629 \u0627\u0644\u0645\u064f\u0642\u062f\u0645\u0629 \u0636\u0645\u0646 \u0641\u0626\u0629 \u062a\u0623\u062c\u064a\u0631 \u0627\u0644\u0633\u064a\u0627\u0631\u0627\u062a \u0645\u0639 \u0633\u0627\u0626\u0642\u060c \u064a\u064f\u0645\u0643\u0646\u0643 \u062c\u0639\u0644 \u064a\u0648\u0645 \u0632\u0641\u0627\u0641\u0643 \u0645\u0645\u064a\u0632\u064b\u0627 \u0628\u0643\u0644 \u0645\u0639\u0646\u0649 \u0627\u0644\u0643\u0644\u0645\u0629. \u0641\u0628\u064a\u0646\u0645\u0627 \u064a\u064f\u0642\u062f\u0645 \u0644\u0643 \u0633\u0627\u0626\u0642\u0646\u0627 \u0627\u0644\u0645\u062d\u062a\u0631\u0641 \u0648\u0627\u0644\u062e\u0628\u064a\u0631 \u0631\u062d\u0644\u0629 \u0622\u0645\u0646\u0629 \u0648\u0645\u0631\u064a\u062d\u0629\u060c \u064a\u064f\u0645\u0643\u0646\u0643 \u0627\u0644\u0627\u0633\u062a\u0631\u062e\u0627\u0621 \u0641\u064a \u0631\u062d\u0627\u0628 \u0633\u064a\u0627\u0631\u062a\u0646\u0627 \u0648\u0645\u0642\u0627\u0639\u062f\u0647\u0627 \u0627\u0644\u0645\u0631\u064a\u062d\u0629.<\/p>\n<p>\u0627\u062c\u0639\u0644 \u064a\u0648\u0645 \u0632\u0641\u0627\u0641\u0643 \u0644\u0627 \u064a\u064f\u0646\u0633\u0649 \u0645\u0639 \u0627\u0644\u0631\u0627\u062d\u0629 \u0648\u0627\u0644\u0623\u0646\u0627\u0642\u0629 \u0627\u0644\u062a\u064a \u062a\u0648\u0641\u0631\u0647\u0627 \u0645\u0631\u0633\u064a\u062f\u0633-\u0628\u0646\u0632 \u0641\u064a\u062a\u0648. \u0627\u062d\u062c\u0632 \u0627\u0644\u0622\u0646 \u0648\u0627\u0633\u062a\u0645\u062a\u0639 \u0628\u0627\u0644\u0631\u0627\u062d\u0629 \u0648\u0627\u0644\u0641\u062e\u0627\u0645\u0629 \u0645\u0639\u064b\u0627 \u0641\u064a \u064a\u0648\u0645\u0643 \u0627\u0644\u0645\u0645\u064a\u0632.<\/p>\n<p><strong>\u0645\u062f\u0629 :<\/strong> 8 \u0633\u0627\u0639\u0627\u062a<\/p>\n<p><strong><span style=\"vertical-align: inherit;\"><span style=\"vertical-align: inherit;\">\u0645\u0633\u0627\u0641\u0629:<\/span><\/span><\/strong><span style=\"vertical-align: inherit;\"><span style=\"vertical-align: inherit;\"> 150 \u0643\u0645<\/span><\/span><\/p>\n<p><strong>\u0627\u0644\u062f\u064a\u0643\u0648\u0631 :<\/strong> \u0644\u0627 \u064a\u0634\u0645\u0644<\/p>\n<p><strong>\u0645\u0644\u062d\u0648\u0638\u0629: \u0625\u0630\u0627 \u0643\u0646\u062a \u0628\u062d\u0627\u062c\u0629 \u0625\u0644\u0649 \u0627\u0644\u0625\u064a\u062c\u0627\u0631 \u0644\u0641\u062a\u0631\u0629 \u0645\u062e\u062a\u0644\u0641\u0629\u060c \u064a\u0631\u062c\u0649 \u0627\u0644\u0627\u062a\u0635\u0627\u0644 \u0628\u0646\u0627.<\/strong><\/p>","protected":false},"excerpt":{"rendered":"<p><strong>\u0633\u064a\u0627\u0631\u0629 \u0632\u0641\u0627\u0641 \u0645\u0631\u0633\u064a\u062f\u0633 \u0628\u0646\u0632 \u0641\u064a\u062a\u0648<\/strong><\/p>","protected":false},"featured_media":42177,"comment_status":"open","ping_status":"closed","template":"","meta":{"_monsterinsights_skip_tracking":false,"_monsterinsights_sitenote_active":false,"_monsterinsights_sitenote_note":"","_monsterinsights_sitenote_category":0,"_uf_show_specific_survey":0,"_uf_disable_surveys":false},"product_brand":[],"product_cat":[966,561,965],"product_tag":[967,968,969,970,971,972,973,974,975,976,977,978,979],"class_list":{"0":"post-42142","1":"product","2":"type-product","3":"status-publish","4":"has-post-thumbnail","6":"product_cat-gelin-arabasi-kiralama","7":"product_cat-genel","8":"product_cat-soforlu-arac-kiralama","9":"product_tag-dugun-araci","10":"product_tag-dugun-hizmetleri","11":"product_tag-gelin-arabasi","12":"product_tag-istanbul-gelin-arabasi","13":"product_tag-istanbul-vip-gelin-arabasi-kiralama","14":"product_tag-konforlu-dugun-tasimaciligi","15":"product_tag-luks-arac-kiralama","16":"product_tag-luks-gelin-arabasi","17":"product_tag-mercedes-gelin-arabasi","18":"product_tag-mercedes-benz-vito","19":"product_tag-soforlu-arac-kiralama","20":"product_tag-son-model-arac","21":"product_tag-vito-gelin-arabasi","24":"first","25":"instock","26":"sale","27":"featured","28":"taxable","29":"shipping-taxable","30":"purchasable","31":"product-type-simple"},"yoast_head":"<!-- This site is optimized with the Yoast SEO plugin v27.4 - https:\/\/yoast.com\/product\/yoast-seo-wordpress\/ -->\n<title>Mercedes-Benz Vito D\u00fc\u011f\u00fcn Arabas\u0131 - VZN GRUP<\/title>\n<meta name=\"description\" content=\"En \u00d6zel g\u00fcn\u00fcn\u00fczde sizi en iyi temsil edecek d\u00fc\u011f\u00fcn araban\u0131z\u0131 biz tahsis edelim. E\u011fitimli \u015eof\u00f6rlerimiz ve son model ara\u00e7lar\u0131m\u0131z ile en \u00f6zel d\u00fc\u011f\u00fcn sizin ki olacak.\" \/>\n<meta name=\"robots\" content=\"index, follow, max-snippet:-1, max-image-preview:large, max-video-preview:-1\" \/>\n<link rel=\"canonical\" href=\"https:\/\/www.vzngrup.com.tr\/ar\/product\/mercedes-benz-vito-dugun-arabasi\/\" \/>\n<meta property=\"og:locale\" content=\"ar_AR\" \/>\n<meta property=\"og:type\" content=\"article\" \/>\n<meta property=\"og:title\" content=\"Mercedes-Benz Vito D\u00fc\u011f\u00fcn Arabas\u0131 - VZN GRUP\" \/>\n<meta property=\"og:description\" content=\"En \u00d6zel g\u00fcn\u00fcn\u00fczde sizi en iyi temsil edecek d\u00fc\u011f\u00fcn araban\u0131z\u0131 biz tahsis edelim. E\u011fitimli \u015eof\u00f6rlerimiz ve son model ara\u00e7lar\u0131m\u0131z ile en \u00f6zel d\u00fc\u011f\u00fcn sizin ki olacak.\" \/>\n<meta property=\"og:url\" content=\"https:\/\/www.vzngrup.com.tr\/ar\/product\/mercedes-benz-vito-dugun-arabasi\/\" \/>\n<meta property=\"og:site_name\" content=\"VZN GRUP\" \/>\n<meta property=\"article:publisher\" content=\"https:\/\/www.facebook.com\/vzngrup\/\" \/>\n<meta property=\"article:modified_time\" content=\"2025-06-05T00:14:24+00:00\" \/>\n<meta property=\"og:image\" content=\"https:\/\/www.vzngrup.com.tr\/wp-content\/uploads\/2025\/06\/1000x1000-Vito-6.png\" \/>\n\t<meta property=\"og:image:width\" content=\"1000\" \/>\n\t<meta property=\"og:image:height\" content=\"1000\" \/>\n\t<meta property=\"og:image:type\" content=\"image\/png\" \/>\n<meta name=\"twitter:card\" content=\"summary_large_image\" \/>\n<meta name=\"twitter:site\" content=\"@VznVito\" \/>\n<meta name=\"twitter:label1\" content=\"\u0648\u0642\u062a \u0627\u0644\u0642\u0631\u0627\u0621\u0629 \u0627\u0644\u0645\u064f\u0642\u062f\u0651\u0631\" \/>\n\t<meta name=\"twitter:data1\" content=\"\u062f\u0642\u064a\u0642\u0629 \u0648\u0627\u062d\u062f\u0629\" \/>\n<script type=\"application\/ld+json\" class=\"yoast-schema-graph\">{\"@context\":\"https:\\\/\\\/schema.org\",\"@graph\":[{\"@type\":\"WebPage\",\"@id\":\"https:\\\/\\\/www.vzngrup.com.tr\\\/urun\\\/mercedes-benz-vito-dugun-arabasi\\\/\",\"url\":\"https:\\\/\\\/www.vzngrup.com.tr\\\/urun\\\/mercedes-benz-vito-dugun-arabasi\\\/\",\"name\":\"Mercedes-Benz Vito D\u00fc\u011f\u00fcn Arabas\u0131 - VZN GRUP\",\"isPartOf\":{\"@id\":\"https:\\\/\\\/www.vzngrup.com.tr\\\/#website\"},\"primaryImageOfPage\":{\"@id\":\"https:\\\/\\\/www.vzngrup.com.tr\\\/urun\\\/mercedes-benz-vito-dugun-arabasi\\\/#primaryimage\"},\"image\":{\"@id\":\"https:\\\/\\\/www.vzngrup.com.tr\\\/urun\\\/mercedes-benz-vito-dugun-arabasi\\\/#primaryimage\"},\"thumbnailUrl\":\"https:\\\/\\\/www.vzngrup.com.tr\\\/wp-content\\\/uploads\\\/2025\\\/06\\\/1000x1000-Vito-6.png\",\"datePublished\":\"2025-06-05T00:12:48+00:00\",\"dateModified\":\"2025-06-05T00:14:24+00:00\",\"description\":\"En \u00d6zel g\u00fcn\u00fcn\u00fczde sizi en iyi temsil edecek d\u00fc\u011f\u00fcn araban\u0131z\u0131 biz tahsis edelim. E\u011fitimli \u015eof\u00f6rlerimiz ve son model ara\u00e7lar\u0131m\u0131z ile en \u00f6zel d\u00fc\u011f\u00fcn sizin ki olacak.\",\"breadcrumb\":{\"@id\":\"https:\\\/\\\/www.vzngrup.com.tr\\\/urun\\\/mercedes-benz-vito-dugun-arabasi\\\/#breadcrumb\"},\"inLanguage\":\"ar\",\"potentialAction\":[{\"@type\":\"ReadAction\",\"target\":[\"https:\\\/\\\/www.vzngrup.com.tr\\\/urun\\\/mercedes-benz-vito-dugun-arabasi\\\/\"]}]},{\"@type\":\"ImageObject\",\"inLanguage\":\"ar\",\"@id\":\"https:\\\/\\\/www.vzngrup.com.tr\\\/urun\\\/mercedes-benz-vito-dugun-arabasi\\\/#primaryimage\",\"url\":\"https:\\\/\\\/www.vzngrup.com.tr\\\/wp-content\\\/uploads\\\/2025\\\/06\\\/1000x1000-Vito-6.png\",\"contentUrl\":\"https:\\\/\\\/www.vzngrup.com.tr\\\/wp-content\\\/uploads\\\/2025\\\/06\\\/1000x1000-Vito-6.png\",\"width\":1000,\"height\":1000},{\"@type\":\"BreadcrumbList\",\"@id\":\"https:\\\/\\\/www.vzngrup.com.tr\\\/urun\\\/mercedes-benz-vito-dugun-arabasi\\\/#breadcrumb\",\"itemListElement\":[{\"@type\":\"ListItem\",\"position\":1,\"name\":\"Anasayfa\",\"item\":\"https:\\\/\\\/www.vzngrup.com.tr\\\/\"},{\"@type\":\"ListItem\",\"position\":2,\"name\":\"Shop\",\"item\":\"https:\\\/\\\/www.vzngrup.com.tr\\\/it\\\/shop\\\/\"},{\"@type\":\"ListItem\",\"position\":3,\"name\":\"Mercedes-Benz Vito D\u00fc\u011f\u00fcn Arabas\u0131\"}]},{\"@type\":\"WebSite\",\"@id\":\"https:\\\/\\\/www.vzngrup.com.tr\\\/#website\",\"url\":\"https:\\\/\\\/www.vzngrup.com.tr\\\/\",\"name\":\"VZN GRUP\",\"description\":\"Her An\u0131 \u00f6zel K\u0131l\u0131n.!\",\"publisher\":{\"@id\":\"https:\\\/\\\/www.vzngrup.com.tr\\\/#organization\"},\"potentialAction\":[{\"@type\":\"SearchAction\",\"target\":{\"@type\":\"EntryPoint\",\"urlTemplate\":\"https:\\\/\\\/www.vzngrup.com.tr\\\/?s={search_term_string}\"},\"query-input\":{\"@type\":\"PropertyValueSpecification\",\"valueRequired\":true,\"valueName\":\"search_term_string\"}}],\"inLanguage\":\"ar\"},{\"@type\":\"Organization\",\"@id\":\"https:\\\/\\\/www.vzngrup.com.tr\\\/#organization\",\"name\":\"VZN GRUP\",\"url\":\"https:\\\/\\\/www.vzngrup.com.tr\\\/\",\"logo\":{\"@type\":\"ImageObject\",\"inLanguage\":\"ar\",\"@id\":\"https:\\\/\\\/www.vzngrup.com.tr\\\/#\\\/schema\\\/logo\\\/image\\\/\",\"url\":\"https:\\\/\\\/www.vzngrup.com.tr\\\/wp-content\\\/uploads\\\/2019\\\/06\\\/cropped-512x512-altin-logo.png\",\"contentUrl\":\"https:\\\/\\\/www.vzngrup.com.tr\\\/wp-content\\\/uploads\\\/2019\\\/06\\\/cropped-512x512-altin-logo.png\",\"width\":512,\"height\":512,\"caption\":\"VZN GRUP\"},\"image\":{\"@id\":\"https:\\\/\\\/www.vzngrup.com.tr\\\/#\\\/schema\\\/logo\\\/image\\\/\"},\"sameAs\":[\"https:\\\/\\\/www.facebook.com\\\/vzngrup\\\/\",\"https:\\\/\\\/x.com\\\/VznVito\",\"https:\\\/\\\/vk.com\\\/id842151981\",\"https:\\\/\\\/www.tripadvisor.com.tr\\\/Attraction_Review-g293974-d27724358-Reviews-VZN_GROUP-Istanbul.html\",\"https:\\\/\\\/www.linkedin.com\\\/search\\\/results\\\/all\\\/?heroEntityKey=urnliorganization88964084&keywords=VZNGRUPTURZMYATIRIMA..&origin=ENTITY_SEARCH_HOME_HISTORY&sid=9ei\",\"https:\\\/\\\/www.youtube.com\\\/@vzngrupturizmyatirima.s\",\"https:\\\/\\\/www.instagram.com\\\/vzngrup\\\/\"]}]}<\/script>\n<!-- \/ Yoast SEO plugin. -->","yoast_head_json":{"title":"Mercedes-Benz Vito D\u00fc\u011f\u00fcn Arabas\u0131 - VZN GRUP","description":"En \u00d6zel g\u00fcn\u00fcn\u00fczde sizi en iyi temsil edecek d\u00fc\u011f\u00fcn araban\u0131z\u0131 biz tahsis edelim. E\u011fitimli \u015eof\u00f6rlerimiz ve son model ara\u00e7lar\u0131m\u0131z ile en \u00f6zel d\u00fc\u011f\u00fcn sizin ki olacak.","robots":{"index":"index","follow":"follow","max-snippet":"max-snippet:-1","max-image-preview":"max-image-preview:large","max-video-preview":"max-video-preview:-1"},"canonical":"https:\/\/www.vzngrup.com.tr\/ar\/product\/mercedes-benz-vito-dugun-arabasi\/","og_locale":"ar_AR","og_type":"article","og_title":"Mercedes-Benz Vito D\u00fc\u011f\u00fcn Arabas\u0131 - VZN GRUP","og_description":"En \u00d6zel g\u00fcn\u00fcn\u00fczde sizi en iyi temsil edecek d\u00fc\u011f\u00fcn araban\u0131z\u0131 biz tahsis edelim. E\u011fitimli \u015eof\u00f6rlerimiz ve son model ara\u00e7lar\u0131m\u0131z ile en \u00f6zel d\u00fc\u011f\u00fcn sizin ki olacak.","og_url":"https:\/\/www.vzngrup.com.tr\/ar\/product\/mercedes-benz-vito-dugun-arabasi\/","og_site_name":"VZN GRUP","article_publisher":"https:\/\/www.facebook.com\/vzngrup\/","article_modified_time":"2025-06-05T00:14:24+00:00","og_image":[{"url":"https:\/\/www.vzngrup.com.tr\/wp-content\/uploads\/2025\/06\/1000x1000-Vito-6.png","width":1000,"height":1000,"type":"image\/png"}],"twitter_card":"summary_large_image","twitter_site":"@VznVito","twitter_misc":{"\u0648\u0642\u062a \u0627\u0644\u0642\u0631\u0627\u0621\u0629 \u0627\u0644\u0645\u064f\u0642\u062f\u0651\u0631":"\u062f\u0642\u064a\u0642\u0629 \u0648\u0627\u062d\u062f\u0629"},"schema":{"@context":"https:\/\/schema.org","@graph":[{"@type":"WebPage","@id":"https:\/\/www.vzngrup.com.tr\/urun\/mercedes-benz-vito-dugun-arabasi\/","url":"https:\/\/www.vzngrup.com.tr\/urun\/mercedes-benz-vito-dugun-arabasi\/","name":"Mercedes-Benz Vito D\u00fc\u011f\u00fcn Arabas\u0131 - VZN GRUP","isPartOf":{"@id":"https:\/\/www.vzngrup.com.tr\/#website"},"primaryImageOfPage":{"@id":"https:\/\/www.vzngrup.com.tr\/urun\/mercedes-benz-vito-dugun-arabasi\/#primaryimage"},"image":{"@id":"https:\/\/www.vzngrup.com.tr\/urun\/mercedes-benz-vito-dugun-arabasi\/#primaryimage"},"thumbnailUrl":"https:\/\/www.vzngrup.com.tr\/wp-content\/uploads\/2025\/06\/1000x1000-Vito-6.png","datePublished":"2025-06-05T00:12:48+00:00","dateModified":"2025-06-05T00:14:24+00:00","description":"En \u00d6zel g\u00fcn\u00fcn\u00fczde sizi en iyi temsil edecek d\u00fc\u011f\u00fcn araban\u0131z\u0131 biz tahsis edelim. E\u011fitimli \u015eof\u00f6rlerimiz ve son model ara\u00e7lar\u0131m\u0131z ile en \u00f6zel d\u00fc\u011f\u00fcn sizin ki olacak.","breadcrumb":{"@id":"https:\/\/www.vzngrup.com.tr\/urun\/mercedes-benz-vito-dugun-arabasi\/#breadcrumb"},"inLanguage":"ar","potentialAction":[{"@type":"ReadAction","target":["https:\/\/www.vzngrup.com.tr\/urun\/mercedes-benz-vito-dugun-arabasi\/"]}]},{"@type":"ImageObject","inLanguage":"ar","@id":"https:\/\/www.vzngrup.com.tr\/urun\/mercedes-benz-vito-dugun-arabasi\/#primaryimage","url":"https:\/\/www.vzngrup.com.tr\/wp-content\/uploads\/2025\/06\/1000x1000-Vito-6.png","contentUrl":"https:\/\/www.vzngrup.com.tr\/wp-content\/uploads\/2025\/06\/1000x1000-Vito-6.png","width":1000,"height":1000},{"@type":"BreadcrumbList","@id":"https:\/\/www.vzngrup.com.tr\/urun\/mercedes-benz-vito-dugun-arabasi\/#breadcrumb","itemListElement":[{"@type":"ListItem","position":1,"name":"Anasayfa","item":"https:\/\/www.vzngrup.com.tr\/"},{"@type":"ListItem","position":2,"name":"Shop","item":"https:\/\/www.vzngrup.com.tr\/it\/shop\/"},{"@type":"ListItem","position":3,"name":"Mercedes-Benz Vito D\u00fc\u011f\u00fcn Arabas\u0131"}]},{"@type":"WebSite","@id":"https:\/\/www.vzngrup.com.tr\/#website","url":"https:\/\/www.vzngrup.com.tr\/","name":"\u0645\u062c\u0645\u0648\u0639\u0629 VZN","description":"\u0627\u062c\u0639\u0644 \u0643\u0644 \u0644\u062d\u0638\u0629 \u0645\u0645\u064a\u0632\u0629!","publisher":{"@id":"https:\/\/www.vzngrup.com.tr\/#organization"},"potentialAction":[{"@type":"SearchAction","target":{"@type":"EntryPoint","urlTemplate":"https:\/\/www.vzngrup.com.tr\/?s={search_term_string}"},"query-input":{"@type":"PropertyValueSpecification","valueRequired":true,"valueName":"search_term_string"}}],"inLanguage":"ar"},{"@type":"Organization","@id":"https:\/\/www.vzngrup.com.tr\/#organization","name":"\u0645\u062c\u0645\u0648\u0639\u0629 VZN","url":"https:\/\/www.vzngrup.com.tr\/","logo":{"@type":"ImageObject","inLanguage":"ar","@id":"https:\/\/www.vzngrup.com.tr\/#\/schema\/logo\/image\/","url":"https:\/\/www.vzngrup.com.tr\/wp-content\/uploads\/2019\/06\/cropped-512x512-altin-logo.png","contentUrl":"https:\/\/www.vzngrup.com.tr\/wp-content\/uploads\/2019\/06\/cropped-512x512-altin-logo.png","width":512,"height":512,"caption":"VZN GRUP"},"image":{"@id":"https:\/\/www.vzngrup.com.tr\/#\/schema\/logo\/image\/"},"sameAs":["https:\/\/www.facebook.com\/vzngrup\/","https:\/\/x.com\/VznVito","https:\/\/vk.com\/id842151981","https:\/\/www.tripadvisor.com.tr\/Attraction_Review-g293974-d27724358-Reviews-VZN_GROUP-Istanbul.html","https:\/\/www.linkedin.com\/search\/results\/all\/?heroEntityKey=urnliorganization88964084&keywords=VZNGRUPTURZMYATIRIMA..&origin=ENTITY_SEARCH_HOME_HISTORY&sid=9ei","https:\/\/www.youtube.com\/@vzngrupturizmyatirima.s","https:\/\/www.instagram.com\/vzngrup\/"]}]}},"_links":{"self":[{"href":"https:\/\/www.vzngrup.com.tr\/ar\/wp-json\/wp\/v2\/product\/42142","targetHints":{"allow":["GET"]}}],"collection":[{"href":"https:\/\/www.vzngrup.com.tr\/ar\/wp-json\/wp\/v2\/product"}],"about":[{"href":"https:\/\/www.vzngrup.com.tr\/ar\/wp-json\/wp\/v2\/types\/product"}],"replies":[{"embeddable":true,"href":"https:\/\/www.vzngrup.com.tr\/ar\/wp-json\/wp\/v2\/comments?post=42142"}],"wp:featuredmedia":[{"embeddable":true,"href":"https:\/\/www.vzngrup.com.tr\/ar\/wp-json\/wp\/v2\/media\/42177"}],"wp:attachment":[{"href":"https:\/\/www.vzngrup.com.tr\/ar\/wp-json\/wp\/v2\/media?parent=42142"}],"wp:term":[{"taxonomy":"product_brand","embeddable":true,"href":"https:\/\/www.vzngrup.com.tr\/ar\/wp-json\/wp\/v2\/product_brand?post=42142"},{"taxonomy":"product_cat","embeddable":true,"href":"https:\/\/www.vzngrup.com.tr\/ar\/wp-json\/wp\/v2\/product_cat?post=42142"},{"taxonomy":"product_tag","embeddable":true,"href":"https:\/\/www.vzngrup.com.tr\/ar\/wp-json\/wp\/v2\/product_tag?post=42142"}],"curies":[{"name":"wp","href":"https:\/\/api.w.org\/{rel}","templated":true}]}}