{"id":41944,"date":"2025-06-05T00:03:02","date_gmt":"2025-06-05T00:03:02","guid":{"rendered":"https:\/\/www.vzngrup.online\/?post_type=product&#038;p=41944"},"modified":"2025-06-11T08:34:54","modified_gmt":"2025-06-11T08:34:54","slug":"sirnak-istanbul-transferi","status":"publish","type":"product","link":"https:\/\/www.vzngrup.com.tr\/ar\/product\/sirnak-istanbul-transferi\/","title":{"rendered":"\u0646\u0642\u0644 \u0633\u064a\u0631\u0646\u0627\u0643 \u2013 \u0627\u0633\u0637\u0646\u0628\u0648\u0644"},"content":{"rendered":"<p>\u062e\u062f\u0645\u0629 \u0646\u0642\u0644 \u0643\u0628\u0627\u0631 \u0627\u0644\u0634\u062e\u0635\u064a\u0627\u062a \u0628\u064a\u0646 \u0627\u0644\u0645\u062f\u0646 \u0645\u0646 \u0645\u0631\u0643\u0632 \u0634\u0631\u0646\u0627\u0642 \u0625\u0644\u0649 \u0645\u0631\u0643\u0632 \u0625\u0633\u0637\u0646\u0628\u0648\u0644 \u0623\u0648 \u0628\u0627\u0644\u0627\u062a\u062c\u0627\u0647 \u0627\u0644\u0645\u0639\u0627\u0643\u0633. \u0645\u0639 \u0647\u0630\u0647 \u0627\u0644\u062e\u062f\u0645\u0629 \u0627\u0644\u0645\u0635\u0645\u0645\u0629 \u062e\u0635\u064a\u0635\u064b\u0627 \u0644\u0643\u0645\u060c \u064a\u0645\u0643\u0646\u0643\u0645 \u0627\u0644\u0627\u0633\u062a\u0645\u062a\u0627\u0639 \u0628\u0631\u062d\u0644\u0629 \u0645\u0631\u064a\u062d\u0629 \u0628\u064a\u0646 \u0627\u0644\u0645\u062f\u0646 \u062a\u062a\u0633\u0639 \u0644\u0633\u062a\u0629 \u0623\u0634\u062e\u0627\u0635 \u0641\u064a \u0633\u064a\u0627\u0631\u0629 \u0643\u0628\u0627\u0631 \u0627\u0644\u0634\u062e\u0635\u064a\u0627\u062a. \u0633\u062a\u0643\u0648\u0646 \u0633\u064a\u0627\u0631\u0629 \u0643\u0628\u0627\u0631 \u0627\u0644\u0634\u062e\u0635\u064a\u0627\u062a \u062c\u0627\u0647\u0632\u0629 \u0644\u0627\u0633\u062a\u0642\u0628\u0627\u0644\u0643\u0645 \u0641\u064a \u0627\u0644\u0648\u0642\u062a \u0627\u0644\u0630\u064a \u064a\u0646\u0627\u0633\u0628\u0643\u0645.<\/p>\n<ul>\n<li>\u062a\u0644\u0641\u0632\u064a\u0648\u0646 LCD<\/li>\n<li>\u062b\u0644\u0627\u062c\u0629<\/li>\n<li>\u0637\u0627\u0648\u0644\u0627\u062a \u0642\u0647\u0648\u0629 \u0645\u0646\u0628\u062b\u0642\u0629<\/li>\n<li>\u0627\u0644\u0648\u0633\u0627\u0626\u0637 \u0627\u0644\u0645\u062a\u0639\u062f\u062f\u0629<\/li>\n<li>\u0625\u0636\u0627\u0621\u0629 LED \u0642\u0627\u0628\u0644\u0629 \u0644\u0644\u062a\u0639\u062f\u064a\u0644<\/li>\n<\/ul>\n<p>\u0633\u064a\u0627\u0631\u062a\u0646\u0627 \u0647\u064a \u0633\u064a\u0627\u0631\u0629 VIP \u0641\u0627\u062e\u0631\u0629 \u062a\u062a\u0633\u0639 \u0644\u0640 6 \u0623\u0634\u062e\u0627\u0635 \u0645\u0639 \u0633\u0639\u0629 \u0623\u0645\u062a\u0639\u0629 \u062a\u0635\u0644 \u0625\u0644\u0649 6. \u064a\u0645\u0643\u0646\u0643 \u0625\u062c\u0631\u0627\u0621 \u0627\u0644\u062d\u062c\u0632 \u0644\u0623\u064a \u062a\u0627\u0631\u064a\u062e \u0648\u0648\u0642\u062a \u062a\u0631\u064a\u062f\u0647.<\/p>\n<p><strong>\u0645\u0644\u062d\u0648\u0638\u0627\u062a:<\/strong> \u0644\u0645\u0632\u064a\u062f \u0645\u0646 \u062e\u064a\u0627\u0631\u0627\u062a \u0627\u0644\u0645\u0631\u0643\u0628\u0627\u062a \u0627\u0644\u0645\u062e\u062a\u0644\u0641\u0629 <a href=\"https:\/\/vzngrup.com.tr\/sehirler-arasi-transfer\/\">\u0627\u0644\u0646\u0642\u0644 \u0628\u064a\u0646 \u0627\u0644\u0645\u062f\u0646<\/a> \u064a\u0645\u0643\u0646\u0643 \u0627\u0633\u062a\u062e\u062f\u0627\u0645 \u0646\u0645\u0648\u0630\u062c \u0627\u0644\u062a\u0633\u0639\u064a\u0631 \u0639\u0644\u0649 \u0635\u0641\u062d\u062a\u0646\u0627. (<a href=\"https:\/\/vzngrup.com.tr\/sehirler-arasi-transfer\/\">\u0627\u0646\u062a\u0642\u0644 \u0625\u0644\u0649 \u0627\u0644\u0635\u0641\u062d\u0629<\/a>)<\/p>","protected":false},"excerpt":{"rendered":"<p><strong>\u062e\u062f\u0645\u0629 \u0646\u0642\u0644 VIP \u062e\u0627\u0635\u0629 \u0644\u0643 \u0639\u0646\u062f \u0627\u0644\u0630\u0647\u0627\u0628 \u0645\u0646 \u0634\u0631\u0646\u0627\u0642 \u0625\u0644\u0649 \u0625\u0633\u0637\u0646\u0628\u0648\u0644 \u0623\u0648 \u0627\u0644\u0639\u0648\u062f\u0629 \u0645\u0646 \u0625\u0633\u0637\u0646\u0628\u0648\u0644 \u0625\u0644\u0649 \u0634\u0631\u0646\u0627\u0642<\/strong><\/p>","protected":false},"featured_media":41985,"comment_status":"open","ping_status":"closed","template":"","meta":{"_monsterinsights_skip_tracking":false,"_monsterinsights_sitenote_active":false,"_monsterinsights_sitenote_note":"","_monsterinsights_sitenote_category":0,"_uf_show_specific_survey":0,"_uf_disable_surveys":false},"product_brand":[],"product_cat":[561,7533],"product_tag":[1395,1396,1097,1397,1019,1413,1398,1414,1399,1400,1746,1747,1748,1749,1750,1751,1752,1415,1416,1401],"class_list":{"0":"post-41944","1":"product","2":"type-product","3":"status-publish","4":"has-post-thumbnail","6":"product_cat-genel","7":"product_cat-luks-vip-van-sehirler-arasi-transfer","8":"product_tag-havaalani-transferi","9":"product_tag-istanbul-transfer-hizmeti","10":"product_tag-istanbul-ulasim","11":"product_tag-konforlu-ulasim","12":"product_tag-luks-transfer","13":"product_tag-otobus-bileti","14":"product_tag-ozel-arac-hizmeti","15":"product_tag-sehirler-arasi-otobus","16":"product_tag-sehirler-arasi-transfer","17":"product_tag-sehirler-arasi-vip-ulasim","18":"product_tag-sirnak-istanbul-transferi","19":"product_tag-sirnak-istanbul-arac-kiralama","20":"product_tag-sirnak-istanbul-otobus","21":"product_tag-sirnak-istanbul-ulasim","22":"product_tag-sirnak-istanbul-vip-transfer","23":"product_tag-sirnak-istanbul-yolu","24":"product_tag-sirnak-ulasim","25":"product_tag-ulasim-secenekleri","26":"product_tag-uygun-fiyatli-transfer","27":"product_tag-vip-arac-hizmeti","30":"first","31":"instock","32":"sale","33":"taxable","34":"shipping-taxable","35":"purchasable","36":"product-type-simple"},"yoast_head":"<!-- This site is optimized with the Yoast SEO plugin v27.4 - https:\/\/yoast.com\/product\/yoast-seo-wordpress\/ -->\n<title>\u015e\u0131rnak - \u0130stanbul Transferi - VZN GRUP<\/title>\n<meta name=\"description\" content=\"\u015e\u0131rnak - \u0130stanbul aras\u0131 size \u00f6zel Vip Transfer hizmetlerimiz ile adresten - adrese kolay ve l\u00fcks ula\u015f\u0131m\u0131 deneyimleyin. \u015eehirler aras\u0131 transferin en ekonomik yol\" \/>\n<meta name=\"robots\" content=\"index, follow, max-snippet:-1, max-image-preview:large, max-video-preview:-1\" \/>\n<link rel=\"canonical\" href=\"https:\/\/www.vzngrup.com.tr\/ar\/product\/sirnak-istanbul-transferi\/\" \/>\n<meta property=\"og:locale\" content=\"ar_AR\" \/>\n<meta property=\"og:type\" content=\"article\" \/>\n<meta property=\"og:title\" content=\"\u015e\u0131rnak - \u0130stanbul Transferi - VZN GRUP\" \/>\n<meta property=\"og:description\" content=\"\u015e\u0131rnak - \u0130stanbul aras\u0131 size \u00f6zel Vip Transfer hizmetlerimiz ile adresten - adrese kolay ve l\u00fcks ula\u015f\u0131m\u0131 deneyimleyin. \u015eehirler aras\u0131 transferin en ekonomik yol\" \/>\n<meta property=\"og:url\" content=\"https:\/\/www.vzngrup.com.tr\/ar\/product\/sirnak-istanbul-transferi\/\" \/>\n<meta property=\"og:site_name\" content=\"VZN GRUP\" \/>\n<meta property=\"article:publisher\" content=\"https:\/\/www.facebook.com\/vzngrup\/\" \/>\n<meta property=\"article:modified_time\" content=\"2025-06-11T08:34:54+00:00\" \/>\n<meta property=\"og:image\" content=\"https:\/\/www.vzngrup.com.tr\/wp-content\/uploads\/2025\/06\/SIRNAK.png\" \/>\n\t<meta property=\"og:image:width\" content=\"1000\" \/>\n\t<meta property=\"og:image:height\" content=\"1000\" \/>\n\t<meta property=\"og:image:type\" content=\"image\/png\" \/>\n<meta name=\"twitter:card\" content=\"summary_large_image\" \/>\n<meta name=\"twitter:site\" content=\"@VznVito\" \/>\n<meta name=\"twitter:label1\" content=\"\u0648\u0642\u062a \u0627\u0644\u0642\u0631\u0627\u0621\u0629 \u0627\u0644\u0645\u064f\u0642\u062f\u0651\u0631\" \/>\n\t<meta name=\"twitter:data1\" content=\"\u062f\u0642\u064a\u0642\u0629 \u0648\u0627\u062d\u062f\u0629\" \/>\n<script type=\"application\/ld+json\" class=\"yoast-schema-graph\">{\"@context\":\"https:\\\/\\\/schema.org\",\"@graph\":[{\"@type\":\"WebPage\",\"@id\":\"https:\\\/\\\/www.vzngrup.com.tr\\\/urun\\\/sirnak-istanbul-transferi\\\/\",\"url\":\"https:\\\/\\\/www.vzngrup.com.tr\\\/urun\\\/sirnak-istanbul-transferi\\\/\",\"name\":\"\u015e\u0131rnak - \u0130stanbul Transferi - VZN GRUP\",\"isPartOf\":{\"@id\":\"https:\\\/\\\/www.vzngrup.com.tr\\\/#website\"},\"primaryImageOfPage\":{\"@id\":\"https:\\\/\\\/www.vzngrup.com.tr\\\/urun\\\/sirnak-istanbul-transferi\\\/#primaryimage\"},\"image\":{\"@id\":\"https:\\\/\\\/www.vzngrup.com.tr\\\/urun\\\/sirnak-istanbul-transferi\\\/#primaryimage\"},\"thumbnailUrl\":\"https:\\\/\\\/www.vzngrup.com.tr\\\/wp-content\\\/uploads\\\/2025\\\/06\\\/SIRNAK.png\",\"datePublished\":\"2025-06-05T00:03:02+00:00\",\"dateModified\":\"2025-06-11T08:34:54+00:00\",\"description\":\"\u015e\u0131rnak - \u0130stanbul aras\u0131 size \u00f6zel Vip Transfer hizmetlerimiz ile adresten - adrese kolay ve l\u00fcks ula\u015f\u0131m\u0131 deneyimleyin. \u015eehirler aras\u0131 transferin en ekonomik yol\",\"breadcrumb\":{\"@id\":\"https:\\\/\\\/www.vzngrup.com.tr\\\/urun\\\/sirnak-istanbul-transferi\\\/#breadcrumb\"},\"inLanguage\":\"ar\",\"potentialAction\":[{\"@type\":\"ReadAction\",\"target\":[\"https:\\\/\\\/www.vzngrup.com.tr\\\/urun\\\/sirnak-istanbul-transferi\\\/\"]}]},{\"@type\":\"ImageObject\",\"inLanguage\":\"ar\",\"@id\":\"https:\\\/\\\/www.vzngrup.com.tr\\\/urun\\\/sirnak-istanbul-transferi\\\/#primaryimage\",\"url\":\"https:\\\/\\\/www.vzngrup.com.tr\\\/wp-content\\\/uploads\\\/2025\\\/06\\\/SIRNAK.png\",\"contentUrl\":\"https:\\\/\\\/www.vzngrup.com.tr\\\/wp-content\\\/uploads\\\/2025\\\/06\\\/SIRNAK.png\",\"width\":1000,\"height\":1000},{\"@type\":\"BreadcrumbList\",\"@id\":\"https:\\\/\\\/www.vzngrup.com.tr\\\/urun\\\/sirnak-istanbul-transferi\\\/#breadcrumb\",\"itemListElement\":[{\"@type\":\"ListItem\",\"position\":1,\"name\":\"Anasayfa\",\"item\":\"https:\\\/\\\/www.vzngrup.com.tr\\\/\"},{\"@type\":\"ListItem\",\"position\":2,\"name\":\"Shop\",\"item\":\"https:\\\/\\\/www.vzngrup.com.tr\\\/it\\\/shop\\\/\"},{\"@type\":\"ListItem\",\"position\":3,\"name\":\"\u015e\u0131rnak &#8211; \u0130stanbul Transferi\"}]},{\"@type\":\"WebSite\",\"@id\":\"https:\\\/\\\/www.vzngrup.com.tr\\\/#website\",\"url\":\"https:\\\/\\\/www.vzngrup.com.tr\\\/\",\"name\":\"VZN GRUP\",\"description\":\"Her An\u0131 \u00f6zel K\u0131l\u0131n.!\",\"publisher\":{\"@id\":\"https:\\\/\\\/www.vzngrup.com.tr\\\/#organization\"},\"potentialAction\":[{\"@type\":\"SearchAction\",\"target\":{\"@type\":\"EntryPoint\",\"urlTemplate\":\"https:\\\/\\\/www.vzngrup.com.tr\\\/?s={search_term_string}\"},\"query-input\":{\"@type\":\"PropertyValueSpecification\",\"valueRequired\":true,\"valueName\":\"search_term_string\"}}],\"inLanguage\":\"ar\"},{\"@type\":\"Organization\",\"@id\":\"https:\\\/\\\/www.vzngrup.com.tr\\\/#organization\",\"name\":\"VZN GRUP\",\"url\":\"https:\\\/\\\/www.vzngrup.com.tr\\\/\",\"logo\":{\"@type\":\"ImageObject\",\"inLanguage\":\"ar\",\"@id\":\"https:\\\/\\\/www.vzngrup.com.tr\\\/#\\\/schema\\\/logo\\\/image\\\/\",\"url\":\"https:\\\/\\\/www.vzngrup.com.tr\\\/wp-content\\\/uploads\\\/2019\\\/06\\\/cropped-512x512-altin-logo.png\",\"contentUrl\":\"https:\\\/\\\/www.vzngrup.com.tr\\\/wp-content\\\/uploads\\\/2019\\\/06\\\/cropped-512x512-altin-logo.png\",\"width\":512,\"height\":512,\"caption\":\"VZN GRUP\"},\"image\":{\"@id\":\"https:\\\/\\\/www.vzngrup.com.tr\\\/#\\\/schema\\\/logo\\\/image\\\/\"},\"sameAs\":[\"https:\\\/\\\/www.facebook.com\\\/vzngrup\\\/\",\"https:\\\/\\\/x.com\\\/VznVito\",\"https:\\\/\\\/vk.com\\\/id842151981\",\"https:\\\/\\\/www.tripadvisor.com.tr\\\/Attraction_Review-g293974-d27724358-Reviews-VZN_GROUP-Istanbul.html\",\"https:\\\/\\\/www.linkedin.com\\\/search\\\/results\\\/all\\\/?heroEntityKey=urnliorganization88964084&keywords=VZNGRUPTURZMYATIRIMA..&origin=ENTITY_SEARCH_HOME_HISTORY&sid=9ei\",\"https:\\\/\\\/www.youtube.com\\\/@vzngrupturizmyatirima.s\",\"https:\\\/\\\/www.instagram.com\\\/vzngrup\\\/\"]}]}<\/script>\n<!-- \/ Yoast SEO plugin. -->","yoast_head_json":{"title":"\u015e\u0131rnak - \u0130stanbul Transferi - VZN GRUP","description":"\u015e\u0131rnak - \u0130stanbul aras\u0131 size \u00f6zel Vip Transfer hizmetlerimiz ile adresten - adrese kolay ve l\u00fcks ula\u015f\u0131m\u0131 deneyimleyin. \u015eehirler aras\u0131 transferin en ekonomik yol","robots":{"index":"index","follow":"follow","max-snippet":"max-snippet:-1","max-image-preview":"max-image-preview:large","max-video-preview":"max-video-preview:-1"},"canonical":"https:\/\/www.vzngrup.com.tr\/ar\/product\/sirnak-istanbul-transferi\/","og_locale":"ar_AR","og_type":"article","og_title":"\u015e\u0131rnak - \u0130stanbul Transferi - VZN GRUP","og_description":"\u015e\u0131rnak - \u0130stanbul aras\u0131 size \u00f6zel Vip Transfer hizmetlerimiz ile adresten - adrese kolay ve l\u00fcks ula\u015f\u0131m\u0131 deneyimleyin. \u015eehirler aras\u0131 transferin en ekonomik yol","og_url":"https:\/\/www.vzngrup.com.tr\/ar\/product\/sirnak-istanbul-transferi\/","og_site_name":"VZN GRUP","article_publisher":"https:\/\/www.facebook.com\/vzngrup\/","article_modified_time":"2025-06-11T08:34:54+00:00","og_image":[{"url":"https:\/\/www.vzngrup.com.tr\/wp-content\/uploads\/2025\/06\/SIRNAK.png","width":1000,"height":1000,"type":"image\/png"}],"twitter_card":"summary_large_image","twitter_site":"@VznVito","twitter_misc":{"\u0648\u0642\u062a \u0627\u0644\u0642\u0631\u0627\u0621\u0629 \u0627\u0644\u0645\u064f\u0642\u062f\u0651\u0631":"\u062f\u0642\u064a\u0642\u0629 \u0648\u0627\u062d\u062f\u0629"},"schema":{"@context":"https:\/\/schema.org","@graph":[{"@type":"WebPage","@id":"https:\/\/www.vzngrup.com.tr\/urun\/sirnak-istanbul-transferi\/","url":"https:\/\/www.vzngrup.com.tr\/urun\/sirnak-istanbul-transferi\/","name":"\u015e\u0131rnak - \u0130stanbul Transferi - VZN GRUP","isPartOf":{"@id":"https:\/\/www.vzngrup.com.tr\/#website"},"primaryImageOfPage":{"@id":"https:\/\/www.vzngrup.com.tr\/urun\/sirnak-istanbul-transferi\/#primaryimage"},"image":{"@id":"https:\/\/www.vzngrup.com.tr\/urun\/sirnak-istanbul-transferi\/#primaryimage"},"thumbnailUrl":"https:\/\/www.vzngrup.com.tr\/wp-content\/uploads\/2025\/06\/SIRNAK.png","datePublished":"2025-06-05T00:03:02+00:00","dateModified":"2025-06-11T08:34:54+00:00","description":"\u015e\u0131rnak - \u0130stanbul aras\u0131 size \u00f6zel Vip Transfer hizmetlerimiz ile adresten - adrese kolay ve l\u00fcks ula\u015f\u0131m\u0131 deneyimleyin. \u015eehirler aras\u0131 transferin en ekonomik yol","breadcrumb":{"@id":"https:\/\/www.vzngrup.com.tr\/urun\/sirnak-istanbul-transferi\/#breadcrumb"},"inLanguage":"ar","potentialAction":[{"@type":"ReadAction","target":["https:\/\/www.vzngrup.com.tr\/urun\/sirnak-istanbul-transferi\/"]}]},{"@type":"ImageObject","inLanguage":"ar","@id":"https:\/\/www.vzngrup.com.tr\/urun\/sirnak-istanbul-transferi\/#primaryimage","url":"https:\/\/www.vzngrup.com.tr\/wp-content\/uploads\/2025\/06\/SIRNAK.png","contentUrl":"https:\/\/www.vzngrup.com.tr\/wp-content\/uploads\/2025\/06\/SIRNAK.png","width":1000,"height":1000},{"@type":"BreadcrumbList","@id":"https:\/\/www.vzngrup.com.tr\/urun\/sirnak-istanbul-transferi\/#breadcrumb","itemListElement":[{"@type":"ListItem","position":1,"name":"Anasayfa","item":"https:\/\/www.vzngrup.com.tr\/"},{"@type":"ListItem","position":2,"name":"Shop","item":"https:\/\/www.vzngrup.com.tr\/it\/shop\/"},{"@type":"ListItem","position":3,"name":"\u015e\u0131rnak &#8211; \u0130stanbul Transferi"}]},{"@type":"WebSite","@id":"https:\/\/www.vzngrup.com.tr\/#website","url":"https:\/\/www.vzngrup.com.tr\/","name":"\u0645\u062c\u0645\u0648\u0639\u0629 VZN","description":"\u0627\u062c\u0639\u0644 \u0643\u0644 \u0644\u062d\u0638\u0629 \u0645\u0645\u064a\u0632\u0629!","publisher":{"@id":"https:\/\/www.vzngrup.com.tr\/#organization"},"potentialAction":[{"@type":"SearchAction","target":{"@type":"EntryPoint","urlTemplate":"https:\/\/www.vzngrup.com.tr\/?s={search_term_string}"},"query-input":{"@type":"PropertyValueSpecification","valueRequired":true,"valueName":"search_term_string"}}],"inLanguage":"ar"},{"@type":"Organization","@id":"https:\/\/www.vzngrup.com.tr\/#organization","name":"\u0645\u062c\u0645\u0648\u0639\u0629 VZN","url":"https:\/\/www.vzngrup.com.tr\/","logo":{"@type":"ImageObject","inLanguage":"ar","@id":"https:\/\/www.vzngrup.com.tr\/#\/schema\/logo\/image\/","url":"https:\/\/www.vzngrup.com.tr\/wp-content\/uploads\/2019\/06\/cropped-512x512-altin-logo.png","contentUrl":"https:\/\/www.vzngrup.com.tr\/wp-content\/uploads\/2019\/06\/cropped-512x512-altin-logo.png","width":512,"height":512,"caption":"VZN GRUP"},"image":{"@id":"https:\/\/www.vzngrup.com.tr\/#\/schema\/logo\/image\/"},"sameAs":["https:\/\/www.facebook.com\/vzngrup\/","https:\/\/x.com\/VznVito","https:\/\/vk.com\/id842151981","https:\/\/www.tripadvisor.com.tr\/Attraction_Review-g293974-d27724358-Reviews-VZN_GROUP-Istanbul.html","https:\/\/www.linkedin.com\/search\/results\/all\/?heroEntityKey=urnliorganization88964084&keywords=VZNGRUPTURZMYATIRIMA..&origin=ENTITY_SEARCH_HOME_HISTORY&sid=9ei","https:\/\/www.youtube.com\/@vzngrupturizmyatirima.s","https:\/\/www.instagram.com\/vzngrup\/"]}]}},"_links":{"self":[{"href":"https:\/\/www.vzngrup.com.tr\/ar\/wp-json\/wp\/v2\/product\/41944","targetHints":{"allow":["GET"]}}],"collection":[{"href":"https:\/\/www.vzngrup.com.tr\/ar\/wp-json\/wp\/v2\/product"}],"about":[{"href":"https:\/\/www.vzngrup.com.tr\/ar\/wp-json\/wp\/v2\/types\/product"}],"replies":[{"embeddable":true,"href":"https:\/\/www.vzngrup.com.tr\/ar\/wp-json\/wp\/v2\/comments?post=41944"}],"wp:featuredmedia":[{"embeddable":true,"href":"https:\/\/www.vzngrup.com.tr\/ar\/wp-json\/wp\/v2\/media\/41985"}],"wp:attachment":[{"href":"https:\/\/www.vzngrup.com.tr\/ar\/wp-json\/wp\/v2\/media?parent=41944"}],"wp:term":[{"taxonomy":"product_brand","embeddable":true,"href":"https:\/\/www.vzngrup.com.tr\/ar\/wp-json\/wp\/v2\/product_brand?post=41944"},{"taxonomy":"product_cat","embeddable":true,"href":"https:\/\/www.vzngrup.com.tr\/ar\/wp-json\/wp\/v2\/product_cat?post=41944"},{"taxonomy":"product_tag","embeddable":true,"href":"https:\/\/www.vzngrup.com.tr\/ar\/wp-json\/wp\/v2\/product_tag?post=41944"}],"curies":[{"name":"wp","href":"https:\/\/api.w.org\/{rel}","templated":true}]}}