{"id":41432,"date":"2025-06-04T22:50:17","date_gmt":"2025-06-04T22:50:17","guid":{"rendered":"https:\/\/www.vzngrup.online\/?post_type=product&#038;p=41432"},"modified":"2025-06-04T23:07:37","modified_gmt":"2025-06-04T23:07:37","slug":"rusca-rehberlik-hizmeti","status":"publish","type":"product","link":"https:\/\/www.vzngrup.com.tr\/ar\/product\/rusca-rehberlik-hizmeti\/","title":{"rendered":"\u062e\u062f\u0645\u0629 \u0627\u0644\u0625\u0631\u0634\u0627\u062f \u0627\u0644\u0631\u0648\u0633\u064a\u0629"},"content":{"rendered":"<p>T\u00fcrkiye&#8217;ye seyahatiniz s\u0131ras\u0131nda dil bariyerini ortadan kald\u0131rmak ve seyahatinizi muhte\u015fem k\u0131lmak i\u00e7in 8 saatlik profesyonel hizmet rehberlik hizmeti sunuyoruz. Deneyimli ve bilgili rehberlerimiz, T\u00fcrkiye&#8217;nin tarihi ve k\u00fclt\u00fcrel zenginliklerini ke\u015ffetmenize, yerel lezzetleri tatman\u0131za ve keyifli bir seyahat deneyimi ya\u015faman\u0131za yard\u0131mc\u0131 olacakt\u0131r.<\/p>\n<p data-sourcepos=\"20:1-20:34\"><strong>\u0644\u0645\u0627\u0630\u0627 \u064a\u062c\u0628 \u0639\u0644\u064a\u0643 \u0627\u062e\u062a\u064a\u0627\u0631\u0646\u0627:<\/strong><\/p>\n<ul data-sourcepos=\"22:1-26:0\">\n<li data-sourcepos=\"22:1-22:37\">\u0637\u0627\u0642\u0645 \u0625\u0631\u0634\u0627\u062f\u064a \u0630\u0648 \u062e\u0628\u0631\u0629 \u0648\u0645\u0639\u0631\u0641\u0629<\/li>\n<li data-sourcepos=\"23:1-23:46\">\u0646\u0647\u062c \u0627\u0644\u062e\u062f\u0645\u0629 \u064a\u0631\u0643\u0632 \u0639\u0644\u0649 \u0631\u0636\u0627 \u0627\u0644\u0639\u0645\u0644\u0627\u0621<\/li>\n<li data-sourcepos=\"24:1-24:42\">\u0628\u0631\u0627\u0645\u062c \u0633\u0641\u0631 \u0645\u0631\u0646\u0629 \u0648\u0634\u062e\u0635\u064a\u0629<\/li>\n<li data-sourcepos=\"24:1-24:42\">\u0623\u0633\u0639\u0627\u0631 \u062a\u0646\u0627\u0641\u0633\u064a\u0629<\/li>\n<\/ul>","protected":false},"excerpt":{"rendered":"<p>T\u00fcrkiye&#8217;de 8 Saatlik Profesyonel Rehberlik Hizmeti<\/p>","protected":false},"featured_media":41529,"comment_status":"open","ping_status":"closed","template":"","meta":{"_monsterinsights_skip_tracking":false,"_monsterinsights_sitenote_active":false,"_monsterinsights_sitenote_note":"","_monsterinsights_sitenote_category":0,"_uf_show_specific_survey":0,"_uf_disable_surveys":false},"product_brand":[],"product_cat":[561,699],"product_tag":[710,711,712,713,714,715,716,717,718,719],"class_list":{"0":"post-41432","1":"product","2":"type-product","3":"status-publish","4":"has-post-thumbnail","6":"product_cat-genel","7":"product_cat-rehberlik-hizmetleri","8":"product_tag-antalya-rusca-rehber","9":"product_tag-istanbul-rusca-rehber","10":"product_tag-kapadokya-rusca-rehber","11":"product_tag-rusca-konusan-rehber","12":"product_tag-rusca-ozel-turlar","13":"product_tag-rusca-rehber-rezervasyon","14":"product_tag-rusca-rehberlik-hizmeti","15":"product_tag-rusca-turlar-turkiye","16":"product_tag-turkiye-rusca-gezi","17":"product_tag-turkiye-rusca-rehber","20":"first","21":"instock","22":"sale","23":"taxable","24":"shipping-taxable","25":"purchasable","26":"product-type-simple"},"yoast_head":"<!-- This site is optimized with the Yoast SEO plugin v27.4 - https:\/\/yoast.com\/product\/yoast-seo-wordpress\/ -->\n<title>Rus\u00e7a Rehberlik Hizmeti - VZN GRUP<\/title>\n<meta name=\"description\" content=\"T\u00fcrkiye&#039;de Rus\u00e7a rehberlik hizmeti ile \u0130stanbul, Antalya, Kapadokya ve daha bir\u00e7ok destinasyonu ke\u015ffedin. Profesyonel Rus\u00e7a rehberlerimizle unutulmaz bir seyahat deneyimi ya\u015fay\u0131n. \u015eimdi rezervasyon yap\u0131n!\" \/>\n<meta name=\"robots\" content=\"index, follow, max-snippet:-1, max-image-preview:large, max-video-preview:-1\" \/>\n<link rel=\"canonical\" href=\"https:\/\/www.vzngrup.com.tr\/ar\/product\/rusca-rehberlik-hizmeti\/\" \/>\n<meta property=\"og:locale\" content=\"ar_AR\" \/>\n<meta property=\"og:type\" content=\"article\" \/>\n<meta property=\"og:title\" content=\"Rus\u00e7a Rehberlik Hizmeti - VZN GRUP\" \/>\n<meta property=\"og:description\" content=\"T\u00fcrkiye&#039;de Rus\u00e7a rehberlik hizmeti ile \u0130stanbul, Antalya, Kapadokya ve daha bir\u00e7ok destinasyonu ke\u015ffedin. Profesyonel Rus\u00e7a rehberlerimizle unutulmaz bir seyahat deneyimi ya\u015fay\u0131n. \u015eimdi rezervasyon yap\u0131n!\" \/>\n<meta property=\"og:url\" content=\"https:\/\/www.vzngrup.com.tr\/ar\/product\/rusca-rehberlik-hizmeti\/\" \/>\n<meta property=\"og:site_name\" content=\"VZN GRUP\" \/>\n<meta property=\"article:publisher\" content=\"https:\/\/www.facebook.com\/vzngrup\/\" \/>\n<meta property=\"article:modified_time\" content=\"2025-06-04T23:07:37+00:00\" \/>\n<meta property=\"og:image\" content=\"https:\/\/www.vzngrup.com.tr\/wp-content\/uploads\/2025\/06\/Rusya-Bayragi.png\" \/>\n\t<meta property=\"og:image:width\" content=\"1000\" \/>\n\t<meta property=\"og:image:height\" content=\"1000\" \/>\n\t<meta property=\"og:image:type\" content=\"image\/png\" \/>\n<meta name=\"twitter:card\" content=\"summary_large_image\" \/>\n<meta name=\"twitter:site\" content=\"@VznVito\" \/>\n<meta name=\"twitter:label1\" content=\"\u0648\u0642\u062a \u0627\u0644\u0642\u0631\u0627\u0621\u0629 \u0627\u0644\u0645\u064f\u0642\u062f\u0651\u0631\" \/>\n\t<meta name=\"twitter:data1\" content=\"\u062f\u0642\u064a\u0642\u0629 \u0648\u0627\u062d\u062f\u0629\" \/>\n<script type=\"application\/ld+json\" class=\"yoast-schema-graph\">{\"@context\":\"https:\\\/\\\/schema.org\",\"@graph\":[{\"@type\":\"WebPage\",\"@id\":\"https:\\\/\\\/www.vzngrup.com.tr\\\/urun\\\/rusca-rehberlik-hizmeti\\\/\",\"url\":\"https:\\\/\\\/www.vzngrup.com.tr\\\/urun\\\/rusca-rehberlik-hizmeti\\\/\",\"name\":\"Rus\u00e7a Rehberlik Hizmeti - VZN GRUP\",\"isPartOf\":{\"@id\":\"https:\\\/\\\/www.vzngrup.com.tr\\\/#website\"},\"primaryImageOfPage\":{\"@id\":\"https:\\\/\\\/www.vzngrup.com.tr\\\/urun\\\/rusca-rehberlik-hizmeti\\\/#primaryimage\"},\"image\":{\"@id\":\"https:\\\/\\\/www.vzngrup.com.tr\\\/urun\\\/rusca-rehberlik-hizmeti\\\/#primaryimage\"},\"thumbnailUrl\":\"https:\\\/\\\/www.vzngrup.com.tr\\\/wp-content\\\/uploads\\\/2025\\\/06\\\/Rusya-Bayragi.png\",\"datePublished\":\"2025-06-04T22:50:17+00:00\",\"dateModified\":\"2025-06-04T23:07:37+00:00\",\"description\":\"T\u00fcrkiye'de Rus\u00e7a rehberlik hizmeti ile \u0130stanbul, Antalya, Kapadokya ve daha bir\u00e7ok destinasyonu ke\u015ffedin. Profesyonel Rus\u00e7a rehberlerimizle unutulmaz bir seyahat deneyimi ya\u015fay\u0131n. \u015eimdi rezervasyon yap\u0131n!\",\"breadcrumb\":{\"@id\":\"https:\\\/\\\/www.vzngrup.com.tr\\\/urun\\\/rusca-rehberlik-hizmeti\\\/#breadcrumb\"},\"inLanguage\":\"ar\",\"potentialAction\":[{\"@type\":\"ReadAction\",\"target\":[\"https:\\\/\\\/www.vzngrup.com.tr\\\/urun\\\/rusca-rehberlik-hizmeti\\\/\"]}]},{\"@type\":\"ImageObject\",\"inLanguage\":\"ar\",\"@id\":\"https:\\\/\\\/www.vzngrup.com.tr\\\/urun\\\/rusca-rehberlik-hizmeti\\\/#primaryimage\",\"url\":\"https:\\\/\\\/www.vzngrup.com.tr\\\/wp-content\\\/uploads\\\/2025\\\/06\\\/Rusya-Bayragi.png\",\"contentUrl\":\"https:\\\/\\\/www.vzngrup.com.tr\\\/wp-content\\\/uploads\\\/2025\\\/06\\\/Rusya-Bayragi.png\",\"width\":1000,\"height\":1000},{\"@type\":\"BreadcrumbList\",\"@id\":\"https:\\\/\\\/www.vzngrup.com.tr\\\/urun\\\/rusca-rehberlik-hizmeti\\\/#breadcrumb\",\"itemListElement\":[{\"@type\":\"ListItem\",\"position\":1,\"name\":\"Anasayfa\",\"item\":\"https:\\\/\\\/www.vzngrup.com.tr\\\/\"},{\"@type\":\"ListItem\",\"position\":2,\"name\":\"Shop\",\"item\":\"https:\\\/\\\/www.vzngrup.com.tr\\\/it\\\/shop\\\/\"},{\"@type\":\"ListItem\",\"position\":3,\"name\":\"Rus\u00e7a Rehberlik Hizmeti\"}]},{\"@type\":\"WebSite\",\"@id\":\"https:\\\/\\\/www.vzngrup.com.tr\\\/#website\",\"url\":\"https:\\\/\\\/www.vzngrup.com.tr\\\/\",\"name\":\"VZN GRUP\",\"description\":\"Her An\u0131 \u00f6zel K\u0131l\u0131n.!\",\"publisher\":{\"@id\":\"https:\\\/\\\/www.vzngrup.com.tr\\\/#organization\"},\"potentialAction\":[{\"@type\":\"SearchAction\",\"target\":{\"@type\":\"EntryPoint\",\"urlTemplate\":\"https:\\\/\\\/www.vzngrup.com.tr\\\/?s={search_term_string}\"},\"query-input\":{\"@type\":\"PropertyValueSpecification\",\"valueRequired\":true,\"valueName\":\"search_term_string\"}}],\"inLanguage\":\"ar\"},{\"@type\":\"Organization\",\"@id\":\"https:\\\/\\\/www.vzngrup.com.tr\\\/#organization\",\"name\":\"VZN GRUP\",\"url\":\"https:\\\/\\\/www.vzngrup.com.tr\\\/\",\"logo\":{\"@type\":\"ImageObject\",\"inLanguage\":\"ar\",\"@id\":\"https:\\\/\\\/www.vzngrup.com.tr\\\/#\\\/schema\\\/logo\\\/image\\\/\",\"url\":\"https:\\\/\\\/www.vzngrup.com.tr\\\/wp-content\\\/uploads\\\/2019\\\/06\\\/cropped-512x512-altin-logo.png\",\"contentUrl\":\"https:\\\/\\\/www.vzngrup.com.tr\\\/wp-content\\\/uploads\\\/2019\\\/06\\\/cropped-512x512-altin-logo.png\",\"width\":512,\"height\":512,\"caption\":\"VZN GRUP\"},\"image\":{\"@id\":\"https:\\\/\\\/www.vzngrup.com.tr\\\/#\\\/schema\\\/logo\\\/image\\\/\"},\"sameAs\":[\"https:\\\/\\\/www.facebook.com\\\/vzngrup\\\/\",\"https:\\\/\\\/x.com\\\/VznVito\",\"https:\\\/\\\/vk.com\\\/id842151981\",\"https:\\\/\\\/www.tripadvisor.com.tr\\\/Attraction_Review-g293974-d27724358-Reviews-VZN_GROUP-Istanbul.html\",\"https:\\\/\\\/www.linkedin.com\\\/search\\\/results\\\/all\\\/?heroEntityKey=urnliorganization88964084&keywords=VZNGRUPTURZMYATIRIMA..&origin=ENTITY_SEARCH_HOME_HISTORY&sid=9ei\",\"https:\\\/\\\/www.youtube.com\\\/@vzngrupturizmyatirima.s\",\"https:\\\/\\\/www.instagram.com\\\/vzngrup\\\/\"]}]}<\/script>\n<!-- \/ Yoast SEO plugin. -->","yoast_head_json":{"title":"Rus\u00e7a Rehberlik Hizmeti - VZN GRUP","description":"T\u00fcrkiye'de Rus\u00e7a rehberlik hizmeti ile \u0130stanbul, Antalya, Kapadokya ve daha bir\u00e7ok destinasyonu ke\u015ffedin. Profesyonel Rus\u00e7a rehberlerimizle unutulmaz bir seyahat deneyimi ya\u015fay\u0131n. \u015eimdi rezervasyon yap\u0131n!","robots":{"index":"index","follow":"follow","max-snippet":"max-snippet:-1","max-image-preview":"max-image-preview:large","max-video-preview":"max-video-preview:-1"},"canonical":"https:\/\/www.vzngrup.com.tr\/ar\/product\/rusca-rehberlik-hizmeti\/","og_locale":"ar_AR","og_type":"article","og_title":"Rus\u00e7a Rehberlik Hizmeti - VZN GRUP","og_description":"T\u00fcrkiye'de Rus\u00e7a rehberlik hizmeti ile \u0130stanbul, Antalya, Kapadokya ve daha bir\u00e7ok destinasyonu ke\u015ffedin. Profesyonel Rus\u00e7a rehberlerimizle unutulmaz bir seyahat deneyimi ya\u015fay\u0131n. \u015eimdi rezervasyon yap\u0131n!","og_url":"https:\/\/www.vzngrup.com.tr\/ar\/product\/rusca-rehberlik-hizmeti\/","og_site_name":"VZN GRUP","article_publisher":"https:\/\/www.facebook.com\/vzngrup\/","article_modified_time":"2025-06-04T23:07:37+00:00","og_image":[{"width":1000,"height":1000,"url":"https:\/\/www.vzngrup.com.tr\/wp-content\/uploads\/2025\/06\/Rusya-Bayragi.png","type":"image\/png"}],"twitter_card":"summary_large_image","twitter_site":"@VznVito","twitter_misc":{"\u0648\u0642\u062a \u0627\u0644\u0642\u0631\u0627\u0621\u0629 \u0627\u0644\u0645\u064f\u0642\u062f\u0651\u0631":"\u062f\u0642\u064a\u0642\u0629 \u0648\u0627\u062d\u062f\u0629"},"schema":{"@context":"https:\/\/schema.org","@graph":[{"@type":"WebPage","@id":"https:\/\/www.vzngrup.com.tr\/urun\/rusca-rehberlik-hizmeti\/","url":"https:\/\/www.vzngrup.com.tr\/urun\/rusca-rehberlik-hizmeti\/","name":"Rus\u00e7a Rehberlik Hizmeti - VZN GRUP","isPartOf":{"@id":"https:\/\/www.vzngrup.com.tr\/#website"},"primaryImageOfPage":{"@id":"https:\/\/www.vzngrup.com.tr\/urun\/rusca-rehberlik-hizmeti\/#primaryimage"},"image":{"@id":"https:\/\/www.vzngrup.com.tr\/urun\/rusca-rehberlik-hizmeti\/#primaryimage"},"thumbnailUrl":"https:\/\/www.vzngrup.com.tr\/wp-content\/uploads\/2025\/06\/Rusya-Bayragi.png","datePublished":"2025-06-04T22:50:17+00:00","dateModified":"2025-06-04T23:07:37+00:00","description":"T\u00fcrkiye'de Rus\u00e7a rehberlik hizmeti ile \u0130stanbul, Antalya, Kapadokya ve daha bir\u00e7ok destinasyonu ke\u015ffedin. Profesyonel Rus\u00e7a rehberlerimizle unutulmaz bir seyahat deneyimi ya\u015fay\u0131n. \u015eimdi rezervasyon yap\u0131n!","breadcrumb":{"@id":"https:\/\/www.vzngrup.com.tr\/urun\/rusca-rehberlik-hizmeti\/#breadcrumb"},"inLanguage":"ar","potentialAction":[{"@type":"ReadAction","target":["https:\/\/www.vzngrup.com.tr\/urun\/rusca-rehberlik-hizmeti\/"]}]},{"@type":"ImageObject","inLanguage":"ar","@id":"https:\/\/www.vzngrup.com.tr\/urun\/rusca-rehberlik-hizmeti\/#primaryimage","url":"https:\/\/www.vzngrup.com.tr\/wp-content\/uploads\/2025\/06\/Rusya-Bayragi.png","contentUrl":"https:\/\/www.vzngrup.com.tr\/wp-content\/uploads\/2025\/06\/Rusya-Bayragi.png","width":1000,"height":1000},{"@type":"BreadcrumbList","@id":"https:\/\/www.vzngrup.com.tr\/urun\/rusca-rehberlik-hizmeti\/#breadcrumb","itemListElement":[{"@type":"ListItem","position":1,"name":"Anasayfa","item":"https:\/\/www.vzngrup.com.tr\/"},{"@type":"ListItem","position":2,"name":"Shop","item":"https:\/\/www.vzngrup.com.tr\/it\/shop\/"},{"@type":"ListItem","position":3,"name":"Rus\u00e7a Rehberlik Hizmeti"}]},{"@type":"WebSite","@id":"https:\/\/www.vzngrup.com.tr\/#website","url":"https:\/\/www.vzngrup.com.tr\/","name":"\u0645\u062c\u0645\u0648\u0639\u0629 VZN","description":"\u0627\u062c\u0639\u0644 \u0643\u0644 \u0644\u062d\u0638\u0629 \u0645\u0645\u064a\u0632\u0629!","publisher":{"@id":"https:\/\/www.vzngrup.com.tr\/#organization"},"potentialAction":[{"@type":"SearchAction","target":{"@type":"EntryPoint","urlTemplate":"https:\/\/www.vzngrup.com.tr\/?s={search_term_string}"},"query-input":{"@type":"PropertyValueSpecification","valueRequired":true,"valueName":"search_term_string"}}],"inLanguage":"ar"},{"@type":"Organization","@id":"https:\/\/www.vzngrup.com.tr\/#organization","name":"\u0645\u062c\u0645\u0648\u0639\u0629 VZN","url":"https:\/\/www.vzngrup.com.tr\/","logo":{"@type":"ImageObject","inLanguage":"ar","@id":"https:\/\/www.vzngrup.com.tr\/#\/schema\/logo\/image\/","url":"https:\/\/www.vzngrup.com.tr\/wp-content\/uploads\/2019\/06\/cropped-512x512-altin-logo.png","contentUrl":"https:\/\/www.vzngrup.com.tr\/wp-content\/uploads\/2019\/06\/cropped-512x512-altin-logo.png","width":512,"height":512,"caption":"VZN GRUP"},"image":{"@id":"https:\/\/www.vzngrup.com.tr\/#\/schema\/logo\/image\/"},"sameAs":["https:\/\/www.facebook.com\/vzngrup\/","https:\/\/x.com\/VznVito","https:\/\/vk.com\/id842151981","https:\/\/www.tripadvisor.com.tr\/Attraction_Review-g293974-d27724358-Reviews-VZN_GROUP-Istanbul.html","https:\/\/www.linkedin.com\/search\/results\/all\/?heroEntityKey=urnliorganization88964084&keywords=VZNGRUPTURZMYATIRIMA..&origin=ENTITY_SEARCH_HOME_HISTORY&sid=9ei","https:\/\/www.youtube.com\/@vzngrupturizmyatirima.s","https:\/\/www.instagram.com\/vzngrup\/"]}]}},"_links":{"self":[{"href":"https:\/\/www.vzngrup.com.tr\/ar\/wp-json\/wp\/v2\/product\/41432","targetHints":{"allow":["GET"]}}],"collection":[{"href":"https:\/\/www.vzngrup.com.tr\/ar\/wp-json\/wp\/v2\/product"}],"about":[{"href":"https:\/\/www.vzngrup.com.tr\/ar\/wp-json\/wp\/v2\/types\/product"}],"replies":[{"embeddable":true,"href":"https:\/\/www.vzngrup.com.tr\/ar\/wp-json\/wp\/v2\/comments?post=41432"}],"wp:featuredmedia":[{"embeddable":true,"href":"https:\/\/www.vzngrup.com.tr\/ar\/wp-json\/wp\/v2\/media\/41529"}],"wp:attachment":[{"href":"https:\/\/www.vzngrup.com.tr\/ar\/wp-json\/wp\/v2\/media?parent=41432"}],"wp:term":[{"taxonomy":"product_brand","embeddable":true,"href":"https:\/\/www.vzngrup.com.tr\/ar\/wp-json\/wp\/v2\/product_brand?post=41432"},{"taxonomy":"product_cat","embeddable":true,"href":"https:\/\/www.vzngrup.com.tr\/ar\/wp-json\/wp\/v2\/product_cat?post=41432"},{"taxonomy":"product_tag","embeddable":true,"href":"https:\/\/www.vzngrup.com.tr\/ar\/wp-json\/wp\/v2\/product_tag?post=41432"}],"curies":[{"name":"wp","href":"https:\/\/api.w.org\/{rel}","templated":true}]}}